{"id":7257,"date":"2025-01-06T18:05:54","date_gmt":"2025-01-06T18:05:54","guid":{"rendered":"https:\/\/filatelia.cuentista.es\/product\/pliego-hungria-1984-50-valores-buhos-2-florines"},"modified":"2025-01-06T18:05:58","modified_gmt":"2025-01-06T18:05:58","slug":"pliego-hungria-1984-50-valores-buhos-2-florines","status":"publish","type":"product","link":"https:\/\/filatelia.cuentista.es\/en\/product\/pliego-hungria-1984-50-valores-buhos-2-florines","title":{"rendered":"Pliego Hungr\u00eda 1984 &#8211; 50 Valores &#8211; B\u00fahos  &#8211; 2 Florines"},"content":{"rendered":"<p>Tawny Owl (Strix aluco)<\/p>\n<p><img class=\"size-full\"><\/p>\n<p>Pa\u00eds:<\/p>\n<p>Hungr\u00eda<\/p>\n<p>Serie:<\/p>\n<p>Owls (1984)<\/p>\n<p>C\u00f3digo de cat\u00e1logo:<\/p>\n<p>Michel HU 3728A<\/p>\n<p>Stamp Number HU 2889<\/p>\n<p>Yvert et Tellier HU 2954<\/p>\n<p>Stanley Gibbons HU 3602<\/p>\n<p>AFA n\u00famero HU 3605<\/p>\n<p>Cat\u00e1logo Philatelia Hungarica HU 3682<\/p>\n<p>Variantes:<\/p>\n<p>Click para ver variantes<\/p>\n<p>Temas:<\/p>\n<p>Animales (Fauna) | Aves | Aves Rapaces| B\u00fahos<\/p>\n<p>Fecha emisi\u00f3n:<\/p>\n<p>1984-12-28<\/p>\n<p>Tama\u00f1o:<\/p>\n<p>29 x 40 mm<\/p>\n<p>Colores:<\/p>\n<p>Multicolor<\/p>\n<p>Formato:<\/p>\n<p>Sello<\/p>\n<p>Emisi\u00f3n:<\/p>\n<p>Conmemorativo<\/p>\n<p>Perforaci\u00f3n:<\/p>\n<p>peine11\u00bd<\/p>\n<p>Impresi\u00f3n:<\/p>\n<p>Fotograbado y Rebaje<\/p>\n<p>Valor facial:<\/p>\n<p>2 Ft &#8211; Flor\u00edn h\u00fangaro<\/p>\n<p>Tiraje:<\/p>\n<p>438.108<\/p>\n<p><a href=\"https:\/\/colnect.com\/stamps\/stamp\/181101\">https:\/\/colnect.com\/stamps\/stamp\/181101<\/a><\/p>","protected":false},"excerpt":{"rendered":"<p>Tawny Owl (Strix aluco) Pa\u00eds: Hungr\u00eda Serie: Owls (1984) C\u00f3digo de cat\u00e1logo: Michel HU 3728A Stamp Number HU 2889 Yvert et Tellier HU 2954 Stanley Gibbons HU 3602 AFA n\u00famero HU 3605 Cat\u00e1logo Philatelia Hungarica HU 3682 Variantes: Click para ver variantes Temas: Animales (Fauna) | Aves | Aves Rapaces| B\u00fahos Fecha emisi\u00f3n: 1984-12-28 Tama\u00f1o: &hellip;<\/p>\n<p class=\"read-more\"> <a class=\"thunk-readmore button\" href=\"https:\/\/filatelia.cuentista.es\/en\/product\/pliego-hungria-1984-50-valores-buhos-2-florines\"> <span class=\"screen-reader-text\">Pliego Hungr\u00eda 1984 &#8211; 50 Valores &#8211; B\u00fahos  &#8211; 2 Florines<\/span>Read More<\/a><\/p>","protected":false},"featured_media":7256,"comment_status":"open","ping_status":"closed","template":"","meta":{"_acf_changed":false},"product_brand":[],"product_cat":[1394,1585,660,1514,20],"product_tag":[],"class_list":{"0":"post-7257","1":"product","2":"type-product","3":"status-publish","4":"has-post-thumbnail","6":"product_cat-cinderella-stamp","7":"product_cat-hungria","8":"product_cat-pliego","9":"product_cat-sello-nuevo-cancelado","10":"product_cat-sellos-usados","11":"thunk-woo-product-list","12":"opn-qv-enable","13":"open-woo-hover-zoom","14":"open-single-product-tab-horizontal","15":"open-shadow-","16":"open-shadow-hover-","18":"first","19":"instock","20":"shipping-taxable","21":"purchasable","22":"product-type-simple"},"acf":[],"jetpack_sharing_enabled":true,"_links":{"self":[{"href":"https:\/\/filatelia.cuentista.es\/en\/wp-json\/wp\/v2\/product\/7257","targetHints":{"allow":["GET"]}}],"collection":[{"href":"https:\/\/filatelia.cuentista.es\/en\/wp-json\/wp\/v2\/product"}],"about":[{"href":"https:\/\/filatelia.cuentista.es\/en\/wp-json\/wp\/v2\/types\/product"}],"replies":[{"embeddable":true,"href":"https:\/\/filatelia.cuentista.es\/en\/wp-json\/wp\/v2\/comments?post=7257"}],"wp:featuredmedia":[{"embeddable":true,"href":"https:\/\/filatelia.cuentista.es\/en\/wp-json\/wp\/v2\/media\/7256"}],"wp:attachment":[{"href":"https:\/\/filatelia.cuentista.es\/en\/wp-json\/wp\/v2\/media?parent=7257"}],"wp:term":[{"taxonomy":"product_brand","embeddable":true,"href":"https:\/\/filatelia.cuentista.es\/en\/wp-json\/wp\/v2\/product_brand?post=7257"},{"taxonomy":"product_cat","embeddable":true,"href":"https:\/\/filatelia.cuentista.es\/en\/wp-json\/wp\/v2\/product_cat?post=7257"},{"taxonomy":"product_tag","embeddable":true,"href":"https:\/\/filatelia.cuentista.es\/en\/wp-json\/wp\/v2\/product_tag?post=7257"}],"curies":[{"name":"wp","href":"https:\/\/api.w.org\/{rel}","templated":true}]}}