{"id":7250,"date":"2025-01-06T17:53:00","date_gmt":"2025-01-06T17:53:00","guid":{"rendered":"https:\/\/filatelia.cuentista.es\/product\/bloque-hungria-1951-10-valores-educacion-de-trabajadores-30-filler"},"modified":"2025-01-06T17:53:03","modified_gmt":"2025-01-06T17:53:03","slug":"bloque-hungria-1951-10-valores-educacion-de-trabajadores-30-filler","status":"publish","type":"product","link":"https:\/\/filatelia.cuentista.es\/en\/product\/bloque-hungria-1951-10-valores-educacion-de-trabajadores-30-filler","title":{"rendered":"Bloque Hungr\u00eda 1951 &#8211; 10 Valores &#8211; Educaci\u00f3n de Trabajadores &#8211; 30 Filler"},"content":{"rendered":"<p>Education of labourers, wmk. 13<\/p>\n<p><img class=\"size-full\"><img class=\"size-full\"><\/p>\n<p>Pa\u00eds:<\/p>\n<p>Hungr\u00eda<\/p>\n<p>Serie:<\/p>\n<p>Five-year Plan<\/p>\n<p>C\u00f3digo de cat\u00e1logo:<\/p>\n<p>Cat\u00e1logo Philatelia Hungarica HU 1276XIIIA<\/p>\n<p>Variantes:<\/p>\n<p>Click para ver variantes<\/p>\n<p>Temas:<\/p>\n<p>Educaci\u00f3n<\/p>\n<p>Fecha emisi\u00f3n:<\/p>\n<p>1951<\/p>\n<p>Tama\u00f1o:<\/p>\n<p>37 x 26 mm<\/p>\n<p>Colores:<\/p>\n<p>Lila<\/p>\n<p>Marca de agua:<\/p>\n<p>Estrella de Hungr\u00eda M\u00faltiple Tipo 2 [Up]<\/p>\n<p>Dise\u00f1adores:<\/p>\n<p>L\u00e9gr\u00e1dy S\u00e1ndor<\/p>\n<p>Formato:<\/p>\n<p>Sello<\/p>\n<p>Emisi\u00f3n:<\/p>\n<p>Definitivo<\/p>\n<p>Perforaci\u00f3n:<\/p>\n<p>peine12 x 12\u00bd<\/p>\n<p>Impresi\u00f3n:<\/p>\n<p>Fotograbado<\/p>\n<p>Valor facial:<\/p>\n<p>30 fi &#8211; Fill\u00e9r h\u00fangaro<\/p>\n<p><a href=\"https:\/\/colnect.com\/stamps\/stamp\/1015625\">https:\/\/colnect.com\/stamps\/stamp\/1015625<\/a><\/p>\n","protected":false},"excerpt":{"rendered":"<p>Education of labourers, wmk. 13 Pa\u00eds: Hungr\u00eda Serie: Five-year Plan C\u00f3digo de cat\u00e1logo: Cat\u00e1logo Philatelia Hungarica HU 1276XIIIA Variantes: Click para ver variantes Temas: Educaci\u00f3n Fecha emisi\u00f3n: 1951 Tama\u00f1o: 37 x 26 mm Colores: Lila Marca de agua: Estrella de Hungr\u00eda M\u00faltiple Tipo 2 [Up] Dise\u00f1adores: L\u00e9gr\u00e1dy S\u00e1ndor Formato: Sello Emisi\u00f3n: Definitivo Perforaci\u00f3n: peine12 x &hellip;<\/p>\n<p class=\"read-more\"> <a class=\" thunk-readmore button \" href=\"https:\/\/filatelia.cuentista.es\/en\/product\/bloque-hungria-1951-10-valores-educacion-de-trabajadores-30-filler\"> <span class=\"screen-reader-text\">Bloque Hungr\u00eda 1951 &#8211; 10 Valores &#8211; Educaci\u00f3n de Trabajadores &#8211; 30 Filler<\/span>Read More<\/a><\/p>\n","protected":false},"featured_media":7249,"comment_status":"open","ping_status":"closed","template":"","meta":{"_acf_changed":false},"product_brand":[],"product_cat":[745,1585,20],"product_tag":[],"class_list":{"0":"post-7250","1":"product","2":"type-product","3":"status-publish","4":"has-post-thumbnail","6":"product_cat-bloque-pliego","7":"product_cat-hungria","8":"product_cat-sellos-usados","9":"thunk-woo-product-list","10":"opn-qv-enable","11":"open-woo-hover-zoom","12":"open-single-product-tab-horizontal","13":"open-shadow-","14":"open-shadow-hover-","16":"first","17":"instock","18":"shipping-taxable","19":"purchasable","20":"product-type-simple"},"acf":[],"jetpack_sharing_enabled":true,"_links":{"self":[{"href":"https:\/\/filatelia.cuentista.es\/en\/wp-json\/wp\/v2\/product\/7250","targetHints":{"allow":["GET"]}}],"collection":[{"href":"https:\/\/filatelia.cuentista.es\/en\/wp-json\/wp\/v2\/product"}],"about":[{"href":"https:\/\/filatelia.cuentista.es\/en\/wp-json\/wp\/v2\/types\/product"}],"replies":[{"embeddable":true,"href":"https:\/\/filatelia.cuentista.es\/en\/wp-json\/wp\/v2\/comments?post=7250"}],"wp:featuredmedia":[{"embeddable":true,"href":"https:\/\/filatelia.cuentista.es\/en\/wp-json\/wp\/v2\/media\/7249"}],"wp:attachment":[{"href":"https:\/\/filatelia.cuentista.es\/en\/wp-json\/wp\/v2\/media?parent=7250"}],"wp:term":[{"taxonomy":"product_brand","embeddable":true,"href":"https:\/\/filatelia.cuentista.es\/en\/wp-json\/wp\/v2\/product_brand?post=7250"},{"taxonomy":"product_cat","embeddable":true,"href":"https:\/\/filatelia.cuentista.es\/en\/wp-json\/wp\/v2\/product_cat?post=7250"},{"taxonomy":"product_tag","embeddable":true,"href":"https:\/\/filatelia.cuentista.es\/en\/wp-json\/wp\/v2\/product_tag?post=7250"}],"curies":[{"name":"wp","href":"https:\/\/api.w.org\/{rel}","templated":true}]}}