{"id":7246,"date":"2025-01-06T17:43:59","date_gmt":"2025-01-06T17:43:59","guid":{"rendered":"https:\/\/filatelia.cuentista.es\/?post_type=product&#038;p=7246"},"modified":"2025-02-15T11:14:44","modified_gmt":"2025-02-15T11:14:44","slug":"semi-pliego-hungria-1971-20-valores-flores-cactus-120-florines-usado-2-2-2-2","status":"publish","type":"product","link":"https:\/\/filatelia.cuentista.es\/en\/product\/semi-pliego-hungria-1971-20-valores-flores-cactus-120-florines-usado-2-2-2-2","title":{"rendered":"Semi pliego Hungr\u00eda 1971 &#8211; 20 Valores &#8211; Flores : Waldstenia &#8211; 40 Filler Usado"},"content":{"rendered":"<p>Josef Jacob Winterl and Waldsteinia geoides<\/p>\n<p><img class=\"size-full\"><\/p>\n<p>Pa\u00eds:<\/p>\n<p>Hungr\u00eda<\/p>\n<p>Serie:<\/p>\n<p>200th Anniversary University of Budapest Botanical Garden<\/p>\n<p>C\u00f3digo de cat\u00e1logo:<\/p>\n<p>Michel HU 2695A<\/p>\n<p>Stamp Number HU 2089<\/p>\n<p>Yvert et Tellier HU 2177<\/p>\n<p>Stanley Gibbons HU 2612<\/p>\n<p>AFA n\u00famero HU 2631<\/p>\n<p>Cat\u00e1logo Philatelia Hungarica HU 2714<\/p>\n<p>Variantes:<\/p>\n<p>Click para ver variantes<\/p>\n<p>Temas:<\/p>\n<p>Aniversarios y Jubileos | Bot\u00e1nica | Flores | Plantas (Flora)<\/p>\n<p>Fecha emisi\u00f3n:<\/p>\n<p>1971-10-29<\/p>\n<p>Tama\u00f1o:<\/p>\n<p>51 x 41 mm<\/p>\n<p>Colores:<\/p>\n<p>Multicolor<\/p>\n<p>Formato:<\/p>\n<p>Sello<\/p>\n<p>Emisi\u00f3n:<\/p>\n<p>Conmemorativo<\/p>\n<p>Perforaci\u00f3n:<\/p>\n<p>peine12<\/p>\n<p>Impresi\u00f3n:<\/p>\n<p>Litograf\u00eda offset<\/p>\n<p>Valor facial:<\/p>\n<p>40 fi &#8211; Fill\u00e9r h\u00fangaro<\/p>\n<p>Tiraje:<\/p>\n<p>650.000<\/p>\n<p><a href=\"https:\/\/colnect.com\/stamps\/stamp\/175958\">https:\/\/colnect.com\/stamps\/stamp\/175958<\/a><\/p>","protected":false},"excerpt":{"rendered":"<p>Josef Jacob Winterl and Waldsteinia geoides Pa\u00eds: Hungr\u00eda Serie: 200th Anniversary University of Budapest Botanical Garden C\u00f3digo de cat\u00e1logo: Michel HU 2695A Stamp Number HU 2089 Yvert et Tellier HU 2177 Stanley Gibbons HU 2612 AFA n\u00famero HU 2631 Cat\u00e1logo Philatelia Hungarica HU 2714 Variantes: Click para ver variantes Temas: Aniversarios y Jubileos | Bot\u00e1nica &hellip;<\/p>\n<p class=\"read-more\"> <a class=\"thunk-readmore button\" href=\"https:\/\/filatelia.cuentista.es\/en\/product\/semi-pliego-hungria-1971-20-valores-flores-cactus-120-florines-usado-2-2-2-2\"> <span class=\"screen-reader-text\">Semi pliego Hungr\u00eda 1971 &#8211; 20 Valores &#8211; Flores : Waldstenia &#8211; 40 Filler Usado<\/span>Read More<\/a><\/p>","protected":false},"featured_media":7248,"comment_status":"open","ping_status":"closed","template":"","meta":{"_acf_changed":false},"product_brand":[],"product_cat":[1394,1585,660,1514,20],"product_tag":[],"class_list":{"0":"post-7246","1":"product","2":"type-product","3":"status-publish","4":"has-post-thumbnail","6":"product_cat-cinderella-stamp","7":"product_cat-hungria","8":"product_cat-pliego","9":"product_cat-sello-nuevo-cancelado","10":"product_cat-sellos-usados","11":"thunk-woo-product-list","12":"opn-qv-enable","13":"open-woo-hover-zoom","14":"open-single-product-tab-horizontal","15":"open-shadow-","16":"open-shadow-hover-","18":"first","19":"instock","20":"shipping-taxable","21":"purchasable","22":"product-type-simple"},"acf":[],"jetpack_sharing_enabled":true,"_links":{"self":[{"href":"https:\/\/filatelia.cuentista.es\/en\/wp-json\/wp\/v2\/product\/7246","targetHints":{"allow":["GET"]}}],"collection":[{"href":"https:\/\/filatelia.cuentista.es\/en\/wp-json\/wp\/v2\/product"}],"about":[{"href":"https:\/\/filatelia.cuentista.es\/en\/wp-json\/wp\/v2\/types\/product"}],"replies":[{"embeddable":true,"href":"https:\/\/filatelia.cuentista.es\/en\/wp-json\/wp\/v2\/comments?post=7246"}],"wp:featuredmedia":[{"embeddable":true,"href":"https:\/\/filatelia.cuentista.es\/en\/wp-json\/wp\/v2\/media\/7248"}],"wp:attachment":[{"href":"https:\/\/filatelia.cuentista.es\/en\/wp-json\/wp\/v2\/media?parent=7246"}],"wp:term":[{"taxonomy":"product_brand","embeddable":true,"href":"https:\/\/filatelia.cuentista.es\/en\/wp-json\/wp\/v2\/product_brand?post=7246"},{"taxonomy":"product_cat","embeddable":true,"href":"https:\/\/filatelia.cuentista.es\/en\/wp-json\/wp\/v2\/product_cat?post=7246"},{"taxonomy":"product_tag","embeddable":true,"href":"https:\/\/filatelia.cuentista.es\/en\/wp-json\/wp\/v2\/product_tag?post=7246"}],"curies":[{"name":"wp","href":"https:\/\/api.w.org\/{rel}","templated":true}]}}