{"id":7210,"date":"2025-01-06T09:17:26","date_gmt":"2025-01-06T09:17:26","guid":{"rendered":"https:\/\/filatelia.cuentista.es\/?post_type=product&#038;p=7210"},"modified":"2025-02-15T11:17:20","modified_gmt":"2025-02-15T11:17:20","slug":"semipliego-hungria-1983-fauna-aguila-imperial-25-valores-1-florin-usado-2-2-2-2-2-2-2-2-2-2-2-2-2-2-2-2-2-2-2-2-2","status":"publish","type":"product","link":"https:\/\/filatelia.cuentista.es\/en\/product\/semipliego-hungria-1983-fauna-aguila-imperial-25-valores-1-florin-usado-2-2-2-2-2-2-2-2-2-2-2-2-2-2-2-2-2-2-2-2-2","title":{"rendered":"Semi Pliego Hungr\u00eda 1967 &#8211; Pinturas de la Galer\u00eda Nacional  &#8211; 20 Valores &#8211; 1,70 Florines Usado"},"content":{"rendered":"<p>The Lovers (1869), Szinyei Merse P\u00e1l (1845-1920)<\/p>\n<p><img class=\"size-full\"><\/p>\n<p>Pa\u00eds:<\/p>\n<p>Hungr\u00eda<\/p>\n<p>Serie:<\/p>\n<p>Paintings in Hungarian National Gallery (II)<\/p>\n<p>C\u00f3digo de cat\u00e1logo:<\/p>\n<p>Michel HU 2333A<\/p>\n<p>Stamp Number HU 1823<\/p>\n<p>Yvert et Tellier HU 1899<\/p>\n<p>Stanley Gibbons HU 2285<\/p>\n<p>AFA n\u00famero HU 2282<\/p>\n<p>Cat\u00e1logo Philatelia Hungarica HU 2377<\/p>\n<p>Tiene variantes menores: 1<\/p>\n<p>Temas:<\/p>\n<p>Amor | Arte | Pinturas<\/p>\n<p>Fecha emisi\u00f3n:<\/p>\n<p>1967-06-22<\/p>\n<p>Tama\u00f1o:<\/p>\n<p>57 x 44 mm<\/p>\n<p>Colores:<\/p>\n<p>Multicolor<\/p>\n<p>Marca de agua:<\/p>\n<p>Sin Marca de agua<\/p>\n<p>Dise\u00f1adores:<\/p>\n<p>Bokros Ferenc<\/p>\n<p>Impresores\/Imprentas:<\/p>\n<p>State Printing Works (ANY Biztons\u00e1gi Nyomda Nyrt), Budapest<\/p>\n<p>Formato:<\/p>\n<p>Sello<\/p>\n<p>Emisi\u00f3n:<\/p>\n<p>Conmemorativo<\/p>\n<p>Perforaci\u00f3n:<\/p>\n<p>peine12\u00bd<\/p>\n<p>Impresi\u00f3n:<\/p>\n<p>Fotograbado<\/p>\n<p>Goma:<\/p>\n<p>Ordinaria<\/p>\n<p>Valor facial:<\/p>\n<p>1,70 Ft &#8211; Flor\u00edn h\u00fangaro<\/p>\n<p>Tiraje:<\/p>\n<p>720.000<\/p>\n<p><a href=\"https:\/\/colnect.com\/stamps\/stamp\/139040\">https:\/\/colnect.com\/stamps\/stamp\/139040<\/a><\/p>","protected":false},"excerpt":{"rendered":"<p>The Lovers (1869), Szinyei Merse P\u00e1l (1845-1920) Pa\u00eds: Hungr\u00eda Serie: Paintings in Hungarian National Gallery (II) C\u00f3digo de cat\u00e1logo: Michel HU 2333A Stamp Number HU 1823 Yvert et Tellier HU 1899 Stanley Gibbons HU 2285 AFA n\u00famero HU 2282 Cat\u00e1logo Philatelia Hungarica HU 2377 Tiene variantes menores: 1 Temas: Amor | Arte | Pinturas Fecha &hellip;<\/p>\n<p class=\"read-more\"> <a class=\"thunk-readmore button\" href=\"https:\/\/filatelia.cuentista.es\/en\/product\/semipliego-hungria-1983-fauna-aguila-imperial-25-valores-1-florin-usado-2-2-2-2-2-2-2-2-2-2-2-2-2-2-2-2-2-2-2-2-2\"> <span class=\"screen-reader-text\">Semi Pliego Hungr\u00eda 1967 &#8211; Pinturas de la Galer\u00eda Nacional  &#8211; 20 Valores &#8211; 1,70 Florines Usado<\/span>Read More<\/a><\/p>","protected":false},"featured_media":7212,"comment_status":"open","ping_status":"closed","template":"","meta":{"_acf_changed":false},"product_brand":[],"product_cat":[1394,1585,660,1514],"product_tag":[43,1598],"class_list":{"0":"post-7210","1":"product","2":"type-product","3":"status-publish","4":"has-post-thumbnail","6":"product_cat-cinderella-stamp","7":"product_cat-hungria","8":"product_cat-pliego","9":"product_cat-sello-nuevo-cancelado","10":"product_tag-arte","11":"product_tag-galeria","12":"thunk-woo-product-list","13":"opn-qv-enable","14":"open-woo-hover-zoom","15":"open-single-product-tab-horizontal","16":"open-shadow-","17":"open-shadow-hover-","19":"first","20":"instock","21":"shipping-taxable","22":"purchasable","23":"product-type-simple"},"acf":[],"jetpack_sharing_enabled":true,"_links":{"self":[{"href":"https:\/\/filatelia.cuentista.es\/en\/wp-json\/wp\/v2\/product\/7210","targetHints":{"allow":["GET"]}}],"collection":[{"href":"https:\/\/filatelia.cuentista.es\/en\/wp-json\/wp\/v2\/product"}],"about":[{"href":"https:\/\/filatelia.cuentista.es\/en\/wp-json\/wp\/v2\/types\/product"}],"replies":[{"embeddable":true,"href":"https:\/\/filatelia.cuentista.es\/en\/wp-json\/wp\/v2\/comments?post=7210"}],"wp:featuredmedia":[{"embeddable":true,"href":"https:\/\/filatelia.cuentista.es\/en\/wp-json\/wp\/v2\/media\/7212"}],"wp:attachment":[{"href":"https:\/\/filatelia.cuentista.es\/en\/wp-json\/wp\/v2\/media?parent=7210"}],"wp:term":[{"taxonomy":"product_brand","embeddable":true,"href":"https:\/\/filatelia.cuentista.es\/en\/wp-json\/wp\/v2\/product_brand?post=7210"},{"taxonomy":"product_cat","embeddable":true,"href":"https:\/\/filatelia.cuentista.es\/en\/wp-json\/wp\/v2\/product_cat?post=7210"},{"taxonomy":"product_tag","embeddable":true,"href":"https:\/\/filatelia.cuentista.es\/en\/wp-json\/wp\/v2\/product_tag?post=7210"}],"curies":[{"name":"wp","href":"https:\/\/api.w.org\/{rel}","templated":true}]}}