{"id":7150,"date":"2025-01-04T21:54:49","date_gmt":"2025-01-04T21:54:49","guid":{"rendered":"https:\/\/filatelia.cuentista.es\/?post_type=product&#038;p=7150"},"modified":"2025-01-05T20:45:36","modified_gmt":"2025-01-05T20:45:36","slug":"semipliego-hungria-1983-fauna-aguila-imperial-25-valores-1-florin-usado-2-2-2-2-2-2-2-2-2-2-2-2-2-2-2-2-3","status":"publish","type":"product","link":"https:\/\/filatelia.cuentista.es\/en\/product\/semipliego-hungria-1983-fauna-aguila-imperial-25-valores-1-florin-usado-2-2-2-2-2-2-2-2-2-2-2-2-2-2-2-2-3","title":{"rendered":"Semi Pliego Hungr\u00eda 1971 &#8211; Kepes Kronika 1370   &#8211; 25 Valores &#8211; 40 Filler Usado"},"content":{"rendered":"<p>Beheading of Heathen Chief Kopp\u00e1ny<\/p>\n<p><img class=\"size-full\"><\/p>\n<p>Pa\u00eds:<\/p>\n<p>Hungr\u00eda<\/p>\n<p>Serie:<\/p>\n<p>Illustrations from the K\u00e9pes Kr\u00f3nika<\/p>\n<p>C\u00f3digo de cat\u00e1logo:<\/p>\n<p>Michel HU 2711A<\/p>\n<p>Stamp Number HU 2105<\/p>\n<p>Yvert et Tellier HU 2185<\/p>\n<p>Stanley Gibbons HU 2628<\/p>\n<p>AFA n\u00famero HU 2655<\/p>\n<p>Cat\u00e1logo Philatelia Hungarica HU 2730<\/p>\n<p>Variantes:<\/p>\n<p>Click para ver variantes<\/p>\n<p>Tiene variantes menores: 1<\/p>\n<p>Temas:<\/p>\n<p>Animales (Fauna) | Arte | Caballos | Mam\u00edferos | Miniaturas<\/p>\n<p>Fecha emisi\u00f3n:<\/p>\n<p>1971-12-10<\/p>\n<p>Tama\u00f1o:<\/p>\n<p>39 x 51 mm<\/p>\n<p>Colores:<\/p>\n<p>Multicolor<\/p>\n<p>Marca de agua:<\/p>\n<p>Sin Marca de agua<\/p>\n<p>Dise\u00f1adores:<\/p>\n<p>Zombory \u00c9va<\/p>\n<p>Impresores\/Imprentas:<\/p>\n<p>State Printing Works (ANY Biztons\u00e1gi Nyomda Nyrt), Budapest<\/p>\n<p>Formato:<\/p>\n<p>Sello<\/p>\n<p>Emisi\u00f3n:<\/p>\n<p>Conmemorativo<\/p>\n<p>Perforaci\u00f3n:<\/p>\n<p>peine12\u00bc<\/p>\n<p>Impresi\u00f3n:<\/p>\n<p>Litograf\u00eda offset<\/p>\n<p>Valor facial:<\/p>\n<p>40 fi &#8211; Fill\u00e9r h\u00fangaro<\/p>\n<p>Tiraje:<\/p>\n<p>615.703<\/p>\n<p><a href=\"https:\/\/colnect.com\/stamps\/stamp\/175966\">https:\/\/colnect.com\/stamps\/stamp\/175966<\/a><\/p>","protected":false},"excerpt":{"rendered":"<p>Beheading of Heathen Chief Kopp\u00e1ny Pa\u00eds: Hungr\u00eda Serie: Illustrations from the K\u00e9pes Kr\u00f3nika C\u00f3digo de cat\u00e1logo: Michel HU 2711A Stamp Number HU 2105 Yvert et Tellier HU 2185 Stanley Gibbons HU 2628 AFA n\u00famero HU 2655 Cat\u00e1logo Philatelia Hungarica HU 2730 Variantes: Click para ver variantes Tiene variantes menores: 1 Temas: Animales (Fauna) | Arte &hellip;<\/p>\n<p class=\"read-more\"> <a class=\"thunk-readmore button\" href=\"https:\/\/filatelia.cuentista.es\/en\/product\/semipliego-hungria-1983-fauna-aguila-imperial-25-valores-1-florin-usado-2-2-2-2-2-2-2-2-2-2-2-2-2-2-2-2-3\"> <span class=\"screen-reader-text\">Semi Pliego Hungr\u00eda 1971 &#8211; Kepes Kronika 1370   &#8211; 25 Valores &#8211; 40 Filler Usado<\/span>Read More<\/a><\/p>","protected":false},"featured_media":7203,"comment_status":"open","ping_status":"closed","template":"","meta":{"_acf_changed":false},"product_brand":[],"product_cat":[1394,660,1514],"product_tag":[],"class_list":{"0":"post-7150","1":"product","2":"type-product","3":"status-publish","4":"has-post-thumbnail","6":"product_cat-cinderella-stamp","7":"product_cat-pliego","8":"product_cat-sello-nuevo-cancelado","9":"thunk-woo-product-list","10":"opn-qv-enable","11":"open-woo-hover-zoom","12":"open-single-product-tab-horizontal","13":"open-shadow-","14":"open-shadow-hover-","16":"first","17":"instock","18":"shipping-taxable","19":"purchasable","20":"product-type-simple"},"acf":[],"jetpack_sharing_enabled":true,"_links":{"self":[{"href":"https:\/\/filatelia.cuentista.es\/en\/wp-json\/wp\/v2\/product\/7150","targetHints":{"allow":["GET"]}}],"collection":[{"href":"https:\/\/filatelia.cuentista.es\/en\/wp-json\/wp\/v2\/product"}],"about":[{"href":"https:\/\/filatelia.cuentista.es\/en\/wp-json\/wp\/v2\/types\/product"}],"replies":[{"embeddable":true,"href":"https:\/\/filatelia.cuentista.es\/en\/wp-json\/wp\/v2\/comments?post=7150"}],"wp:featuredmedia":[{"embeddable":true,"href":"https:\/\/filatelia.cuentista.es\/en\/wp-json\/wp\/v2\/media\/7203"}],"wp:attachment":[{"href":"https:\/\/filatelia.cuentista.es\/en\/wp-json\/wp\/v2\/media?parent=7150"}],"wp:term":[{"taxonomy":"product_brand","embeddable":true,"href":"https:\/\/filatelia.cuentista.es\/en\/wp-json\/wp\/v2\/product_brand?post=7150"},{"taxonomy":"product_cat","embeddable":true,"href":"https:\/\/filatelia.cuentista.es\/en\/wp-json\/wp\/v2\/product_cat?post=7150"},{"taxonomy":"product_tag","embeddable":true,"href":"https:\/\/filatelia.cuentista.es\/en\/wp-json\/wp\/v2\/product_tag?post=7150"}],"curies":[{"name":"wp","href":"https:\/\/api.w.org\/{rel}","templated":true}]}}