{"id":7144,"date":"2025-01-04T21:39:51","date_gmt":"2025-01-04T21:39:51","guid":{"rendered":"https:\/\/filatelia.cuentista.es\/?post_type=product&#038;p=7144"},"modified":"2025-02-15T11:19:14","modified_gmt":"2025-02-15T11:19:14","slug":"semipliego-hungria-1983-fauna-aguila-imperial-25-valores-1-florin-usado-2-2-2-2-2-2-2-2-2-2-2-2-2-2","status":"publish","type":"product","link":"https:\/\/filatelia.cuentista.es\/en\/product\/semipliego-hungria-1983-fauna-aguila-imperial-25-valores-1-florin-usado-2-2-2-2-2-2-2-2-2-2-2-2-2-2","title":{"rendered":"Semi Pliego Hungr\u00eda 1973 &#8211; M\u00e1scaras: Busojaras  &#8211; 20 Valores &#8211; 60 Filler Usado"},"content":{"rendered":"<p>Bus\u00f3 Mask<\/p>\n<p><img class=\"size-full\"><\/p>\n<p>Pa\u00eds:<\/p>\n<p>Hungr\u00eda<\/p>\n<p>Serie:<\/p>\n<p>Bus\u00f3 Masks of Moh\u00e1cs<\/p>\n<p>C\u00f3digo de cat\u00e1logo:<\/p>\n<p>Michel HU 2839A<\/p>\n<p>Stamp Number HU 2212<\/p>\n<p>Yvert et Tellier HU 2293<\/p>\n<p>Stanley Gibbons HU 2774<\/p>\n<p>AFA n\u00famero HU 2780<\/p>\n<p>Cat\u00e1logo Philatelia Hungarica HU 2854<\/p>\n<p>Unificato HU 2839A<\/p>\n<p>Variantes:<\/p>\n<p>Click para ver variantes<\/p>\n<p>Temas:<\/p>\n<p>Folklore | M\u00e1scaras<\/p>\n<p>Fecha emisi\u00f3n:<\/p>\n<p>1973-02-17<\/p>\n<p>Tama\u00f1o:<\/p>\n<p>34 x 51 mm<\/p>\n<p>Colores:<\/p>\n<p>Multicolor<\/p>\n<p>Marca de agua:<\/p>\n<p>Sin Marca de agua<\/p>\n<p>Dise\u00f1adores:<\/p>\n<p>Czigl\u00e9nyi \u00c1d\u00e1m<\/p>\n<p>Impresores\/Imprentas:<\/p>\n<p>State Printing Works (ANY Biztons\u00e1gi Nyomda Nyrt), Budapest<\/p>\n<p>Formato:<\/p>\n<p>Sello<\/p>\n<p>Emisi\u00f3n:<\/p>\n<p>Conmemorativo<\/p>\n<p>Perforaci\u00f3n:<\/p>\n<p>peine12<\/p>\n<p>Impresi\u00f3n:<\/p>\n<p>Litograf\u00eda offset<\/p>\n<p>Valor facial:<\/p>\n<p>60 fi &#8211; Fill\u00e9r h\u00fangaro<\/p>\n<p>Tiraje:<\/p>\n<p>560.000<\/p>\n<p><a href=\"https:\/\/colnect.com\/stamps\/stamp\/137123\">https:\/\/colnect.com\/stamps\/stamp\/137123<\/a><\/p>","protected":false},"excerpt":{"rendered":"<p>Bus\u00f3 Mask Pa\u00eds: Hungr\u00eda Serie: Bus\u00f3 Masks of Moh\u00e1cs C\u00f3digo de cat\u00e1logo: Michel HU 2839A Stamp Number HU 2212 Yvert et Tellier HU 2293 Stanley Gibbons HU 2774 AFA n\u00famero HU 2780 Cat\u00e1logo Philatelia Hungarica HU 2854 Unificato HU 2839A Variantes: Click para ver variantes Temas: Folklore | M\u00e1scaras Fecha emisi\u00f3n: 1973-02-17 Tama\u00f1o: 34 x &hellip;<\/p>\n<p class=\"read-more\"> <a class=\"thunk-readmore button\" href=\"https:\/\/filatelia.cuentista.es\/en\/product\/semipliego-hungria-1983-fauna-aguila-imperial-25-valores-1-florin-usado-2-2-2-2-2-2-2-2-2-2-2-2-2-2\"> <span class=\"screen-reader-text\">Semi Pliego Hungr\u00eda 1973 &#8211; M\u00e1scaras: Busojaras  &#8211; 20 Valores &#8211; 60 Filler Usado<\/span>Read More<\/a><\/p>","protected":false},"featured_media":7146,"comment_status":"open","ping_status":"closed","template":"","meta":{"_acf_changed":false},"product_brand":[],"product_cat":[1394,1585,660,1514],"product_tag":[],"class_list":{"0":"post-7144","1":"product","2":"type-product","3":"status-publish","4":"has-post-thumbnail","6":"product_cat-cinderella-stamp","7":"product_cat-hungria","8":"product_cat-pliego","9":"product_cat-sello-nuevo-cancelado","10":"thunk-woo-product-list","11":"opn-qv-enable","12":"open-woo-hover-zoom","13":"open-single-product-tab-horizontal","14":"open-shadow-","15":"open-shadow-hover-","17":"first","18":"instock","19":"shipping-taxable","20":"purchasable","21":"product-type-simple"},"acf":[],"jetpack_sharing_enabled":true,"_links":{"self":[{"href":"https:\/\/filatelia.cuentista.es\/en\/wp-json\/wp\/v2\/product\/7144","targetHints":{"allow":["GET"]}}],"collection":[{"href":"https:\/\/filatelia.cuentista.es\/en\/wp-json\/wp\/v2\/product"}],"about":[{"href":"https:\/\/filatelia.cuentista.es\/en\/wp-json\/wp\/v2\/types\/product"}],"replies":[{"embeddable":true,"href":"https:\/\/filatelia.cuentista.es\/en\/wp-json\/wp\/v2\/comments?post=7144"}],"wp:featuredmedia":[{"embeddable":true,"href":"https:\/\/filatelia.cuentista.es\/en\/wp-json\/wp\/v2\/media\/7146"}],"wp:attachment":[{"href":"https:\/\/filatelia.cuentista.es\/en\/wp-json\/wp\/v2\/media?parent=7144"}],"wp:term":[{"taxonomy":"product_brand","embeddable":true,"href":"https:\/\/filatelia.cuentista.es\/en\/wp-json\/wp\/v2\/product_brand?post=7144"},{"taxonomy":"product_cat","embeddable":true,"href":"https:\/\/filatelia.cuentista.es\/en\/wp-json\/wp\/v2\/product_cat?post=7144"},{"taxonomy":"product_tag","embeddable":true,"href":"https:\/\/filatelia.cuentista.es\/en\/wp-json\/wp\/v2\/product_tag?post=7144"}],"curies":[{"name":"wp","href":"https:\/\/api.w.org\/{rel}","templated":true}]}}