{"id":7058,"date":"2025-01-03T12:26:42","date_gmt":"2025-01-03T12:26:42","guid":{"rendered":"https:\/\/filatelia.cuentista.es\/?post_type=product&#038;p=7058"},"modified":"2025-01-03T12:28:28","modified_gmt":"2025-01-03T12:28:28","slug":"catalogo-ilustrado-de-espana-1960-ricardo-de-lama-2","status":"publish","type":"product","link":"https:\/\/filatelia.cuentista.es\/en\/product\/catalogo-ilustrado-de-espana-1960-ricardo-de-lama-2","title":{"rendered":"Cat\u00e1logo Ilustrado de Espa\u00f1a 1964 &#8211; Ricardo de Lama"},"content":{"rendered":"<p>Cat\u00e1logo Ilustrado de Espa\u00f1a 1964  &#8211; Ricardo de Lama<\/p>\n<p>64 P\u00e1ginas<\/p>\n<p>Segunda edici\u00f3n<\/p>","protected":false},"excerpt":{"rendered":"<p>Cat\u00e1logo Ilustrado de Espa\u00f1a 1964 &#8211; Ricardo de Lama 64 P\u00e1ginas Segunda edici\u00f3n<\/p>","protected":false},"featured_media":7061,"comment_status":"open","ping_status":"closed","template":"","meta":{"_acf_changed":false},"product_brand":[],"product_cat":[886],"product_tag":[],"class_list":{"0":"post-7058","1":"product","2":"type-product","3":"status-publish","4":"has-post-thumbnail","6":"product_cat-catalogo-filatelia","7":"thunk-woo-product-list","8":"opn-qv-enable","9":"open-woo-hover-zoom","10":"open-single-product-tab-horizontal","11":"open-shadow-","12":"open-shadow-hover-","14":"first","15":"instock","16":"shipping-taxable","17":"purchasable","18":"product-type-simple"},"acf":[],"jetpack_sharing_enabled":true,"_links":{"self":[{"href":"https:\/\/filatelia.cuentista.es\/en\/wp-json\/wp\/v2\/product\/7058","targetHints":{"allow":["GET"]}}],"collection":[{"href":"https:\/\/filatelia.cuentista.es\/en\/wp-json\/wp\/v2\/product"}],"about":[{"href":"https:\/\/filatelia.cuentista.es\/en\/wp-json\/wp\/v2\/types\/product"}],"replies":[{"embeddable":true,"href":"https:\/\/filatelia.cuentista.es\/en\/wp-json\/wp\/v2\/comments?post=7058"}],"wp:featuredmedia":[{"embeddable":true,"href":"https:\/\/filatelia.cuentista.es\/en\/wp-json\/wp\/v2\/media\/7061"}],"wp:attachment":[{"href":"https:\/\/filatelia.cuentista.es\/en\/wp-json\/wp\/v2\/media?parent=7058"}],"wp:term":[{"taxonomy":"product_brand","embeddable":true,"href":"https:\/\/filatelia.cuentista.es\/en\/wp-json\/wp\/v2\/product_brand?post=7058"},{"taxonomy":"product_cat","embeddable":true,"href":"https:\/\/filatelia.cuentista.es\/en\/wp-json\/wp\/v2\/product_cat?post=7058"},{"taxonomy":"product_tag","embeddable":true,"href":"https:\/\/filatelia.cuentista.es\/en\/wp-json\/wp\/v2\/product_tag?post=7058"}],"curies":[{"name":"wp","href":"https:\/\/api.w.org\/{rel}","templated":true}]}}