{"id":7045,"date":"2025-01-03T12:07:43","date_gmt":"2025-01-03T12:07:43","guid":{"rendered":"https:\/\/filatelia.cuentista.es\/product\/catalogo-filatelia-michel-1975-europe-west"},"modified":"2025-01-03T20:26:57","modified_gmt":"2025-01-03T20:26:57","slug":"catalogo-filatelia-michel-1975-europe-west","status":"publish","type":"product","link":"https:\/\/filatelia.cuentista.es\/en\/product\/catalogo-filatelia-michel-1975-europe-west","title":{"rendered":"Cat\u00e1logo Filatelia M\u00edchel 1975 &#8211; Europe West"},"content":{"rendered":"<p>Cat\u00e1logo de sellos M\u00edchel en alem\u00e1n del a\u00f1o 1975, tomo 1 de Europa del este.<\/p>\n<p>1470 P\u00e1ginas<\/p>\n<p>Blanco y negro<\/p>","protected":false},"excerpt":{"rendered":"<p>Cat\u00e1logo de sellos M\u00edchel en alem\u00e1n del a\u00f1o 1975, tomo 1 de Europa del este. 1470 P\u00e1ginas Blanco y negro<\/p>","protected":false},"featured_media":7042,"comment_status":"open","ping_status":"closed","template":"","meta":{"_acf_changed":false},"product_brand":[],"product_cat":[886],"product_tag":[],"class_list":{"0":"post-7045","1":"product","2":"type-product","3":"status-publish","4":"has-post-thumbnail","6":"product_cat-catalogo-filatelia","7":"thunk-woo-product-list","8":"opn-qv-enable","9":"open-woo-hover-zoom","10":"open-single-product-tab-horizontal","11":"open-shadow-","12":"open-shadow-hover-","14":"first","15":"instock","16":"shipping-taxable","17":"purchasable","18":"product-type-simple"},"acf":[],"jetpack_sharing_enabled":true,"_links":{"self":[{"href":"https:\/\/filatelia.cuentista.es\/en\/wp-json\/wp\/v2\/product\/7045","targetHints":{"allow":["GET"]}}],"collection":[{"href":"https:\/\/filatelia.cuentista.es\/en\/wp-json\/wp\/v2\/product"}],"about":[{"href":"https:\/\/filatelia.cuentista.es\/en\/wp-json\/wp\/v2\/types\/product"}],"replies":[{"embeddable":true,"href":"https:\/\/filatelia.cuentista.es\/en\/wp-json\/wp\/v2\/comments?post=7045"}],"wp:featuredmedia":[{"embeddable":true,"href":"https:\/\/filatelia.cuentista.es\/en\/wp-json\/wp\/v2\/media\/7042"}],"wp:attachment":[{"href":"https:\/\/filatelia.cuentista.es\/en\/wp-json\/wp\/v2\/media?parent=7045"}],"wp:term":[{"taxonomy":"product_brand","embeddable":true,"href":"https:\/\/filatelia.cuentista.es\/en\/wp-json\/wp\/v2\/product_brand?post=7045"},{"taxonomy":"product_cat","embeddable":true,"href":"https:\/\/filatelia.cuentista.es\/en\/wp-json\/wp\/v2\/product_cat?post=7045"},{"taxonomy":"product_tag","embeddable":true,"href":"https:\/\/filatelia.cuentista.es\/en\/wp-json\/wp\/v2\/product_tag?post=7045"}],"curies":[{"name":"wp","href":"https:\/\/api.w.org\/{rel}","templated":true}]}}