{"id":7035,"date":"2025-01-03T07:16:04","date_gmt":"2025-01-03T07:16:04","guid":{"rendered":"https:\/\/filatelia.cuentista.es\/product\/sello-ecuador-1966-gemini-v-1-sucre-usado-aereo"},"modified":"2025-01-03T07:16:07","modified_gmt":"2025-01-03T07:16:07","slug":"sello-ecuador-1966-gemini-v-1-sucre-usado-aereo","status":"publish","type":"product","link":"https:\/\/filatelia.cuentista.es\/en\/product\/sello-ecuador-1966-gemini-v-1-sucre-usado-aereo","title":{"rendered":"Sello Ecuador 1966 &#8211; Gemini V &#8211; 1 Sucre Usado A\u00e9reo"},"content":{"rendered":"<p>Gemini 5<\/p>\n<p><img class=\"size-full\"><\/p>\n<p>Pa\u00eds:<\/p>\n<p>Ecuador<\/p>\n<p>Serie:<\/p>\n<p>Successes of Space Traveling<\/p>\n<p>C\u00f3digo de cat\u00e1logo:<\/p>\n<p>Michel EC 1209<\/p>\n<p>Stamp Number EC 749A<\/p>\n<p>Yvert et Tellier EC 756<\/p>\n<p>Bertossa EC 1250<\/p>\n<p>Temas:<\/p>\n<p>Espacio Exterior | Naves Espaciales | Viajes Espaciales<\/p>\n<p>Fecha emisi\u00f3n:<\/p>\n<p>1966-01-27<\/p>\n<p>Tama\u00f1o:<\/p>\n<p>50 x 40 mm<\/p>\n<p>Colores:<\/p>\n<p>Multicolor<\/p>\n<p>Marca de agua:<\/p>\n<p>Sin Marca de agua<\/p>\n<p>Dise\u00f1adores:<\/p>\n<p>Claudio Alonso<\/p>\n<p>Impresores\/Imprentas:<\/p>\n<p>De La Rue de Colombia<\/p>\n<p>Formato:<\/p>\n<p>Sello<\/p>\n<p>Emisi\u00f3n:<\/p>\n<p>Conmemorativo<\/p>\n<p>Perforaci\u00f3n:<\/p>\n<p>peine12 x 12\u00be<\/p>\n<p>Impresi\u00f3n:<\/p>\n<p>Litograf\u00eda offset<\/p>\n<p>Valor facial:<\/p>\n<p>1 S\/. &#8211; Sucre Ecuatoriano<\/p>\n<p>Tiraje:<\/p>\n<p>100.000<\/p>\n<p>Puntuaci\u00f3n:<\/p>\n<p>27% Precisi\u00f3n: Alta<\/p>\n<p>Descripci\u00f3n:<\/p>\n<p>Variedades:<\/p>\n<p>&#8211; tete bech\u00e9 (BE 1250.1)<\/p>\n<p>&#8211; with attached illustrated label (BE 1250.2)<\/p>\n<p>&#8211; CTO reprint (perf. 14&#215;14.75) (BE 1250.R) -se muestra<\/p>\n<p>&#8211; CTO reprint (perf. 14&#215;14.75), tete-bech\u00e9 (BE 1250.R.1)<\/p>\n<p><a href=\"https:\/\/colnect.com\/stamps\/stamp\/362245\">https:\/\/colnect.com\/stamps\/stamp\/362245<\/a><\/p>","protected":false},"excerpt":{"rendered":"<p>Gemini 5 Pa\u00eds: Ecuador Serie: Successes of Space Traveling C\u00f3digo de cat\u00e1logo: Michel EC 1209 Stamp Number EC 749A Yvert et Tellier EC 756 Bertossa EC 1250 Temas: Espacio Exterior | Naves Espaciales | Viajes Espaciales Fecha emisi\u00f3n: 1966-01-27 Tama\u00f1o: 50 x 40 mm Colores: Multicolor Marca de agua: Sin Marca de agua Dise\u00f1adores: Claudio &hellip;<\/p>\n<p class=\"read-more\"> <a class=\"thunk-readmore button\" href=\"https:\/\/filatelia.cuentista.es\/en\/product\/sello-ecuador-1966-gemini-v-1-sucre-usado-aereo\"> <span class=\"screen-reader-text\">Sello Ecuador 1966 &#8211; Gemini V &#8211; 1 Sucre Usado A\u00e9reo<\/span>Read More<\/a><\/p>","protected":false},"featured_media":7034,"comment_status":"open","ping_status":"closed","template":"","meta":{"_acf_changed":false},"product_brand":[],"product_cat":[815,1213],"product_tag":[237,180,1595],"class_list":{"0":"post-7035","1":"product","2":"type-product","3":"status-publish","4":"has-post-thumbnail","6":"product_cat-correo-aereo","7":"product_cat-ecuador","8":"product_tag-astrofilatelia","9":"product_tag-espacio","10":"product_tag-gemini","11":"thunk-woo-product-list","12":"opn-qv-enable","13":"open-woo-hover-zoom","14":"open-single-product-tab-horizontal","15":"open-shadow-","16":"open-shadow-hover-","18":"first","19":"instock","20":"shipping-taxable","21":"purchasable","22":"product-type-simple"},"acf":[],"jetpack_sharing_enabled":true,"_links":{"self":[{"href":"https:\/\/filatelia.cuentista.es\/en\/wp-json\/wp\/v2\/product\/7035","targetHints":{"allow":["GET"]}}],"collection":[{"href":"https:\/\/filatelia.cuentista.es\/en\/wp-json\/wp\/v2\/product"}],"about":[{"href":"https:\/\/filatelia.cuentista.es\/en\/wp-json\/wp\/v2\/types\/product"}],"replies":[{"embeddable":true,"href":"https:\/\/filatelia.cuentista.es\/en\/wp-json\/wp\/v2\/comments?post=7035"}],"wp:featuredmedia":[{"embeddable":true,"href":"https:\/\/filatelia.cuentista.es\/en\/wp-json\/wp\/v2\/media\/7034"}],"wp:attachment":[{"href":"https:\/\/filatelia.cuentista.es\/en\/wp-json\/wp\/v2\/media?parent=7035"}],"wp:term":[{"taxonomy":"product_brand","embeddable":true,"href":"https:\/\/filatelia.cuentista.es\/en\/wp-json\/wp\/v2\/product_brand?post=7035"},{"taxonomy":"product_cat","embeddable":true,"href":"https:\/\/filatelia.cuentista.es\/en\/wp-json\/wp\/v2\/product_cat?post=7035"},{"taxonomy":"product_tag","embeddable":true,"href":"https:\/\/filatelia.cuentista.es\/en\/wp-json\/wp\/v2\/product_tag?post=7035"}],"curies":[{"name":"wp","href":"https:\/\/api.w.org\/{rel}","templated":true}]}}