{"id":7031,"date":"2025-01-03T07:09:29","date_gmt":"2025-01-03T07:09:29","guid":{"rendered":"https:\/\/filatelia.cuentista.es\/product\/sello-ecuador-juegos-olimpicos-cuadrigas-130-sucres-usado-aereo"},"modified":"2025-01-03T07:09:47","modified_gmt":"2025-01-03T07:09:47","slug":"sello-ecuador-juegos-olimpicos-cuadrigas-130-sucres-usado-aereo","status":"publish","type":"product","link":"https:\/\/filatelia.cuentista.es\/en\/product\/sello-ecuador-juegos-olimpicos-cuadrigas-130-sucres-usado-aereo","title":{"rendered":"Sello Ecuador 1966 &#8211; Juegos Ol\u00edmpicos: Cuadrigas &#8211; 1,30 Sucres Usado A\u00e9reo"},"content":{"rendered":"<p>Chariot races<\/p>\n<p><img class=\"size-full\"><\/p>\n<p>Pa\u00eds:<\/p>\n<p>Ecuador<\/p>\n<p>Serie:<\/p>\n<p>History of the Olympic Games<\/p>\n<p>C\u00f3digo de cat\u00e1logo:<\/p>\n<p>Michel EC 1265<\/p>\n<p>Stamp Number EC 754C<\/p>\n<p>Yvert et Tellier EC PA469<\/p>\n<p>Bertossa EC 1297<\/p>\n<p>Temas:<\/p>\n<p>Animales (Fauna) | Caballos | Deportes | Juegos Ol\u00edmpicos | Mam\u00edferos<\/p>\n<p>Fecha emisi\u00f3n:<\/p>\n<p>1966-06-27<\/p>\n<p>Tama\u00f1o:<\/p>\n<p>50 x 40 mm<\/p>\n<p>Colores:<\/p>\n<p>Multicolor<\/p>\n<p>Marca de agua:<\/p>\n<p>Sin Marca de agua<\/p>\n<p>Dise\u00f1adores:<\/p>\n<p>Claudio Alonso<\/p>\n<p>Impresores\/Imprentas:<\/p>\n<p>De La Rue de Colombia<\/p>\n<p>Formato:<\/p>\n<p>Sello<\/p>\n<p>Emisi\u00f3n:<\/p>\n<p>Correo A\u00e9reo<\/p>\n<p>Perforaci\u00f3n:<\/p>\n<p>peine12 x 12\u00bc<\/p>\n<p>Impresi\u00f3n:<\/p>\n<p>Litograf\u00eda offset<\/p>\n<p>Valor facial:<\/p>\n<p>1,30 S\/. &#8211; Sucre Ecuatoriano<\/p>\n<p>Tiraje:<\/p>\n<p>100.000<\/p>\n<p>Puntuaci\u00f3n:<\/p>\n<p>23% Precisi\u00f3n: Muy alto<\/p>\n<p>Descripci\u00f3n:<\/p>\n<p>Variedades:<\/p>\n<p>&#8211; tete beche pair (BE 1297.1)<\/p>\n<p>&#8211; perf. 13.5 x 14 (BE 1297.A)<\/p>\n<p>&#8211; perf. 13.5 x 14, tete bech\u00e9 pair (BE 1297.A.1)<\/p>\n<p>&#8211; CTO reprint, perf. 13.5 x 14 (BE 1297.A.R.)<\/p>\n<p>&#8211; CTO reprint, perf. 13.5 x 14, tete bech\u00e9 (BE 1297.A.R.1)<\/p>\n<p><a href=\"https:\/\/colnect.com\/es\/stamps\/stamp\/290103-Chariot_races-History_of_the_Olympic_Games-Ecuador\">https:\/\/colnect.com\/es\/stamps\/stamp\/290103-Chariot_races-History_of_the_Olympic_Games-Ecuador<\/a><\/p>","protected":false},"excerpt":{"rendered":"<p>Chariot races Pa\u00eds: Ecuador Serie: History of the Olympic Games C\u00f3digo de cat\u00e1logo: Michel EC 1265 Stamp Number EC 754C Yvert et Tellier EC PA469 Bertossa EC 1297 Temas: Animales (Fauna) | Caballos | Deportes | Juegos Ol\u00edmpicos | Mam\u00edferos Fecha emisi\u00f3n: 1966-06-27 Tama\u00f1o: 50 x 40 mm Colores: Multicolor Marca de agua: Sin Marca &hellip;<\/p>\n<p class=\"read-more\"> <a class=\"thunk-readmore button\" href=\"https:\/\/filatelia.cuentista.es\/en\/product\/sello-ecuador-juegos-olimpicos-cuadrigas-130-sucres-usado-aereo\"> <span class=\"screen-reader-text\">Sello Ecuador 1966 &#8211; Juegos Ol\u00edmpicos: Cuadrigas &#8211; 1,30 Sucres Usado A\u00e9reo<\/span>Read More<\/a><\/p>","protected":false},"featured_media":7030,"comment_status":"open","ping_status":"closed","template":"","meta":{"_acf_changed":false},"product_brand":[],"product_cat":[815,1213,20],"product_tag":[1592,73],"class_list":{"0":"post-7031","1":"product","2":"type-product","3":"status-publish","4":"has-post-thumbnail","6":"product_cat-correo-aereo","7":"product_cat-ecuador","8":"product_cat-sellos-usados","9":"product_tag-carrera","10":"product_tag-deportes","11":"thunk-woo-product-list","12":"opn-qv-enable","13":"open-woo-hover-zoom","14":"open-single-product-tab-horizontal","15":"open-shadow-","16":"open-shadow-hover-","18":"first","19":"instock","20":"shipping-taxable","21":"purchasable","22":"product-type-simple"},"acf":[],"jetpack_sharing_enabled":true,"_links":{"self":[{"href":"https:\/\/filatelia.cuentista.es\/en\/wp-json\/wp\/v2\/product\/7031","targetHints":{"allow":["GET"]}}],"collection":[{"href":"https:\/\/filatelia.cuentista.es\/en\/wp-json\/wp\/v2\/product"}],"about":[{"href":"https:\/\/filatelia.cuentista.es\/en\/wp-json\/wp\/v2\/types\/product"}],"replies":[{"embeddable":true,"href":"https:\/\/filatelia.cuentista.es\/en\/wp-json\/wp\/v2\/comments?post=7031"}],"wp:featuredmedia":[{"embeddable":true,"href":"https:\/\/filatelia.cuentista.es\/en\/wp-json\/wp\/v2\/media\/7030"}],"wp:attachment":[{"href":"https:\/\/filatelia.cuentista.es\/en\/wp-json\/wp\/v2\/media?parent=7031"}],"wp:term":[{"taxonomy":"product_brand","embeddable":true,"href":"https:\/\/filatelia.cuentista.es\/en\/wp-json\/wp\/v2\/product_brand?post=7031"},{"taxonomy":"product_cat","embeddable":true,"href":"https:\/\/filatelia.cuentista.es\/en\/wp-json\/wp\/v2\/product_cat?post=7031"},{"taxonomy":"product_tag","embeddable":true,"href":"https:\/\/filatelia.cuentista.es\/en\/wp-json\/wp\/v2\/product_tag?post=7031"}],"curies":[{"name":"wp","href":"https:\/\/api.w.org\/{rel}","templated":true}]}}