{"id":7025,"date":"2025-01-02T21:26:26","date_gmt":"2025-01-02T21:26:26","guid":{"rendered":"https:\/\/filatelia.cuentista.es\/product\/sello-ecuador-1966-primer-satelite-italiano-010-sucre-usado-aereo"},"modified":"2025-01-02T21:26:29","modified_gmt":"2025-01-02T21:26:29","slug":"sello-ecuador-1966-primer-satelite-italiano-010-sucre-usado-aereo","status":"publish","type":"product","link":"https:\/\/filatelia.cuentista.es\/en\/product\/sello-ecuador-1966-primer-satelite-italiano-010-sucre-usado-aereo","title":{"rendered":"Sello Ecuador 1966 &#8211; Primer Sat\u00e9lite Italiano- 0,10 Sucre Usado A\u00e9reo"},"content":{"rendered":"<p>Satellite \u00abSan Marco\u00bb<\/p>\n<p><img class=\"size-full\"><\/p>\n<p>Pa\u00eds:<\/p>\n<p>Ecuador<\/p>\n<p>Serie:<\/p>\n<p>Italian successes in space research<\/p>\n<p>C\u00f3digo de cat\u00e1logo:<\/p>\n<p>Michel EC 1292<\/p>\n<p>Stamp Number EC 757<\/p>\n<p>Yvert et Tellier EC 774<\/p>\n<p>Bertossa EC 1314<\/p>\n<p>Stanley Gibbons No Listado<\/p>\n<p>Temas:<\/p>\n<p>Espacio Exterior | Sat\u00e9lites | Viajes Espaciales<\/p>\n<p>Fecha emisi\u00f3n:<\/p>\n<p>1966<\/p>\n<p>Tama\u00f1o:<\/p>\n<p>55 x 35 mm<\/p>\n<p>Colores:<\/p>\n<p>Multicolor<\/p>\n<p>Marca de agua:<\/p>\n<p>Sin Marca de agua<\/p>\n<p>Dise\u00f1adores:<\/p>\n<p>Claudio Alonso<\/p>\n<p>Impresores\/Imprentas:<\/p>\n<p>De La Rue de Colombia<\/p>\n<p>Formato:<\/p>\n<p>Sello<\/p>\n<p>Emisi\u00f3n:<\/p>\n<p>Conmemorativo<\/p>\n<p>Perforaci\u00f3n:<\/p>\n<p>peine14<\/p>\n<p>Impresi\u00f3n:<\/p>\n<p>Litograf\u00eda offset<\/p>\n<p>Valor facial:<\/p>\n<p>0,10 S\/. &#8211; Sucre Ecuatoriano<\/p>\n<p>Tiraje:<\/p>\n<p>250.000<\/p>\n<p><a href=\"https:\/\/colnect.com\/es\/stamps\/stamp\/196878-Satellite_San_Marco-Italian_successes_in_space_research-Ecuador\">https:\/\/colnect.com\/es\/stamps\/stamp\/196878-Satellite_San_Marco-Italian_successes_in_space_research-Ecuador<\/a><\/p>","protected":false},"excerpt":{"rendered":"<p>Satellite \u00abSan Marco\u00bb Pa\u00eds: Ecuador Serie: Italian successes in space research C\u00f3digo de cat\u00e1logo: Michel EC 1292 Stamp Number EC 757 Yvert et Tellier EC 774 Bertossa EC 1314 Stanley Gibbons No Listado Temas: Espacio Exterior | Sat\u00e9lites | Viajes Espaciales Fecha emisi\u00f3n: 1966 Tama\u00f1o: 55 x 35 mm Colores: Multicolor Marca de agua: Sin &hellip;<\/p>\n<p class=\"read-more\"> <a class=\"thunk-readmore button\" href=\"https:\/\/filatelia.cuentista.es\/en\/product\/sello-ecuador-1966-primer-satelite-italiano-010-sucre-usado-aereo\"> <span class=\"screen-reader-text\">Sello Ecuador 1966 &#8211; Primer Sat\u00e9lite Italiano- 0,10 Sucre Usado A\u00e9reo<\/span>Read More<\/a><\/p>","protected":false},"featured_media":7024,"comment_status":"open","ping_status":"closed","template":"","meta":{"_acf_changed":false},"product_brand":[],"product_cat":[815,1213,20],"product_tag":[],"class_list":{"0":"post-7025","1":"product","2":"type-product","3":"status-publish","4":"has-post-thumbnail","6":"product_cat-correo-aereo","7":"product_cat-ecuador","8":"product_cat-sellos-usados","9":"thunk-woo-product-list","10":"opn-qv-enable","11":"open-woo-hover-zoom","12":"open-single-product-tab-horizontal","13":"open-shadow-","14":"open-shadow-hover-","16":"first","17":"instock","18":"shipping-taxable","19":"purchasable","20":"product-type-simple"},"acf":[],"jetpack_sharing_enabled":true,"_links":{"self":[{"href":"https:\/\/filatelia.cuentista.es\/en\/wp-json\/wp\/v2\/product\/7025","targetHints":{"allow":["GET"]}}],"collection":[{"href":"https:\/\/filatelia.cuentista.es\/en\/wp-json\/wp\/v2\/product"}],"about":[{"href":"https:\/\/filatelia.cuentista.es\/en\/wp-json\/wp\/v2\/types\/product"}],"replies":[{"embeddable":true,"href":"https:\/\/filatelia.cuentista.es\/en\/wp-json\/wp\/v2\/comments?post=7025"}],"wp:featuredmedia":[{"embeddable":true,"href":"https:\/\/filatelia.cuentista.es\/en\/wp-json\/wp\/v2\/media\/7024"}],"wp:attachment":[{"href":"https:\/\/filatelia.cuentista.es\/en\/wp-json\/wp\/v2\/media?parent=7025"}],"wp:term":[{"taxonomy":"product_brand","embeddable":true,"href":"https:\/\/filatelia.cuentista.es\/en\/wp-json\/wp\/v2\/product_brand?post=7025"},{"taxonomy":"product_cat","embeddable":true,"href":"https:\/\/filatelia.cuentista.es\/en\/wp-json\/wp\/v2\/product_cat?post=7025"},{"taxonomy":"product_tag","embeddable":true,"href":"https:\/\/filatelia.cuentista.es\/en\/wp-json\/wp\/v2\/product_tag?post=7025"}],"curies":[{"name":"wp","href":"https:\/\/api.w.org\/{rel}","templated":true}]}}