{"id":7006,"date":"2025-01-01T20:14:18","date_gmt":"2025-01-01T20:14:18","guid":{"rendered":"https:\/\/filatelia.cuentista.es\/product\/sello-ecuador-1967-a-durer-150-sucre-usado"},"modified":"2025-01-01T20:14:21","modified_gmt":"2025-01-01T20:14:21","slug":"sello-ecuador-1967-a-durer-150-sucre-usado","status":"publish","type":"product","link":"https:\/\/filatelia.cuentista.es\/en\/product\/sello-ecuador-1967-a-durer-150-sucre-usado","title":{"rendered":"Sello Ecuador 1967 &#8211; A Durer &#8211; 1,50 Sucre Usado"},"content":{"rendered":"<p>Venetian Woman by Durer<\/p>\n<p><img class=\"size-full\"><\/p>\n<p>Pa\u00eds:<\/p>\n<p>Ecuador<\/p>\n<p>Serie:<\/p>\n<p>Women Portraits<\/p>\n<p>C\u00f3digo de cat\u00e1logo:<\/p>\n<p>Michel EC 1364<\/p>\n<p>Stamp Number EC 763B<\/p>\n<p>Yvert et Tellier EC PA491<\/p>\n<p>Bertossa EC 1380<\/p>\n<p>Temas:<\/p>\n<p>Arte | Artistas | Mujeres | Pintores | Pinturas<\/p>\n<p>Fecha emisi\u00f3n:<\/p>\n<p>1967-09-09<\/p>\n<p>Tama\u00f1o:<\/p>\n<p>40 x 50 mm<\/p>\n<p>Colores:<\/p>\n<p>Multicolor<\/p>\n<p>Marca de agua:<\/p>\n<p>Sin Marca de agua<\/p>\n<p>Impresores\/Imprentas:<\/p>\n<p>De La Rue de Colombia<\/p>\n<p>Formato:<\/p>\n<p>Sello<\/p>\n<p>Emisi\u00f3n:<\/p>\n<p>Correo A\u00e9reo<\/p>\n<p>Perforaci\u00f3n:<\/p>\n<p>peine14 x 13\u00be<\/p>\n<p>Impresi\u00f3n:<\/p>\n<p>Litograf\u00eda offset<\/p>\n<p>Valor facial:<\/p>\n<p>1,50 S\/. &#8211; Sucre Ecuatoriano<\/p>\n<p><a href=\"https:\/\/colnect.com\/stamps\/stamp\/472236\">https:\/\/colnect.com\/stamps\/stamp\/472236<\/a><\/p>","protected":false},"excerpt":{"rendered":"<p>Venetian Woman by Durer Pa\u00eds: Ecuador Serie: Women Portraits C\u00f3digo de cat\u00e1logo: Michel EC 1364 Stamp Number EC 763B Yvert et Tellier EC PA491 Bertossa EC 1380 Temas: Arte | Artistas | Mujeres | Pintores | Pinturas Fecha emisi\u00f3n: 1967-09-09 Tama\u00f1o: 40 x 50 mm Colores: Multicolor Marca de agua: Sin Marca de agua Impresores\/Imprentas: &hellip;<\/p>\n<p class=\"read-more\"> <a class=\"thunk-readmore button\" href=\"https:\/\/filatelia.cuentista.es\/en\/product\/sello-ecuador-1967-a-durer-150-sucre-usado\"> <span class=\"screen-reader-text\">Sello Ecuador 1967 &#8211; A Durer &#8211; 1,50 Sucre Usado<\/span>Read More<\/a><\/p>","protected":false},"featured_media":7005,"comment_status":"open","ping_status":"closed","template":"","meta":{"_acf_changed":false},"product_brand":[],"product_cat":[815,1213,20],"product_tag":[],"class_list":{"0":"post-7006","1":"product","2":"type-product","3":"status-publish","4":"has-post-thumbnail","6":"product_cat-correo-aereo","7":"product_cat-ecuador","8":"product_cat-sellos-usados","9":"thunk-woo-product-list","10":"opn-qv-enable","11":"open-woo-hover-zoom","12":"open-single-product-tab-horizontal","13":"open-shadow-","14":"open-shadow-hover-","16":"first","17":"instock","18":"shipping-taxable","19":"purchasable","20":"product-type-simple"},"acf":[],"jetpack_sharing_enabled":true,"_links":{"self":[{"href":"https:\/\/filatelia.cuentista.es\/en\/wp-json\/wp\/v2\/product\/7006","targetHints":{"allow":["GET"]}}],"collection":[{"href":"https:\/\/filatelia.cuentista.es\/en\/wp-json\/wp\/v2\/product"}],"about":[{"href":"https:\/\/filatelia.cuentista.es\/en\/wp-json\/wp\/v2\/types\/product"}],"replies":[{"embeddable":true,"href":"https:\/\/filatelia.cuentista.es\/en\/wp-json\/wp\/v2\/comments?post=7006"}],"wp:featuredmedia":[{"embeddable":true,"href":"https:\/\/filatelia.cuentista.es\/en\/wp-json\/wp\/v2\/media\/7005"}],"wp:attachment":[{"href":"https:\/\/filatelia.cuentista.es\/en\/wp-json\/wp\/v2\/media?parent=7006"}],"wp:term":[{"taxonomy":"product_brand","embeddable":true,"href":"https:\/\/filatelia.cuentista.es\/en\/wp-json\/wp\/v2\/product_brand?post=7006"},{"taxonomy":"product_cat","embeddable":true,"href":"https:\/\/filatelia.cuentista.es\/en\/wp-json\/wp\/v2\/product_cat?post=7006"},{"taxonomy":"product_tag","embeddable":true,"href":"https:\/\/filatelia.cuentista.es\/en\/wp-json\/wp\/v2\/product_tag?post=7006"}],"curies":[{"name":"wp","href":"https:\/\/api.w.org\/{rel}","templated":true}]}}