{"id":7000,"date":"2024-12-30T06:58:51","date_gmt":"2024-12-30T06:58:51","guid":{"rendered":"https:\/\/filatelia.cuentista.es\/product\/sello-ecuador-1899-mejia-10-centimos-lila-nuevo"},"modified":"2024-12-30T08:22:58","modified_gmt":"2024-12-30T08:22:58","slug":"sello-ecuador-1899-mejia-10-centimos-lila-nuevo","status":"publish","type":"product","link":"https:\/\/filatelia.cuentista.es\/en\/product\/sello-ecuador-1899-mejia-10-centimos-lila-nuevo","title":{"rendered":"Sello Ecuador 1899 &#8211; Mej\u00eda &#8211; 10 c\u00e9ntimos Lila y Negro &#8211; Usado"},"content":{"rendered":"<p>Jos\u00e9 Mejia Lequerica<\/p>\n<p><img class=\"size-full\"><\/p>\n<p>Pa\u00eds:<\/p>\n<p>Ecuador<\/p>\n<p>Serie:<\/p>\n<p>Definitives of 1899<\/p>\n<p>C\u00f3digo de cat\u00e1logo:<\/p>\n<p>Michel EC 119<\/p>\n<p>Stamp Number EC 140<\/p>\n<p>Yvert et Tellier EC 120<\/p>\n<p>Stanley Gibbons EC 196<\/p>\n<p>Bertossa EC 116<\/p>\n<p>Variantes:<\/p>\n<p>Click para ver variantes<\/p>\n<p>Temas:<\/p>\n<p>Catedr\u00e1ticos | Hombres | Personajes Famosos | Pol\u00edticos<\/p>\n<p>Fecha emisi\u00f3n:<\/p>\n<p>1899-06<\/p>\n<p>Tama\u00f1o:<\/p>\n<p>24 x 29 mm<\/p>\n<p>Colores:<\/p>\n<p>Lila | Negro<\/p>\n<p>Marca de agua:<\/p>\n<p>Sin Marca de agua<\/p>\n<p>Impresores\/Imprentas:<\/p>\n<p>Waterlow &amp; Sons Ltd<\/p>\n<p>Formato:<\/p>\n<p>Sello<\/p>\n<p>Emisi\u00f3n:<\/p>\n<p>Definitivo<\/p>\n<p>Perforaci\u00f3n:<\/p>\n<p>Varios<\/p>\n<p>Impresi\u00f3n:<\/p>\n<p>Rebaje<\/p>\n<p>Valor facial:<\/p>\n<p>10 \u00a2 &#8211; Centavo Ecuatoriano<\/p>\n<p>Puntuaci\u00f3n:<\/p>\n<p>35% Precisi\u00f3n: Alta<\/p>\n<p>Descripci\u00f3n:<\/p>\n<p>Perforation varies from 13.5 to 15.<\/p>\n<p>Variedad: bisected, used as 5c. (BE 116.H)<\/p>\n<p>Jos\u00e9 Mej\u00eda Lequerica (Quito, 24 de mayo de 1775 &#8211; C\u00e1diz, 27 de octubre de 1813) fue un profesor y pol\u00edtico de ascendencia espa\u00f1ola, destacado por su labor como miembro de la Corte de C\u00e1diz donde se hizo famoso por sus dotes en oratoria.<\/p>\n<p><a href=\"https:\/\/colnect.com\/stamps\/stamp\/498804\">https:\/\/colnect.com\/stamps\/stamp\/498804<\/a><\/p>","protected":false},"excerpt":{"rendered":"<p>Jos\u00e9 Mejia Lequerica Pa\u00eds: Ecuador Serie: Definitives of 1899 C\u00f3digo de cat\u00e1logo: Michel EC 119 Stamp Number EC 140 Yvert et Tellier EC 120 Stanley Gibbons EC 196 Bertossa EC 116 Variantes: Click para ver variantes Temas: Catedr\u00e1ticos | Hombres | Personajes Famosos | Pol\u00edticos Fecha emisi\u00f3n: 1899-06 Tama\u00f1o: 24 x 29 mm Colores: Lila &hellip;<\/p>\n<p class=\"read-more\"> <a class=\"thunk-readmore button\" href=\"https:\/\/filatelia.cuentista.es\/en\/product\/sello-ecuador-1899-mejia-10-centimos-lila-nuevo\"> <span class=\"screen-reader-text\">Sello Ecuador 1899 &#8211; Mej\u00eda &#8211; 10 c\u00e9ntimos Lila y Negro &#8211; Usado<\/span>Read More<\/a><\/p>","protected":false},"featured_media":6999,"comment_status":"open","ping_status":"closed","template":"","meta":{"_acf_changed":false},"product_brand":[],"product_cat":[1213,20],"product_tag":[],"class_list":{"0":"post-7000","1":"product","2":"type-product","3":"status-publish","4":"has-post-thumbnail","6":"product_cat-ecuador","7":"product_cat-sellos-usados","8":"thunk-woo-product-list","9":"opn-qv-enable","10":"open-woo-hover-zoom","11":"open-single-product-tab-horizontal","12":"open-shadow-","13":"open-shadow-hover-","15":"first","16":"instock","17":"shipping-taxable","18":"purchasable","19":"product-type-simple"},"acf":[],"jetpack_sharing_enabled":true,"_links":{"self":[{"href":"https:\/\/filatelia.cuentista.es\/en\/wp-json\/wp\/v2\/product\/7000","targetHints":{"allow":["GET"]}}],"collection":[{"href":"https:\/\/filatelia.cuentista.es\/en\/wp-json\/wp\/v2\/product"}],"about":[{"href":"https:\/\/filatelia.cuentista.es\/en\/wp-json\/wp\/v2\/types\/product"}],"replies":[{"embeddable":true,"href":"https:\/\/filatelia.cuentista.es\/en\/wp-json\/wp\/v2\/comments?post=7000"}],"wp:featuredmedia":[{"embeddable":true,"href":"https:\/\/filatelia.cuentista.es\/en\/wp-json\/wp\/v2\/media\/6999"}],"wp:attachment":[{"href":"https:\/\/filatelia.cuentista.es\/en\/wp-json\/wp\/v2\/media?parent=7000"}],"wp:term":[{"taxonomy":"product_brand","embeddable":true,"href":"https:\/\/filatelia.cuentista.es\/en\/wp-json\/wp\/v2\/product_brand?post=7000"},{"taxonomy":"product_cat","embeddable":true,"href":"https:\/\/filatelia.cuentista.es\/en\/wp-json\/wp\/v2\/product_cat?post=7000"},{"taxonomy":"product_tag","embeddable":true,"href":"https:\/\/filatelia.cuentista.es\/en\/wp-json\/wp\/v2\/product_tag?post=7000"}],"curies":[{"name":"wp","href":"https:\/\/api.w.org\/{rel}","templated":true}]}}