{"id":6996,"date":"2024-12-29T20:47:06","date_gmt":"2024-12-29T20:47:06","guid":{"rendered":"https:\/\/filatelia.cuentista.es\/product\/sello-ecuador-1952-timbre-fiscal-escudo-50-centavos-gris-usado-sobreimpreso-postal-para-uso-correos"},"modified":"2024-12-29T20:47:09","modified_gmt":"2024-12-29T20:47:09","slug":"sello-ecuador-1952-timbre-fiscal-escudo-50-centavos-gris-usado-sobreimpreso-postal-para-uso-correos","status":"publish","type":"product","link":"https:\/\/filatelia.cuentista.es\/en\/product\/sello-ecuador-1952-timbre-fiscal-escudo-50-centavos-gris-usado-sobreimpreso-postal-para-uso-correos","title":{"rendered":"Sello Ecuador 1952 &#8211; Timbre Fiscal Escudo &#8211; 50 centavos Gris Usado, sobreimpreso POSTAL para uso Correos"},"content":{"rendered":"<p>Overprinted Fiscal stamp<\/p>\n<p><img class=\"size-full\"><\/p>\n<p>Pa\u00eds:<\/p>\n<p>Ecuador<\/p>\n<p>Serie:<\/p>\n<p>Revenue stamps surcharged for postal use<\/p>\n<p>C\u00f3digo de cat\u00e1logo:<\/p>\n<p>Michel EC 785<\/p>\n<p>Stamp Number EC 562<\/p>\n<p>Yvert et Tellier EC 550<\/p>\n<p>Stanley Gibbons EC 955<\/p>\n<p>Bertossa EC 684<\/p>\n<p>Variantes:<\/p>\n<p>Click para ver variantes<\/p>\n<p>Temas:<\/p>\n<p>Escudo de Armas<\/p>\n<p>Fecha emisi\u00f3n:<\/p>\n<p>1952<\/p>\n<p>Tama\u00f1o:<\/p>\n<p>23 x 38 mm<\/p>\n<p>Colores:<\/p>\n<p>Violeta Marr\u00f3n<\/p>\n<p>Marca de agua:<\/p>\n<p>Sin Marca de agua<\/p>\n<p>Formato:<\/p>\n<p>Sello<\/p>\n<p>Emisi\u00f3n:<\/p>\n<p>Definitivo<\/p>\n<p>Perforaci\u00f3n:<\/p>\n<p>l\u00ednea12<\/p>\n<p>Impresi\u00f3n:<\/p>\n<p>Rebaje<\/p>\n<p>Valor facial:<\/p>\n<p>50 \u00a2 &#8211; Centavo Ecuatoriano<\/p>\n<p>Tiraje:<\/p>\n<p>200.000<\/p>\n<p>Puntuaci\u00f3n:<\/p>\n<p>54% Precisi\u00f3n: Media<\/p>\n<p>Descripci\u00f3n:<\/p>\n<p>Revenue stamp overprinted diagonally in black, from bottom towards top \u00abPOSTAL\u00bb.<\/p>\n<p>Variedad: doble sobreimpresi\u00f3n (BE 684.1)<\/p>\n<p><a href=\"https:\/\/colnect.com\/stamps\/stamp\/499109\">https:\/\/colnect.com\/stamps\/stamp\/499109<\/a><\/p>","protected":false},"excerpt":{"rendered":"<p>Overprinted Fiscal stamp Pa\u00eds: Ecuador Serie: Revenue stamps surcharged for postal use C\u00f3digo de cat\u00e1logo: Michel EC 785 Stamp Number EC 562 Yvert et Tellier EC 550 Stanley Gibbons EC 955 Bertossa EC 684 Variantes: Click para ver variantes Temas: Escudo de Armas Fecha emisi\u00f3n: 1952 Tama\u00f1o: 23 x 38 mm Colores: Violeta Marr\u00f3n Marca &hellip;<\/p>\n<p class=\"read-more\"> <a class=\"thunk-readmore button\" href=\"https:\/\/filatelia.cuentista.es\/en\/product\/sello-ecuador-1952-timbre-fiscal-escudo-50-centavos-gris-usado-sobreimpreso-postal-para-uso-correos\"> <span class=\"screen-reader-text\">Sello Ecuador 1952 &#8211; Timbre Fiscal Escudo &#8211; 50 centavos Gris Usado, sobreimpreso POSTAL para uso Correos<\/span>Read More<\/a><\/p>","protected":false},"featured_media":6995,"comment_status":"open","ping_status":"closed","template":"","meta":{"_acf_changed":false},"product_brand":[],"product_cat":[1213,664,20],"product_tag":[],"class_list":{"0":"post-6996","1":"product","2":"type-product","3":"status-publish","4":"has-post-thumbnail","6":"product_cat-ecuador","7":"product_cat-impuestos","8":"product_cat-sellos-usados","9":"thunk-woo-product-list","10":"opn-qv-enable","11":"open-woo-hover-zoom","12":"open-single-product-tab-horizontal","13":"open-shadow-","14":"open-shadow-hover-","16":"first","17":"instock","18":"shipping-taxable","19":"purchasable","20":"product-type-simple"},"acf":[],"jetpack_sharing_enabled":true,"_links":{"self":[{"href":"https:\/\/filatelia.cuentista.es\/en\/wp-json\/wp\/v2\/product\/6996","targetHints":{"allow":["GET"]}}],"collection":[{"href":"https:\/\/filatelia.cuentista.es\/en\/wp-json\/wp\/v2\/product"}],"about":[{"href":"https:\/\/filatelia.cuentista.es\/en\/wp-json\/wp\/v2\/types\/product"}],"replies":[{"embeddable":true,"href":"https:\/\/filatelia.cuentista.es\/en\/wp-json\/wp\/v2\/comments?post=6996"}],"wp:featuredmedia":[{"embeddable":true,"href":"https:\/\/filatelia.cuentista.es\/en\/wp-json\/wp\/v2\/media\/6995"}],"wp:attachment":[{"href":"https:\/\/filatelia.cuentista.es\/en\/wp-json\/wp\/v2\/media?parent=6996"}],"wp:term":[{"taxonomy":"product_brand","embeddable":true,"href":"https:\/\/filatelia.cuentista.es\/en\/wp-json\/wp\/v2\/product_brand?post=6996"},{"taxonomy":"product_cat","embeddable":true,"href":"https:\/\/filatelia.cuentista.es\/en\/wp-json\/wp\/v2\/product_cat?post=6996"},{"taxonomy":"product_tag","embeddable":true,"href":"https:\/\/filatelia.cuentista.es\/en\/wp-json\/wp\/v2\/product_tag?post=6996"}],"curies":[{"name":"wp","href":"https:\/\/api.w.org\/{rel}","templated":true}]}}