{"id":6986,"date":"2024-12-29T19:22:14","date_gmt":"2024-12-29T19:22:14","guid":{"rendered":"https:\/\/filatelia.cuentista.es\/product\/sello-ecuador-1939-exposicion-de-la-puerta-del-oro-10-centavos-azul-usado"},"modified":"2024-12-29T19:22:17","modified_gmt":"2024-12-29T19:22:17","slug":"sello-ecuador-1939-exposicion-de-la-puerta-del-oro-10-centavos-azul-usado","status":"publish","type":"product","link":"https:\/\/filatelia.cuentista.es\/en\/product\/sello-ecuador-1939-exposicion-de-la-puerta-del-oro-10-centavos-azul-usado","title":{"rendered":"Sello Ecuador 1939 &#8211; Exposici\u00f3n de la puerta del oro &#8211; 10 Centavos Azul Usado"},"content":{"rendered":"<p>House of Dolores Mission, San Francisco<\/p>\n<p><img class=\"size-full\"><\/p>\n<p>Pa\u00eds:<\/p>\n<p>Ecuador<\/p>\n<p>Serie:<\/p>\n<p>San Francisco International Exhibition<\/p>\n<p>C\u00f3digo de cat\u00e1logo:<\/p>\n<p>Michel EC 423<\/p>\n<p>Stamp Number EC 384<\/p>\n<p>Yvert et Tellier EC 376<\/p>\n<p>Stanley Gibbons EC 599<\/p>\n<p>Bertossa EC 462<\/p>\n<p>Temas:<\/p>\n<p>Edificios | Exposiciones | Exposiciones Mundiales | Ferias Comerciales<\/p>\n<p>Fecha emisi\u00f3n:<\/p>\n<p>1939-06-30<\/p>\n<p>Tama\u00f1o:<\/p>\n<p>25 x 31 mm<\/p>\n<p>Colores:<\/p>\n<p>Azul marino<\/p>\n<p>Marca de agua:<\/p>\n<p>Sin Marca de agua<\/p>\n<p>Impresores\/Imprentas:<\/p>\n<p>De La Rue &amp; Co. Ltd.<\/p>\n<p>Formato:<\/p>\n<p>Sello<\/p>\n<p>Emisi\u00f3n:<\/p>\n<p>Conmemorativo<\/p>\n<p>Perforaci\u00f3n:<\/p>\n<p>peine12\u00bd x 13<\/p>\n<p>Impresi\u00f3n:<\/p>\n<p>Rebaje<\/p>\n<p>Valor facial:<\/p>\n<p>10 \u00a2 &#8211; Centavo Ecuatoriano<\/p>\n<p>Tiraje:<\/p>\n<p>1.000.000<\/p>\n<p><a href=\"https:\/\/colnect.com\/stamps\/stamp\/305465\">https:\/\/colnect.com\/stamps\/stamp\/305465<\/a><\/p>","protected":false},"excerpt":{"rendered":"<p>House of Dolores Mission, San Francisco Pa\u00eds: Ecuador Serie: San Francisco International Exhibition C\u00f3digo de cat\u00e1logo: Michel EC 423 Stamp Number EC 384 Yvert et Tellier EC 376 Stanley Gibbons EC 599 Bertossa EC 462 Temas: Edificios | Exposiciones | Exposiciones Mundiales | Ferias Comerciales Fecha emisi\u00f3n: 1939-06-30 Tama\u00f1o: 25 x 31 mm Colores: Azul &hellip;<\/p>\n<p class=\"read-more\"> <a class=\"thunk-readmore button\" href=\"https:\/\/filatelia.cuentista.es\/en\/product\/sello-ecuador-1939-exposicion-de-la-puerta-del-oro-10-centavos-azul-usado\"> <span class=\"screen-reader-text\">Sello Ecuador 1939 &#8211; Exposici\u00f3n de la puerta del oro &#8211; 10 Centavos Azul Usado<\/span>Read More<\/a><\/p>","protected":false},"featured_media":6985,"comment_status":"open","ping_status":"closed","template":"","meta":{"_acf_changed":false},"product_brand":[],"product_cat":[1213,20],"product_tag":[],"class_list":{"0":"post-6986","1":"product","2":"type-product","3":"status-publish","4":"has-post-thumbnail","6":"product_cat-ecuador","7":"product_cat-sellos-usados","8":"thunk-woo-product-list","9":"opn-qv-enable","10":"open-woo-hover-zoom","11":"open-single-product-tab-horizontal","12":"open-shadow-","13":"open-shadow-hover-","15":"first","16":"instock","17":"shipping-taxable","18":"purchasable","19":"product-type-simple"},"acf":[],"jetpack_sharing_enabled":true,"_links":{"self":[{"href":"https:\/\/filatelia.cuentista.es\/en\/wp-json\/wp\/v2\/product\/6986","targetHints":{"allow":["GET"]}}],"collection":[{"href":"https:\/\/filatelia.cuentista.es\/en\/wp-json\/wp\/v2\/product"}],"about":[{"href":"https:\/\/filatelia.cuentista.es\/en\/wp-json\/wp\/v2\/types\/product"}],"replies":[{"embeddable":true,"href":"https:\/\/filatelia.cuentista.es\/en\/wp-json\/wp\/v2\/comments?post=6986"}],"wp:featuredmedia":[{"embeddable":true,"href":"https:\/\/filatelia.cuentista.es\/en\/wp-json\/wp\/v2\/media\/6985"}],"wp:attachment":[{"href":"https:\/\/filatelia.cuentista.es\/en\/wp-json\/wp\/v2\/media?parent=6986"}],"wp:term":[{"taxonomy":"product_brand","embeddable":true,"href":"https:\/\/filatelia.cuentista.es\/en\/wp-json\/wp\/v2\/product_brand?post=6986"},{"taxonomy":"product_cat","embeddable":true,"href":"https:\/\/filatelia.cuentista.es\/en\/wp-json\/wp\/v2\/product_cat?post=6986"},{"taxonomy":"product_tag","embeddable":true,"href":"https:\/\/filatelia.cuentista.es\/en\/wp-json\/wp\/v2\/product_tag?post=6986"}],"curies":[{"name":"wp","href":"https:\/\/api.w.org\/{rel}","templated":true}]}}