{"id":6984,"date":"2024-12-29T17:16:51","date_gmt":"2024-12-29T17:16:51","guid":{"rendered":"https:\/\/filatelia.cuentista.es\/product\/correo-ecuador-1940-seguro-social-del-campesino-5-centavos-rojo-usado"},"modified":"2024-12-29T17:16:54","modified_gmt":"2024-12-29T17:16:54","slug":"correo-ecuador-1940-seguro-social-del-campesino-5-centavos-rojo-usado","status":"publish","type":"product","link":"https:\/\/filatelia.cuentista.es\/en\/product\/correo-ecuador-1940-seguro-social-del-campesino-5-centavos-rojo-usado","title":{"rendered":"Correo Ecuador 1940 &#8211; Seguro Social del Campesino- 5 Centavos Rojo Usado"},"content":{"rendered":"<p>Farmer Ploughing<\/p>\n<p><img class=\"size-full\"><\/p>\n<p>Pa\u00eds:<\/p>\n<p>Ecuador<\/p>\n<p>Serie:<\/p>\n<p>Obligatory Tax. Social Insurance Fund for Rural Workers<\/p>\n<p>C\u00f3digo de cat\u00e1logo:<\/p>\n<p>Michel EC Z47<\/p>\n<p>Stamp Number EC RA48<\/p>\n<p>Yvert et Tellier EC B12<\/p>\n<p>Stanley Gibbons EC 634<\/p>\n<p>Bertossa EC S.52<\/p>\n<p>Temas:<\/p>\n<p>Agricultura | Caballos<\/p>\n<p>Fecha emisi\u00f3n:<\/p>\n<p>1940<\/p>\n<p>Tama\u00f1o:<\/p>\n<p>29 x 24 mm<\/p>\n<p>Colores:<\/p>\n<p>Rosa Carm\u00edn<\/p>\n<p>Marca de agua:<\/p>\n<p>Sin Marca de agua<\/p>\n<p>Impresores\/Imprentas:<\/p>\n<p>De La Rue &amp; Co. Ltd.<\/p>\n<p>Formato:<\/p>\n<p>Sello<\/p>\n<p>Emisi\u00f3n:<\/p>\n<p>Impuestos Postales<\/p>\n<p>Perforaci\u00f3n:<\/p>\n<p>13 x 13\u00bd<\/p>\n<p>Impresi\u00f3n:<\/p>\n<p>Rebaje<\/p>\n<p>Valor facial:<\/p>\n<p>5 \u00a2 &#8211; Centavo Ecuatoriano<\/p>\n<p><a href=\"https:\/\/colnect.com\/stamps\/stamp\/122895\">https:\/\/colnect.com\/stamps\/stamp\/122895<\/a><\/p>","protected":false},"excerpt":{"rendered":"<p>Farmer Ploughing Pa\u00eds: Ecuador Serie: Obligatory Tax. Social Insurance Fund for Rural Workers C\u00f3digo de cat\u00e1logo: Michel EC Z47 Stamp Number EC RA48 Yvert et Tellier EC B12 Stanley Gibbons EC 634 Bertossa EC S.52 Temas: Agricultura | Caballos Fecha emisi\u00f3n: 1940 Tama\u00f1o: 29 x 24 mm Colores: Rosa Carm\u00edn Marca de agua: Sin Marca &hellip;<\/p>\n<p class=\"read-more\"> <a class=\"thunk-readmore button\" href=\"https:\/\/filatelia.cuentista.es\/en\/product\/correo-ecuador-1940-seguro-social-del-campesino-5-centavos-rojo-usado\"> <span class=\"screen-reader-text\">Correo Ecuador 1940 &#8211; Seguro Social del Campesino- 5 Centavos Rojo Usado<\/span>Read More<\/a><\/p>","protected":false},"featured_media":6983,"comment_status":"open","ping_status":"closed","template":"","meta":{"_acf_changed":false},"product_brand":[],"product_cat":[1213,20],"product_tag":[],"class_list":{"0":"post-6984","1":"product","2":"type-product","3":"status-publish","4":"has-post-thumbnail","6":"product_cat-ecuador","7":"product_cat-sellos-usados","8":"thunk-woo-product-list","9":"opn-qv-enable","10":"open-woo-hover-zoom","11":"open-single-product-tab-horizontal","12":"open-shadow-","13":"open-shadow-hover-","15":"first","16":"instock","17":"shipping-taxable","18":"purchasable","19":"product-type-simple"},"acf":[],"jetpack_sharing_enabled":true,"_links":{"self":[{"href":"https:\/\/filatelia.cuentista.es\/en\/wp-json\/wp\/v2\/product\/6984","targetHints":{"allow":["GET"]}}],"collection":[{"href":"https:\/\/filatelia.cuentista.es\/en\/wp-json\/wp\/v2\/product"}],"about":[{"href":"https:\/\/filatelia.cuentista.es\/en\/wp-json\/wp\/v2\/types\/product"}],"replies":[{"embeddable":true,"href":"https:\/\/filatelia.cuentista.es\/en\/wp-json\/wp\/v2\/comments?post=6984"}],"wp:featuredmedia":[{"embeddable":true,"href":"https:\/\/filatelia.cuentista.es\/en\/wp-json\/wp\/v2\/media\/6983"}],"wp:attachment":[{"href":"https:\/\/filatelia.cuentista.es\/en\/wp-json\/wp\/v2\/media?parent=6984"}],"wp:term":[{"taxonomy":"product_brand","embeddable":true,"href":"https:\/\/filatelia.cuentista.es\/en\/wp-json\/wp\/v2\/product_brand?post=6984"},{"taxonomy":"product_cat","embeddable":true,"href":"https:\/\/filatelia.cuentista.es\/en\/wp-json\/wp\/v2\/product_cat?post=6984"},{"taxonomy":"product_tag","embeddable":true,"href":"https:\/\/filatelia.cuentista.es\/en\/wp-json\/wp\/v2\/product_tag?post=6984"}],"curies":[{"name":"wp","href":"https:\/\/api.w.org\/{rel}","templated":true}]}}