{"id":6950,"date":"2024-12-27T22:17:10","date_gmt":"2024-12-27T22:17:10","guid":{"rendered":"https:\/\/filatelia.cuentista.es\/product\/sello-ecuador-1958-perico-60-centavos-usado"},"modified":"2024-12-27T22:17:13","modified_gmt":"2024-12-27T22:17:13","slug":"sello-ecuador-1958-perico-60-centavos-usado","status":"publish","type":"product","link":"https:\/\/filatelia.cuentista.es\/en\/product\/sello-ecuador-1958-perico-60-centavos-usado","title":{"rendered":"Sello Ecuador 1958 &#8211; Perico &#8211; 60 centavos Usado"},"content":{"rendered":"<p>Scarlet-fronted Parakeet (Psittacara wagleri)<\/p>\n<p><img class=\"size-full\"><\/p>\n<p>Pa\u00eds:<\/p>\n<p>Ecuador<\/p>\n<p>Serie:<\/p>\n<p>Tropical Birds<\/p>\n<p>C\u00f3digo de cat\u00e1logo:<\/p>\n<p>Michel EC 984<\/p>\n<p>Stamp Number EC 648<\/p>\n<p>Yvert et Tellier EC 647<\/p>\n<p>Stanley Gibbons EC 1123<\/p>\n<p>Bertossa EC 1032<\/p>\n<p>Temas:<\/p>\n<p>Animales (Fauna) | Aves | Loros<\/p>\n<p>Fecha emisi\u00f3n:<\/p>\n<p>1958-02-03<\/p>\n<p>Tama\u00f1o:<\/p>\n<p>31 x 31 mm<\/p>\n<p>Colores:<\/p>\n<p>Multicolor<\/p>\n<p>Marca de agua:<\/p>\n<p>Sin Marca de agua<\/p>\n<p>Dise\u00f1adores:<\/p>\n<p>Nicol\u00e1s Delgado Espinosa<\/p>\n<p>Impresores\/Imprentas:<\/p>\n<p>De La Rue &amp; Co. Ltd.<\/p>\n<p>Formato:<\/p>\n<p>Sello<\/p>\n<p>Emisi\u00f3n:<\/p>\n<p>Definitivo<\/p>\n<p>Perforaci\u00f3n:<\/p>\n<p>13\u00bd x 13<\/p>\n<p>Impresi\u00f3n:<\/p>\n<p>Litograf\u00eda offset<\/p>\n<p>Valor facial:<\/p>\n<p>60 \u00a2 &#8211; Centavo Ecuatoriano<\/p>\n<p>Tiraje:<\/p>\n<p>2.000.000<\/p>\n<p>Puntuaci\u00f3n:<\/p>\n<p>26% Precisi\u00f3n: Muy alto<\/p>\n<p>Descripci\u00f3n:<\/p>\n<p>This subspecies, P.w. frontatus is separated by some authorities as Cordilleran Parakeet (Psittacara frontatus).<\/p>\n<p><a href=\"https:\/\/colnect.com\/stamps\/stamp\/146287\">https:\/\/colnect.com\/stamps\/stamp\/146287<\/a><\/p>","protected":false},"excerpt":{"rendered":"<p>Scarlet-fronted Parakeet (Psittacara wagleri) Pa\u00eds: Ecuador Serie: Tropical Birds C\u00f3digo de cat\u00e1logo: Michel EC 984 Stamp Number EC 648 Yvert et Tellier EC 647 Stanley Gibbons EC 1123 Bertossa EC 1032 Temas: Animales (Fauna) | Aves | Loros Fecha emisi\u00f3n: 1958-02-03 Tama\u00f1o: 31 x 31 mm Colores: Multicolor Marca de agua: Sin Marca de agua &hellip;<\/p>\n<p class=\"read-more\"> <a class=\"thunk-readmore button\" href=\"https:\/\/filatelia.cuentista.es\/en\/product\/sello-ecuador-1958-perico-60-centavos-usado\"> <span class=\"screen-reader-text\">Sello Ecuador 1958 &#8211; Perico &#8211; 60 centavos Usado<\/span>Read More<\/a><\/p>","protected":false},"featured_media":6949,"comment_status":"open","ping_status":"closed","template":"","meta":{"_acf_changed":false},"product_brand":[],"product_cat":[1213,20],"product_tag":[],"class_list":{"0":"post-6950","1":"product","2":"type-product","3":"status-publish","4":"has-post-thumbnail","6":"product_cat-ecuador","7":"product_cat-sellos-usados","8":"thunk-woo-product-list","9":"opn-qv-enable","10":"open-woo-hover-zoom","11":"open-single-product-tab-horizontal","12":"open-shadow-","13":"open-shadow-hover-","15":"first","16":"instock","17":"shipping-taxable","18":"purchasable","19":"product-type-simple"},"acf":[],"jetpack_sharing_enabled":true,"_links":{"self":[{"href":"https:\/\/filatelia.cuentista.es\/en\/wp-json\/wp\/v2\/product\/6950","targetHints":{"allow":["GET"]}}],"collection":[{"href":"https:\/\/filatelia.cuentista.es\/en\/wp-json\/wp\/v2\/product"}],"about":[{"href":"https:\/\/filatelia.cuentista.es\/en\/wp-json\/wp\/v2\/types\/product"}],"replies":[{"embeddable":true,"href":"https:\/\/filatelia.cuentista.es\/en\/wp-json\/wp\/v2\/comments?post=6950"}],"wp:featuredmedia":[{"embeddable":true,"href":"https:\/\/filatelia.cuentista.es\/en\/wp-json\/wp\/v2\/media\/6949"}],"wp:attachment":[{"href":"https:\/\/filatelia.cuentista.es\/en\/wp-json\/wp\/v2\/media?parent=6950"}],"wp:term":[{"taxonomy":"product_brand","embeddable":true,"href":"https:\/\/filatelia.cuentista.es\/en\/wp-json\/wp\/v2\/product_brand?post=6950"},{"taxonomy":"product_cat","embeddable":true,"href":"https:\/\/filatelia.cuentista.es\/en\/wp-json\/wp\/v2\/product_cat?post=6950"},{"taxonomy":"product_tag","embeddable":true,"href":"https:\/\/filatelia.cuentista.es\/en\/wp-json\/wp\/v2\/product_tag?post=6950"}],"curies":[{"name":"wp","href":"https:\/\/api.w.org\/{rel}","templated":true}]}}