{"id":6942,"date":"2024-12-27T21:35:50","date_gmt":"2024-12-27T21:35:50","guid":{"rendered":"https:\/\/filatelia.cuentista.es\/product\/sello-paraguay-1904-sobreimpreso-habilitado-un-centavo-rojo-y-negro-usado"},"modified":"2025-09-24T10:30:38","modified_gmt":"2025-09-24T10:30:38","slug":"sello-paraguay-1904-sobreimpreso-habilitado-un-centavo-rojo-y-negro-usado","status":"publish","type":"product","link":"https:\/\/filatelia.cuentista.es\/en\/product\/sello-paraguay-1904-sobreimpreso-habilitado-un-centavo-rojo-y-negro-usado","title":{"rendered":"Sello Paraguay 1904 &#8211; Sobreimpreso Habilitado Un Centavo &#8211; Rojo y Negro Usado"},"content":{"rendered":"<p>Surcharged CENTAVO<\/p>\n<p><img class=\"size-full\" \/><\/p>\n<p>Pa\u00eds:<\/p>\n<p>Paraguay<\/p>\n<p>Serie:<\/p>\n<p>Definitive stamps surcharged<\/p>\n<p>C\u00f3digo de cat\u00e1logo:<\/p>\n<p>Michel PY 162<\/p>\n<p>Stamp Number PY 171<\/p>\n<p>Yvert et Tellier PY 163<\/p>\n<p>Stanley Gibbons PY 188<\/p>\n<p>Variantes:<\/p>\n<p>Click para ver variantes<\/p>\n<p>Sobreimpreso:<\/p>\n<p>Click para ver sobreimpresiones y recargos<\/p>\n<p>Tiene variantes menores: 1<\/p>\n<p>Temas:<\/p>\n<p>Edificios | Edificios Gubernamentales<\/p>\n<p>Fecha emisi\u00f3n:<\/p>\n<p>1908<\/p>\n<p>Colores:<\/p>\n<p>Negro | Rosado<\/p>\n<p>Impresores\/Imprentas:<\/p>\n<p>South American Bank Note Co.<\/p>\n<p>Formato:<\/p>\n<p>Sello<\/p>\n<p>Emisi\u00f3n:<\/p>\n<p>Definitivo<\/p>\n<p>Perforaci\u00f3n:<\/p>\n<p>11 x 12<\/p>\n<p>Impresi\u00f3n:<\/p>\n<p>Rebaje<\/p>\n<p>Valor facial:<\/p>\n<p>1 c &#8211; Centavo Paraguayo<\/p>\n<p><a href=\"https:\/\/colnect.com\/stamps\/stamp\/499762\">https:\/\/colnect.com\/stamps\/stamp\/499762<\/a><\/p>","protected":false},"excerpt":{"rendered":"<p>Surcharged CENTAVO Pa\u00eds: Paraguay Serie: Definitive stamps surcharged C\u00f3digo de cat\u00e1logo: Michel PY 162 Stamp Number PY 171 Yvert et Tellier PY 163 Stanley Gibbons PY 188 Variantes: Click para ver variantes Sobreimpreso: Click para ver sobreimpresiones y recargos Tiene variantes menores: 1 Temas: Edificios | Edificios Gubernamentales Fecha emisi\u00f3n: 1908 Colores: Negro | Rosado &hellip;<\/p>\n<p class=\"read-more\"> <a class=\"thunk-readmore button\" href=\"https:\/\/filatelia.cuentista.es\/en\/product\/sello-paraguay-1904-sobreimpreso-habilitado-un-centavo-rojo-y-negro-usado\"> <span class=\"screen-reader-text\">Sello Paraguay 1904 &#8211; Sobreimpreso Habilitado Un Centavo &#8211; Rojo y Negro Usado<\/span>Read More<\/a><\/p>","protected":false},"featured_media":6941,"comment_status":"open","ping_status":"closed","template":"","meta":{"_acf_changed":false},"product_brand":[],"product_cat":[1588,1545,20],"product_tag":[],"class_list":{"0":"post-6942","1":"product","2":"type-product","3":"status-publish","4":"has-post-thumbnail","6":"product_cat-paraguay","7":"product_cat-sobreimpreso","8":"product_cat-sellos-usados","9":"thunk-woo-product-list","10":"opn-qv-enable","11":"open-woo-hover-zoom","12":"open-single-product-tab-horizontal","13":"open-shadow-","14":"open-shadow-hover-","16":"first","17":"instock","18":"shipping-taxable","19":"purchasable","20":"product-type-simple"},"acf":[],"jetpack_sharing_enabled":true,"_links":{"self":[{"href":"https:\/\/filatelia.cuentista.es\/en\/wp-json\/wp\/v2\/product\/6942","targetHints":{"allow":["GET"]}}],"collection":[{"href":"https:\/\/filatelia.cuentista.es\/en\/wp-json\/wp\/v2\/product"}],"about":[{"href":"https:\/\/filatelia.cuentista.es\/en\/wp-json\/wp\/v2\/types\/product"}],"replies":[{"embeddable":true,"href":"https:\/\/filatelia.cuentista.es\/en\/wp-json\/wp\/v2\/comments?post=6942"}],"wp:featuredmedia":[{"embeddable":true,"href":"https:\/\/filatelia.cuentista.es\/en\/wp-json\/wp\/v2\/media\/6941"}],"wp:attachment":[{"href":"https:\/\/filatelia.cuentista.es\/en\/wp-json\/wp\/v2\/media?parent=6942"}],"wp:term":[{"taxonomy":"product_brand","embeddable":true,"href":"https:\/\/filatelia.cuentista.es\/en\/wp-json\/wp\/v2\/product_brand?post=6942"},{"taxonomy":"product_cat","embeddable":true,"href":"https:\/\/filatelia.cuentista.es\/en\/wp-json\/wp\/v2\/product_cat?post=6942"},{"taxonomy":"product_tag","embeddable":true,"href":"https:\/\/filatelia.cuentista.es\/en\/wp-json\/wp\/v2\/product_tag?post=6942"}],"curies":[{"name":"wp","href":"https:\/\/api.w.org\/{rel}","templated":true}]}}