{"id":6917,"date":"2024-12-27T08:54:30","date_gmt":"2024-12-27T08:54:30","guid":{"rendered":"https:\/\/filatelia.cuentista.es\/product\/sello-colombia-1963-concilio-ecumenico-ii-60-ctvs-marron-usado"},"modified":"2024-12-27T08:54:33","modified_gmt":"2024-12-27T08:54:33","slug":"sello-colombia-1963-concilio-ecumenico-ii-60-ctvs-marron-usado","status":"publish","type":"product","link":"https:\/\/filatelia.cuentista.es\/en\/product\/sello-colombia-1963-concilio-ecumenico-ii-60-ctvs-marron-usado","title":{"rendered":"Sello Colombia 1963 &#8211; Concilio Ecum\u00e9nico II &#8211; 60 ctvs Marr\u00f3n usado"},"content":{"rendered":"<p>Pope John XXIII (1881-1963)<\/p>\n<p><img class=\"size-full\"><img class=\"size-full\"><\/p>\n<p>Pa\u00eds:<\/p>\n<p>Colombia<\/p>\n<p>Serie:<\/p>\n<p>Ecumenical Council of the Roman Catholic Church, 2nd Ed.<\/p>\n<p>C\u00f3digo de cat\u00e1logo:<\/p>\n<p>Michel CO 1041<\/p>\n<p>Stamp Number CO C447<\/p>\n<p>Yvert et Tellier CO PA429<\/p>\n<p>Stanley Gibbons CO 1138<\/p>\n<p>Leo Temprano CO 1087<\/p>\n<p>Temas:<\/p>\n<p>Clero | Papas | Personajes Famosos | Religi\u00f3n<\/p>\n<p>Fecha emisi\u00f3n:<\/p>\n<p>1963-03-11<\/p>\n<p>Tama\u00f1o:<\/p>\n<p>30 x 40 mm<\/p>\n<p>Colores:<\/p>\n<p>Ante | Dorado | Rojo marr\u00f3n<\/p>\n<p>Marca de agua:<\/p>\n<p>L\u00edneas onduladas Tipo 5 [Up]<\/p>\n<p>Dise\u00f1adores:<\/p>\n<p>Imre von Mosd\u00f3ssy<\/p>\n<p>Impresores\/Imprentas:<\/p>\n<p>De La Rue de Colombia<\/p>\n<p>Formato:<\/p>\n<p>Sello<\/p>\n<p>Emisi\u00f3n:<\/p>\n<p>Correo A\u00e9reo<\/p>\n<p>Perforaci\u00f3n:<\/p>\n<p>peine14<\/p>\n<p>Impresi\u00f3n:<\/p>\n<p>Fotograbado<\/p>\n<p>Valor facial:<\/p>\n<p>60 c &#8211; Centavo Colombiano<\/p>\n<p>Tiraje:<\/p>\n<p>1.000.000<\/p>\n<p>Puntuaci\u00f3n:<\/p>\n<p>17% Precisi\u00f3n: Muy alto<\/p>\n<p>Descripci\u00f3n:<\/p>\n<p>The Second Ecumenical Council of the Vatican, addressed relations between the Catholic Church and the modern world. It was the twenty-first and most recent ecumenical council of the Catholic Church and the second to be held at St. Peter&#8217;s Basilica in the Vatican. The council, through the Holy See, formally opened under the pontificate of Pope John XXIII on 11 October 1962 and closed under Pope Paul VI on the Feast of the Immaculate Conception on 8 December 1965.<\/p>\n<p><a href=\"https:\/\/colnect.com\/stamps\/stamp\/297845\">https:\/\/colnect.com\/stamps\/stamp\/297845<\/a><\/p>\n","protected":false},"excerpt":{"rendered":"<p>Pope John XXIII (1881-1963) Pa\u00eds: Colombia Serie: Ecumenical Council of the Roman Catholic Church, 2nd Ed. C\u00f3digo de cat\u00e1logo: Michel CO 1041 Stamp Number CO C447 Yvert et Tellier CO PA429 Stanley Gibbons CO 1138 Leo Temprano CO 1087 Temas: Clero | Papas | Personajes Famosos | Religi\u00f3n Fecha emisi\u00f3n: 1963-03-11 Tama\u00f1o: 30 x 40 &hellip;<\/p>\n<p class=\"read-more\"> <a class=\"thunk-readmore button\" href=\"https:\/\/filatelia.cuentista.es\/en\/product\/sello-colombia-1963-concilio-ecumenico-ii-60-ctvs-marron-usado\"> <span class=\"screen-reader-text\">Sello Colombia 1963 &#8211; Concilio Ecum\u00e9nico II &#8211; 60 ctvs Marr\u00f3n usado<\/span>Read More<\/a><\/p>","protected":false},"featured_media":6916,"comment_status":"open","ping_status":"closed","template":"","meta":{"_acf_changed":false},"product_brand":[],"product_cat":[1374,20],"product_tag":[],"class_list":{"0":"post-6917","1":"product","2":"type-product","3":"status-publish","4":"has-post-thumbnail","6":"product_cat-colombia","7":"product_cat-sellos-usados","8":"thunk-woo-product-list","9":"opn-qv-enable","10":"open-woo-hover-zoom","11":"open-single-product-tab-horizontal","12":"open-shadow-","13":"open-shadow-hover-","15":"first","16":"instock","17":"shipping-taxable","18":"purchasable","19":"product-type-simple"},"acf":[],"jetpack_sharing_enabled":true,"_links":{"self":[{"href":"https:\/\/filatelia.cuentista.es\/en\/wp-json\/wp\/v2\/product\/6917","targetHints":{"allow":["GET"]}}],"collection":[{"href":"https:\/\/filatelia.cuentista.es\/en\/wp-json\/wp\/v2\/product"}],"about":[{"href":"https:\/\/filatelia.cuentista.es\/en\/wp-json\/wp\/v2\/types\/product"}],"replies":[{"embeddable":true,"href":"https:\/\/filatelia.cuentista.es\/en\/wp-json\/wp\/v2\/comments?post=6917"}],"wp:featuredmedia":[{"embeddable":true,"href":"https:\/\/filatelia.cuentista.es\/en\/wp-json\/wp\/v2\/media\/6916"}],"wp:attachment":[{"href":"https:\/\/filatelia.cuentista.es\/en\/wp-json\/wp\/v2\/media?parent=6917"}],"wp:term":[{"taxonomy":"product_brand","embeddable":true,"href":"https:\/\/filatelia.cuentista.es\/en\/wp-json\/wp\/v2\/product_brand?post=6917"},{"taxonomy":"product_cat","embeddable":true,"href":"https:\/\/filatelia.cuentista.es\/en\/wp-json\/wp\/v2\/product_cat?post=6917"},{"taxonomy":"product_tag","embeddable":true,"href":"https:\/\/filatelia.cuentista.es\/en\/wp-json\/wp\/v2\/product_tag?post=6917"}],"curies":[{"name":"wp","href":"https:\/\/api.w.org\/{rel}","templated":true}]}}