{"id":6911,"date":"2024-12-27T07:28:11","date_gmt":"2024-12-27T07:28:11","guid":{"rendered":"https:\/\/filatelia.cuentista.es\/product\/sello-colombia-1959-el-mono-de-la-pila-50-centimos-sobreimpreso-en-60ct-marron-usado-aereo"},"modified":"2024-12-27T07:28:14","modified_gmt":"2024-12-27T07:28:14","slug":"sello-colombia-1959-el-mono-de-la-pila-50-centimos-sobreimpreso-en-60ct-marron-usado-aereo","status":"publish","type":"product","link":"https:\/\/filatelia.cuentista.es\/en\/product\/sello-colombia-1959-el-mono-de-la-pila-50-centimos-sobreimpreso-en-60ct-marron-usado-aereo","title":{"rendered":"Sello Colombia 1959 &#8211; El mono de la Pila &#8211; 50 c\u00e9ntimos sobreimpreso en 60ct Marr\u00f3n Usado  &#8211; A\u00e9reo"},"content":{"rendered":"<p>Mono Fountain, Tunja Overprinted<\/p>\n<p><img class=\"size-full\"><\/p>\n<p>Pa\u00eds:<\/p>\n<p>Colombia<\/p>\n<p>Serie:<\/p>\n<p>Previous issues Overprinted (1958-59)<\/p>\n<p>C\u00f3digo de cat\u00e1logo:<\/p>\n<p>Michel CO 855<\/p>\n<p>Stamp Number CO C321<\/p>\n<p>Yvert et Tellier CO PA319<\/p>\n<p>Stanley Gibbons CO 960<\/p>\n<p>Leo Temprano CO 925<\/p>\n<p>Sobreimpreso:<\/p>\n<p>Click para ver sobreimpresiones y recargos<\/p>\n<p>Temas:<\/p>\n<p>Fuentes<\/p>\n<p>Fecha emisi\u00f3n:<\/p>\n<p>1959-08-24<\/p>\n<p>Tama\u00f1o:<\/p>\n<p>30 x 35 mm<\/p>\n<p>Colores:<\/p>\n<p>Marr\u00f3n oscuro<\/p>\n<p>Marca de agua:<\/p>\n<p>Sin Marca de agua<\/p>\n<p>Formato:<\/p>\n<p>Sello<\/p>\n<p>Emisi\u00f3n:<\/p>\n<p>Correo A\u00e9reo<\/p>\n<p>Perforaci\u00f3n:<\/p>\n<p>13<\/p>\n<p>Impresi\u00f3n:<\/p>\n<p>Rebaje<\/p>\n<p>Valor facial:<\/p>\n<p>50 c &#8211; Centavo Colombiano<\/p>\n<p>Tiraje:<\/p>\n<p>433.200<\/p>\n<p>Puntuaci\u00f3n:<\/p>\n<p>32% Precisi\u00f3n: Alta<\/p>\n<p>Descripci\u00f3n:<\/p>\n<p>Sn CO C247 or Mi.Nr.:678 surcharged in Dark Blue.<\/p>\n<p>El \u00abPila del Mono\u00bb, is a monument located in the historic center of Tunja, Colombia. This monument was erected in the main square and for three centuries, it was the place where the inhabitants of the city gets their water.<\/p>\n<p>The monkey represents the god of silence. He has the right index finger on his lips, telling the waterers to refrain from talking during the time of collecting water. The sculpture was made by Diego Morales.<\/p>\n<p><a href=\"https:\/\/colnect.com\/stamps\/stamp\/317007\">https:\/\/colnect.com\/stamps\/stamp\/317007<\/a><\/p>","protected":false},"excerpt":{"rendered":"<p>Mono Fountain, Tunja Overprinted Pa\u00eds: Colombia Serie: Previous issues Overprinted (1958-59) C\u00f3digo de cat\u00e1logo: Michel CO 855 Stamp Number CO C321 Yvert et Tellier CO PA319 Stanley Gibbons CO 960 Leo Temprano CO 925 Sobreimpreso: Click para ver sobreimpresiones y recargos Temas: Fuentes Fecha emisi\u00f3n: 1959-08-24 Tama\u00f1o: 30 x 35 mm Colores: Marr\u00f3n oscuro Marca &hellip;<\/p>\n<p class=\"read-more\"> <a class=\"thunk-readmore button\" href=\"https:\/\/filatelia.cuentista.es\/en\/product\/sello-colombia-1959-el-mono-de-la-pila-50-centimos-sobreimpreso-en-60ct-marron-usado-aereo\"> <span class=\"screen-reader-text\">Sello Colombia 1959 &#8211; El mono de la Pila &#8211; 50 c\u00e9ntimos sobreimpreso en 60ct Marr\u00f3n Usado  &#8211; A\u00e9reo<\/span>Read More<\/a><\/p>","protected":false},"featured_media":6910,"comment_status":"open","ping_status":"closed","template":"","meta":{"_acf_changed":false},"product_brand":[],"product_cat":[1374,20],"product_tag":[],"class_list":{"0":"post-6911","1":"product","2":"type-product","3":"status-publish","4":"has-post-thumbnail","6":"product_cat-colombia","7":"product_cat-sellos-usados","8":"thunk-woo-product-list","9":"opn-qv-enable","10":"open-woo-hover-zoom","11":"open-single-product-tab-horizontal","12":"open-shadow-","13":"open-shadow-hover-","15":"first","16":"instock","17":"shipping-taxable","18":"purchasable","19":"product-type-simple"},"acf":[],"jetpack_sharing_enabled":true,"_links":{"self":[{"href":"https:\/\/filatelia.cuentista.es\/en\/wp-json\/wp\/v2\/product\/6911","targetHints":{"allow":["GET"]}}],"collection":[{"href":"https:\/\/filatelia.cuentista.es\/en\/wp-json\/wp\/v2\/product"}],"about":[{"href":"https:\/\/filatelia.cuentista.es\/en\/wp-json\/wp\/v2\/types\/product"}],"replies":[{"embeddable":true,"href":"https:\/\/filatelia.cuentista.es\/en\/wp-json\/wp\/v2\/comments?post=6911"}],"wp:featuredmedia":[{"embeddable":true,"href":"https:\/\/filatelia.cuentista.es\/en\/wp-json\/wp\/v2\/media\/6910"}],"wp:attachment":[{"href":"https:\/\/filatelia.cuentista.es\/en\/wp-json\/wp\/v2\/media?parent=6911"}],"wp:term":[{"taxonomy":"product_brand","embeddable":true,"href":"https:\/\/filatelia.cuentista.es\/en\/wp-json\/wp\/v2\/product_brand?post=6911"},{"taxonomy":"product_cat","embeddable":true,"href":"https:\/\/filatelia.cuentista.es\/en\/wp-json\/wp\/v2\/product_cat?post=6911"},{"taxonomy":"product_tag","embeddable":true,"href":"https:\/\/filatelia.cuentista.es\/en\/wp-json\/wp\/v2\/product_tag?post=6911"}],"curies":[{"name":"wp","href":"https:\/\/api.w.org\/{rel}","templated":true}]}}