{"id":6905,"date":"2024-12-27T07:15:13","date_gmt":"2024-12-27T07:15:13","guid":{"rendered":"https:\/\/filatelia.cuentista.es\/product\/bloque-de-4-ecuador-servicio-aereo-2-centavos-nuevo"},"modified":"2024-12-27T07:19:12","modified_gmt":"2024-12-27T07:19:12","slug":"bloque-de-4-ecuador-servicio-aereo-2-centavos-nuevo","status":"publish","type":"product","link":"https:\/\/filatelia.cuentista.es\/en\/product\/bloque-de-4-ecuador-servicio-aereo-2-centavos-nuevo","title":{"rendered":"Bloque de 4 Ecuador 1929 &#8211; Servicio A\u00e9reo 2 Centavos Nuevo"},"content":{"rendered":"<p>Plane over Guayaquil<\/p>\n<p><img class=\"size-full\"><\/p>\n<p>Pa\u00eds:<\/p>\n<p>Ecuador<\/p>\n<p>Serie:<\/p>\n<p>Officials &#8211; Plane over Guayaquil<\/p>\n<p>C\u00f3digo de cat\u00e1logo:<\/p>\n<p>Michel EC D130<\/p>\n<p>Stamp Number EC CO1<\/p>\n<p>Yvert et Tellier EC SPA1<\/p>\n<p>Stanley Gibbons EC O466<\/p>\n<p>Bertossa EC O.178<\/p>\n<p>Variantes:<\/p>\n<p>Click para ver variantes<\/p>\n<p>Temas:<\/p>\n<p>Aviaci\u00f3n | Aviones | Paisajes \/ Vistas de Ciudades<\/p>\n<p>Fecha emisi\u00f3n:<\/p>\n<p>1929-05-05<\/p>\n<p>Colores:<\/p>\n<p>Negro<\/p>\n<p>Marca de agua:<\/p>\n<p>Sin Marca de agua<\/p>\n<p>Impresores\/Imprentas:<\/p>\n<p>American Bank Note Co.<\/p>\n<p>Formato:<\/p>\n<p>Sello<\/p>\n<p>Emisi\u00f3n:<\/p>\n<p>Correo A\u00e9reo Oficial<\/p>\n<p>Perforaci\u00f3n:<\/p>\n<p>l\u00ednea12<\/p>\n<p>Impresi\u00f3n:<\/p>\n<p>Rebaje<\/p>\n<p>Valor facial:<\/p>\n<p>2 \u00a2 &#8211; Centavo Ecuatoriano<\/p>\n<p>Tiraje:<\/p>\n<p>50.000<\/p>\n<p>Puntuaci\u00f3n:<\/p>\n<p>83% Precisi\u00f3n: Media<\/p>\n<p>Descripci\u00f3n:<\/p>\n<p>Air mail stamp overprinted horizontally, in red OFICIAL.<\/p>\n<p>Establishment of Commercial Air Service in Ecuador.<\/p>\n<p><a href=\"https:\/\/colnect.com\/stamps\/stamp\/528014\">\ufffchttps:\/\/colnect.com\/stamps\/stamp\/528014<\/a><\/p>","protected":false},"excerpt":{"rendered":"<p>Plane over Guayaquil Pa\u00eds: Ecuador Serie: Officials &#8211; Plane over Guayaquil C\u00f3digo de cat\u00e1logo: Michel EC D130 Stamp Number EC CO1 Yvert et Tellier EC SPA1 Stanley Gibbons EC O466 Bertossa EC O.178 Variantes: Click para ver variantes Temas: Aviaci\u00f3n | Aviones | Paisajes \/ Vistas de Ciudades Fecha emisi\u00f3n: 1929-05-05 Colores: Negro Marca de &hellip;<\/p>\n<p class=\"read-more\"> <a class=\"thunk-readmore button\" href=\"https:\/\/filatelia.cuentista.es\/en\/product\/bloque-de-4-ecuador-servicio-aereo-2-centavos-nuevo\"> <span class=\"screen-reader-text\">Bloque de 4 Ecuador 1929 &#8211; Servicio A\u00e9reo 2 Centavos Nuevo<\/span>Read More<\/a><\/p>","protected":false},"featured_media":6904,"comment_status":"open","ping_status":"closed","template":"","meta":{"_acf_changed":false},"product_brand":[],"product_cat":[1587,1213,21],"product_tag":[],"class_list":{"0":"post-6905","1":"product","2":"type-product","3":"status-publish","4":"has-post-thumbnail","6":"product_cat-bloque-de-4","7":"product_cat-ecuador","8":"product_cat-sellos-nuevos","9":"thunk-woo-product-list","10":"opn-qv-enable","11":"open-woo-hover-zoom","12":"open-single-product-tab-horizontal","13":"open-shadow-","14":"open-shadow-hover-","16":"first","17":"instock","18":"shipping-taxable","19":"purchasable","20":"product-type-simple"},"acf":[],"jetpack_sharing_enabled":true,"_links":{"self":[{"href":"https:\/\/filatelia.cuentista.es\/en\/wp-json\/wp\/v2\/product\/6905","targetHints":{"allow":["GET"]}}],"collection":[{"href":"https:\/\/filatelia.cuentista.es\/en\/wp-json\/wp\/v2\/product"}],"about":[{"href":"https:\/\/filatelia.cuentista.es\/en\/wp-json\/wp\/v2\/types\/product"}],"replies":[{"embeddable":true,"href":"https:\/\/filatelia.cuentista.es\/en\/wp-json\/wp\/v2\/comments?post=6905"}],"wp:featuredmedia":[{"embeddable":true,"href":"https:\/\/filatelia.cuentista.es\/en\/wp-json\/wp\/v2\/media\/6904"}],"wp:attachment":[{"href":"https:\/\/filatelia.cuentista.es\/en\/wp-json\/wp\/v2\/media?parent=6905"}],"wp:term":[{"taxonomy":"product_brand","embeddable":true,"href":"https:\/\/filatelia.cuentista.es\/en\/wp-json\/wp\/v2\/product_brand?post=6905"},{"taxonomy":"product_cat","embeddable":true,"href":"https:\/\/filatelia.cuentista.es\/en\/wp-json\/wp\/v2\/product_cat?post=6905"},{"taxonomy":"product_tag","embeddable":true,"href":"https:\/\/filatelia.cuentista.es\/en\/wp-json\/wp\/v2\/product_tag?post=6905"}],"curies":[{"name":"wp","href":"https:\/\/api.w.org\/{rel}","templated":true}]}}