{"id":6903,"date":"2024-12-27T02:19:29","date_gmt":"2024-12-27T02:19:29","guid":{"rendered":"https:\/\/filatelia.cuentista.es\/product\/sello-uruguay-1905-mujer-con-oveja-10-centavos-marron-usado-danado"},"modified":"2024-12-27T02:19:32","modified_gmt":"2024-12-27T02:19:32","slug":"sello-uruguay-1905-mujer-con-oveja-10-centavos-marron-usado-danado","status":"publish","type":"product","link":"https:\/\/filatelia.cuentista.es\/en\/product\/sello-uruguay-1905-mujer-con-oveja-10-centavos-marron-usado-danado","title":{"rendered":"Sello Uruguay 1905 &#8211; mujer con oveja &#8211; 10 centavos Marr\u00f3n Usado &#8211; Da\u00f1ado"},"content":{"rendered":"<p>Shepherdess and Sheep<\/p>\n<p><img class=\"size-full\"><\/p>\n<p>Pa\u00eds:<\/p>\n<p>Uruguay<\/p>\n<p>Serie:<\/p>\n<p>Definitives 1904-1905<\/p>\n<p>C\u00f3digo de cat\u00e1logo:<\/p>\n<p>Michel UY 161<\/p>\n<p>Stamp Number UY 164<\/p>\n<p>Yvert et Tellier UY 164<\/p>\n<p>Stanley Gibbons UY 255<\/p>\n<p>Ciardi UY 164<\/p>\n<p>Sobreimpreso:<\/p>\n<p>Click para ver sobreimpresiones y recargos<\/p>\n<p>Tiene variantes menores: 8<\/p>\n<p>Temas:<\/p>\n<p>Animales (Fauna) | Mam\u00edferos | Ovejas<\/p>\n<p>Fecha emisi\u00f3n:<\/p>\n<p>1905-02-13<\/p>\n<p>Fecha de caducidad:<\/p>\n<p>1908-10-10<\/p>\n<p>Tama\u00f1o:<\/p>\n<p>21 x 25 mm<\/p>\n<p>Colores:<\/p>\n<p>Violeta Pizarra<\/p>\n<p>Marca de agua:<\/p>\n<p>Sin Marca de agua<\/p>\n<p>Impresores\/Imprentas:<\/p>\n<p>Escuela Nacional de Artes y Oficios<\/p>\n<p>Formato:<\/p>\n<p>Sello<\/p>\n<p>Emisi\u00f3n:<\/p>\n<p>Definitivo<\/p>\n<p>Perforaci\u00f3n:<\/p>\n<p>11\u00bd<\/p>\n<p>Impresi\u00f3n:<\/p>\n<p>Litograf\u00eda<\/p>\n<p>Papel:<\/p>\n<p>thin<\/p>\n<p>Valor facial:<\/p>\n<p>10 Cent\u00e9simo Uruguayo<\/p>\n<p><a href=\"https:\/\/colnect.com\/stamps\/stamp\/225278\">https:\/\/colnect.com\/stamps\/stamp\/225278<\/a><\/p>","protected":false},"excerpt":{"rendered":"<p>Shepherdess and Sheep Pa\u00eds: Uruguay Serie: Definitives 1904-1905 C\u00f3digo de cat\u00e1logo: Michel UY 161 Stamp Number UY 164 Yvert et Tellier UY 164 Stanley Gibbons UY 255 Ciardi UY 164 Sobreimpreso: Click para ver sobreimpresiones y recargos Tiene variantes menores: 8 Temas: Animales (Fauna) | Mam\u00edferos | Ovejas Fecha emisi\u00f3n: 1905-02-13 Fecha de caducidad: 1908-10-10 &hellip;<\/p>\n<p class=\"read-more\"> <a class=\"thunk-readmore button\" href=\"https:\/\/filatelia.cuentista.es\/en\/product\/sello-uruguay-1905-mujer-con-oveja-10-centavos-marron-usado-danado\"> <span class=\"screen-reader-text\">Sello Uruguay 1905 &#8211; mujer con oveja &#8211; 10 centavos Marr\u00f3n Usado &#8211; Da\u00f1ado<\/span>Read More<\/a><\/p>","protected":false},"featured_media":6902,"comment_status":"open","ping_status":"closed","template":"","meta":{"_acf_changed":false},"product_brand":[],"product_cat":[763,20],"product_tag":[],"class_list":{"0":"post-6903","1":"product","2":"type-product","3":"status-publish","4":"has-post-thumbnail","6":"product_cat-uruguay","7":"product_cat-sellos-usados","8":"thunk-woo-product-list","9":"opn-qv-enable","10":"open-woo-hover-zoom","11":"open-single-product-tab-horizontal","12":"open-shadow-","13":"open-shadow-hover-","15":"first","16":"instock","17":"shipping-taxable","18":"purchasable","19":"product-type-simple"},"acf":[],"jetpack_sharing_enabled":true,"_links":{"self":[{"href":"https:\/\/filatelia.cuentista.es\/en\/wp-json\/wp\/v2\/product\/6903","targetHints":{"allow":["GET"]}}],"collection":[{"href":"https:\/\/filatelia.cuentista.es\/en\/wp-json\/wp\/v2\/product"}],"about":[{"href":"https:\/\/filatelia.cuentista.es\/en\/wp-json\/wp\/v2\/types\/product"}],"replies":[{"embeddable":true,"href":"https:\/\/filatelia.cuentista.es\/en\/wp-json\/wp\/v2\/comments?post=6903"}],"wp:featuredmedia":[{"embeddable":true,"href":"https:\/\/filatelia.cuentista.es\/en\/wp-json\/wp\/v2\/media\/6902"}],"wp:attachment":[{"href":"https:\/\/filatelia.cuentista.es\/en\/wp-json\/wp\/v2\/media?parent=6903"}],"wp:term":[{"taxonomy":"product_brand","embeddable":true,"href":"https:\/\/filatelia.cuentista.es\/en\/wp-json\/wp\/v2\/product_brand?post=6903"},{"taxonomy":"product_cat","embeddable":true,"href":"https:\/\/filatelia.cuentista.es\/en\/wp-json\/wp\/v2\/product_cat?post=6903"},{"taxonomy":"product_tag","embeddable":true,"href":"https:\/\/filatelia.cuentista.es\/en\/wp-json\/wp\/v2\/product_tag?post=6903"}],"curies":[{"name":"wp","href":"https:\/\/api.w.org\/{rel}","templated":true}]}}