{"id":6901,"date":"2024-12-27T02:15:58","date_gmt":"2024-12-27T02:15:58","guid":{"rendered":"https:\/\/filatelia.cuentista.es\/product\/sello-uruguay-1966-winston-churchill-2-usado"},"modified":"2024-12-27T02:16:01","modified_gmt":"2024-12-27T02:16:01","slug":"sello-uruguay-1966-winston-churchill-2-usado","status":"publish","type":"product","link":"https:\/\/filatelia.cuentista.es\/en\/product\/sello-uruguay-1966-winston-churchill-2-usado","title":{"rendered":"Sello Uruguay 1966 &#8211; Winston Churchill- 2$ Usado"},"content":{"rendered":"<p>Winston Churchill<\/p>\n<p><img class=\"size-full\"><img class=\"size-full\"><\/p>\n<p>Pa\u00eds:<\/p>\n<p>Uruguay<\/p>\n<p>Serie:<\/p>\n<p>Sir Winston Churchill, death Anniv.<\/p>\n<p>C\u00f3digo de cat\u00e1logo:<\/p>\n<p>Michel UY 1028<\/p>\n<p>Stamp Number UY C284<\/p>\n<p>Yvert et Tellier UY PA278<\/p>\n<p>Stanley Gibbons UY 1284<\/p>\n<p>Ciardi UY A278<\/p>\n<p>Tiene variantes menores: 2<\/p>\n<p>Temas:<\/p>\n<p>Aniversarios y Jubileos | Estadistas | Ganadores del Premio Nobel | Gente de Letras (escritores y poetas) | Literatura | Personajes Famosos | Pol\u00edticos<\/p>\n<p>Fecha emisi\u00f3n:<\/p>\n<p>1966-01-25<\/p>\n<p>Tama\u00f1o:<\/p>\n<p>28 x 38 mm<\/p>\n<p>Colores:<\/p>\n<p>Multicolor<\/p>\n<p>Marca de agua:<\/p>\n<p>ROU en Sol [Up]<\/p>\n<p>Dise\u00f1adores:<\/p>\n<p>Angel Medina<\/p>\n<p>Impresores\/Imprentas:<\/p>\n<p>Imprenta Nacional, Montevideo<\/p>\n<p>Formato:<\/p>\n<p>Sello<\/p>\n<p>Emisi\u00f3n:<\/p>\n<p>Correo A\u00e9reo<\/p>\n<p>Perforaci\u00f3n:<\/p>\n<p>peine12<\/p>\n<p>Impresi\u00f3n:<\/p>\n<p>Litograf\u00eda offset<\/p>\n<p>Papel:<\/p>\n<p>Medium<\/p>\n<p>Valor facial:<\/p>\n<p>2 $ &#8211; Peso Uruguayo<\/p>\n<p>Tiraje:<\/p>\n<p>300.000<\/p>\n<p><a href=\"https:\/\/colnect.com\/stamps\/stamp\/367364\">https:\/\/colnect.com\/stamps\/stamp\/367364<\/a><\/p>\n","protected":false},"excerpt":{"rendered":"<p>Winston Churchill Pa\u00eds: Uruguay Serie: Sir Winston Churchill, death Anniv. C\u00f3digo de cat\u00e1logo: Michel UY 1028 Stamp Number UY C284 Yvert et Tellier UY PA278 Stanley Gibbons UY 1284 Ciardi UY A278 Tiene variantes menores: 2 Temas: Aniversarios y Jubileos | Estadistas | Ganadores del Premio Nobel | Gente de Letras (escritores y poetas) | &hellip;<\/p>\n<p class=\"read-more\"> <a class=\"thunk-readmore button\" href=\"https:\/\/filatelia.cuentista.es\/en\/product\/sello-uruguay-1966-winston-churchill-2-usado\"> <span class=\"screen-reader-text\">Sello Uruguay 1966 &#8211; Winston Churchill- 2$ Usado<\/span>Read More<\/a><\/p>","protected":false},"featured_media":6900,"comment_status":"open","ping_status":"closed","template":"","meta":{"_acf_changed":false},"product_brand":[],"product_cat":[763,20],"product_tag":[],"class_list":{"0":"post-6901","1":"product","2":"type-product","3":"status-publish","4":"has-post-thumbnail","6":"product_cat-uruguay","7":"product_cat-sellos-usados","8":"thunk-woo-product-list","9":"opn-qv-enable","10":"open-woo-hover-zoom","11":"open-single-product-tab-horizontal","12":"open-shadow-","13":"open-shadow-hover-","15":"first","16":"instock","17":"shipping-taxable","18":"purchasable","19":"product-type-simple"},"acf":[],"jetpack_sharing_enabled":true,"_links":{"self":[{"href":"https:\/\/filatelia.cuentista.es\/en\/wp-json\/wp\/v2\/product\/6901","targetHints":{"allow":["GET"]}}],"collection":[{"href":"https:\/\/filatelia.cuentista.es\/en\/wp-json\/wp\/v2\/product"}],"about":[{"href":"https:\/\/filatelia.cuentista.es\/en\/wp-json\/wp\/v2\/types\/product"}],"replies":[{"embeddable":true,"href":"https:\/\/filatelia.cuentista.es\/en\/wp-json\/wp\/v2\/comments?post=6901"}],"wp:featuredmedia":[{"embeddable":true,"href":"https:\/\/filatelia.cuentista.es\/en\/wp-json\/wp\/v2\/media\/6900"}],"wp:attachment":[{"href":"https:\/\/filatelia.cuentista.es\/en\/wp-json\/wp\/v2\/media?parent=6901"}],"wp:term":[{"taxonomy":"product_brand","embeddable":true,"href":"https:\/\/filatelia.cuentista.es\/en\/wp-json\/wp\/v2\/product_brand?post=6901"},{"taxonomy":"product_cat","embeddable":true,"href":"https:\/\/filatelia.cuentista.es\/en\/wp-json\/wp\/v2\/product_cat?post=6901"},{"taxonomy":"product_tag","embeddable":true,"href":"https:\/\/filatelia.cuentista.es\/en\/wp-json\/wp\/v2\/product_tag?post=6901"}],"curies":[{"name":"wp","href":"https:\/\/api.w.org\/{rel}","templated":true}]}}