{"id":6897,"date":"2024-12-26T17:37:21","date_gmt":"2024-12-26T17:37:21","guid":{"rendered":"https:\/\/filatelia.cuentista.es\/product\/sello-uruguay-centenario-de-la-muerte-de-artigas-7-cents-gris-usado"},"modified":"2024-12-26T17:37:48","modified_gmt":"2024-12-26T17:37:48","slug":"sello-uruguay-centenario-de-la-muerte-de-artigas-7-cents-gris-usado","status":"publish","type":"product","link":"https:\/\/filatelia.cuentista.es\/en\/product\/sello-uruguay-centenario-de-la-muerte-de-artigas-7-cents-gris-usado","title":{"rendered":"Sello Uruguay 1952 &#8211; Centenario de la muerte de Artigas &#8211; 7 cents Gris Usado"},"content":{"rendered":"<p>General Jos\u00e9 Artigas Dictating Instructions in 1813<\/p>\n<p><img class=\"size-full\"><\/p>\n<p>Pa\u00eds:<\/p>\n<p>Uruguay<\/p>\n<p>Serie:<\/p>\n<p>Centenary of the death of Gral. Jose Artigas<\/p>\n<p>C\u00f3digo de cat\u00e1logo:<\/p>\n<p>Michel UY 762<\/p>\n<p>Stamp Number UY 591<\/p>\n<p>Yvert et Tellier UY 609<\/p>\n<p>Stanley Gibbons UY 1014<\/p>\n<p>Ciardi UY 609<\/p>\n<p>Temas:<\/p>\n<p>Caballos | Estadistas | Generales | Oficiales Militares | Personajes de la Independencia | Pol\u00edtica<\/p>\n<p>Fecha emisi\u00f3n:<\/p>\n<p>1952-01-07<\/p>\n<p>Tama\u00f1o:<\/p>\n<p>45 x 31 mm<\/p>\n<p>Colores:<\/p>\n<p>Negro | Oliva<\/p>\n<p>Marca de agua:<\/p>\n<p>Sin Marca de agua<\/p>\n<p>Impresores\/Imprentas:<\/p>\n<p>Waterlow &amp; Sons Ltd<\/p>\n<p>Formato:<\/p>\n<p>Sello<\/p>\n<p>Emisi\u00f3n:<\/p>\n<p>Conmemorativo<\/p>\n<p>Perforaci\u00f3n:<\/p>\n<p>13\u00bd x 13<\/p>\n<p>Impresi\u00f3n:<\/p>\n<p>Rebaje<\/p>\n<p>Papel:<\/p>\n<p>Medium<\/p>\n<p>Valor facial:<\/p>\n<p>7 Cent\u00e9simo Uruguayo<\/p>\n<p>Tiraje:<\/p>\n<p>6.000.000<\/p>\n<p><a href=\"https:\/\/colnect.com\/stamps\/stamp\/490490\">https:\/\/colnect.com\/stamps\/stamp\/490490<\/a><\/p>","protected":false},"excerpt":{"rendered":"<p>General Jos\u00e9 Artigas Dictating Instructions in 1813 Pa\u00eds: Uruguay Serie: Centenary of the death of Gral. Jose Artigas C\u00f3digo de cat\u00e1logo: Michel UY 762 Stamp Number UY 591 Yvert et Tellier UY 609 Stanley Gibbons UY 1014 Ciardi UY 609 Temas: Caballos | Estadistas | Generales | Oficiales Militares | Personajes de la Independencia | &hellip;<\/p>\n<p class=\"read-more\"> <a class=\"thunk-readmore button\" href=\"https:\/\/filatelia.cuentista.es\/en\/product\/sello-uruguay-centenario-de-la-muerte-de-artigas-7-cents-gris-usado\"> <span class=\"screen-reader-text\">Sello Uruguay 1952 &#8211; Centenario de la muerte de Artigas &#8211; 7 cents Gris Usado<\/span>Read More<\/a><\/p>","protected":false},"featured_media":6896,"comment_status":"open","ping_status":"closed","template":"","meta":{"_acf_changed":false},"product_brand":[],"product_cat":[763,20],"product_tag":[],"class_list":{"0":"post-6897","1":"product","2":"type-product","3":"status-publish","4":"has-post-thumbnail","6":"product_cat-uruguay","7":"product_cat-sellos-usados","8":"thunk-woo-product-list","9":"opn-qv-enable","10":"open-woo-hover-zoom","11":"open-single-product-tab-horizontal","12":"open-shadow-","13":"open-shadow-hover-","15":"first","16":"instock","17":"shipping-taxable","18":"purchasable","19":"product-type-simple"},"acf":[],"jetpack_sharing_enabled":true,"_links":{"self":[{"href":"https:\/\/filatelia.cuentista.es\/en\/wp-json\/wp\/v2\/product\/6897","targetHints":{"allow":["GET"]}}],"collection":[{"href":"https:\/\/filatelia.cuentista.es\/en\/wp-json\/wp\/v2\/product"}],"about":[{"href":"https:\/\/filatelia.cuentista.es\/en\/wp-json\/wp\/v2\/types\/product"}],"replies":[{"embeddable":true,"href":"https:\/\/filatelia.cuentista.es\/en\/wp-json\/wp\/v2\/comments?post=6897"}],"wp:featuredmedia":[{"embeddable":true,"href":"https:\/\/filatelia.cuentista.es\/en\/wp-json\/wp\/v2\/media\/6896"}],"wp:attachment":[{"href":"https:\/\/filatelia.cuentista.es\/en\/wp-json\/wp\/v2\/media?parent=6897"}],"wp:term":[{"taxonomy":"product_brand","embeddable":true,"href":"https:\/\/filatelia.cuentista.es\/en\/wp-json\/wp\/v2\/product_brand?post=6897"},{"taxonomy":"product_cat","embeddable":true,"href":"https:\/\/filatelia.cuentista.es\/en\/wp-json\/wp\/v2\/product_cat?post=6897"},{"taxonomy":"product_tag","embeddable":true,"href":"https:\/\/filatelia.cuentista.es\/en\/wp-json\/wp\/v2\/product_tag?post=6897"}],"curies":[{"name":"wp","href":"https:\/\/api.w.org\/{rel}","templated":true}]}}