{"id":6895,"date":"2024-12-26T16:39:14","date_gmt":"2024-12-26T16:39:14","guid":{"rendered":"https:\/\/filatelia.cuentista.es\/product\/sello-uruguay-1945-nacimiento-jose-pedro-varela-5-milesimos-verde-usado"},"modified":"2024-12-26T16:39:16","modified_gmt":"2024-12-26T16:39:16","slug":"sello-uruguay-1945-nacimiento-jose-pedro-varela-5-milesimos-verde-usado","status":"publish","type":"product","link":"https:\/\/filatelia.cuentista.es\/en\/product\/sello-uruguay-1945-nacimiento-jose-pedro-varela-5-milesimos-verde-usado","title":{"rendered":"Sello Uruguay 1945 &#8211; Nacimiento Jos\u00e9 Pedro Varela &#8211; 5 Mil\u00e9simos Verde Usado"},"content":{"rendered":"<p>His book \u00abLa Educacion del Pueblo\u00bb<\/p>\n<p><img class=\"size-full\"><\/p>\n<p>Pa\u00eds:<\/p>\n<p>Uruguay<\/p>\n<p>Serie:<\/p>\n<p>Jos\u00e9 Pedro Varela, Birth Cent.<\/p>\n<p>C\u00f3digo de cat\u00e1logo:<\/p>\n<p>Michel UY 665<\/p>\n<p>Stamp Number UY 534<\/p>\n<p>Yvert et Tellier UY 556<\/p>\n<p>Stanley Gibbons UY 901<\/p>\n<p>Ciardi UY 556<\/p>\n<p>Temas:<\/p>\n<p>Libros | Literatura<\/p>\n<p>Fecha emisi\u00f3n:<\/p>\n<p>1945-06-13<\/p>\n<p>Colores:<\/p>\n<p>Verde<\/p>\n<p>Marca de agua:<\/p>\n<p>Sin Marca de agua<\/p>\n<p>Impresores\/Imprentas:<\/p>\n<p>Barreiro y Ramos S.A.<\/p>\n<p>Formato:<\/p>\n<p>Sello<\/p>\n<p>Emisi\u00f3n:<\/p>\n<p>Conmemorativo<\/p>\n<p>Perforaci\u00f3n:<\/p>\n<p>11\u00bd<\/p>\n<p>Impresi\u00f3n:<\/p>\n<p>Litograf\u00eda<\/p>\n<p>Valor facial:<\/p>\n<p>5 Mil\u00e9simo Uruguayo<\/p>\n<p>Tiraje:<\/p>\n<p>1.000.000<\/p>\n<p><a href=\"https:\/\/colnect.com\/stamps\/stamp\/355332\">https:\/\/colnect.com\/stamps\/stamp\/355332<\/a><\/p>","protected":false},"excerpt":{"rendered":"<p>His book \u00abLa Educacion del Pueblo\u00bb Pa\u00eds: Uruguay Serie: Jos\u00e9 Pedro Varela, Birth Cent. C\u00f3digo de cat\u00e1logo: Michel UY 665 Stamp Number UY 534 Yvert et Tellier UY 556 Stanley Gibbons UY 901 Ciardi UY 556 Temas: Libros | Literatura Fecha emisi\u00f3n: 1945-06-13 Colores: Verde Marca de agua: Sin Marca de agua Impresores\/Imprentas: Barreiro y &hellip;<\/p>\n<p class=\"read-more\"> <a class=\"thunk-readmore button\" href=\"https:\/\/filatelia.cuentista.es\/en\/product\/sello-uruguay-1945-nacimiento-jose-pedro-varela-5-milesimos-verde-usado\"> <span class=\"screen-reader-text\">Sello Uruguay 1945 &#8211; Nacimiento Jos\u00e9 Pedro Varela &#8211; 5 Mil\u00e9simos Verde Usado<\/span>Read More<\/a><\/p>","protected":false},"featured_media":6894,"comment_status":"open","ping_status":"closed","template":"","meta":{"_acf_changed":false},"product_brand":[],"product_cat":[763,20],"product_tag":[],"class_list":{"0":"post-6895","1":"product","2":"type-product","3":"status-publish","4":"has-post-thumbnail","6":"product_cat-uruguay","7":"product_cat-sellos-usados","8":"thunk-woo-product-list","9":"opn-qv-enable","10":"open-woo-hover-zoom","11":"open-single-product-tab-horizontal","12":"open-shadow-","13":"open-shadow-hover-","15":"first","16":"instock","17":"shipping-taxable","18":"purchasable","19":"product-type-simple"},"acf":[],"jetpack_sharing_enabled":true,"_links":{"self":[{"href":"https:\/\/filatelia.cuentista.es\/en\/wp-json\/wp\/v2\/product\/6895","targetHints":{"allow":["GET"]}}],"collection":[{"href":"https:\/\/filatelia.cuentista.es\/en\/wp-json\/wp\/v2\/product"}],"about":[{"href":"https:\/\/filatelia.cuentista.es\/en\/wp-json\/wp\/v2\/types\/product"}],"replies":[{"embeddable":true,"href":"https:\/\/filatelia.cuentista.es\/en\/wp-json\/wp\/v2\/comments?post=6895"}],"wp:featuredmedia":[{"embeddable":true,"href":"https:\/\/filatelia.cuentista.es\/en\/wp-json\/wp\/v2\/media\/6894"}],"wp:attachment":[{"href":"https:\/\/filatelia.cuentista.es\/en\/wp-json\/wp\/v2\/media?parent=6895"}],"wp:term":[{"taxonomy":"product_brand","embeddable":true,"href":"https:\/\/filatelia.cuentista.es\/en\/wp-json\/wp\/v2\/product_brand?post=6895"},{"taxonomy":"product_cat","embeddable":true,"href":"https:\/\/filatelia.cuentista.es\/en\/wp-json\/wp\/v2\/product_cat?post=6895"},{"taxonomy":"product_tag","embeddable":true,"href":"https:\/\/filatelia.cuentista.es\/en\/wp-json\/wp\/v2\/product_tag?post=6895"}],"curies":[{"name":"wp","href":"https:\/\/api.w.org\/{rel}","templated":true}]}}