{"id":6891,"date":"2024-12-26T16:29:23","date_gmt":"2024-12-26T16:29:23","guid":{"rendered":"https:\/\/filatelia.cuentista.es\/product\/sello-uruguay-1892-escudo-1-centesimo-verde-usado"},"modified":"2024-12-26T16:29:26","modified_gmt":"2024-12-26T16:29:26","slug":"sello-uruguay-1892-escudo-1-centesimo-verde-usado","status":"publish","type":"product","link":"https:\/\/filatelia.cuentista.es\/en\/product\/sello-uruguay-1892-escudo-1-centesimo-verde-usado","title":{"rendered":"Sello Uruguay 1892 &#8211; Escudo &#8211; 1 cent\u00e9simo Verde Usado"},"content":{"rendered":"<p>Coat of Arms<\/p>\n<p><img class=\"size-full\"><\/p>\n<p>Pa\u00eds:<\/p>\n<p>Uruguay<\/p>\n<p>Serie:<\/p>\n<p>Definitives 1892<\/p>\n<p>C\u00f3digo de cat\u00e1logo:<\/p>\n<p>Michel UY 85<\/p>\n<p>Stamp Number UY 102<\/p>\n<p>Yvert et Tellier UY 88<\/p>\n<p>Stanley Gibbons UY 138<\/p>\n<p>Ciardi UY 88<\/p>\n<p>Tiene variantes menores: 9<\/p>\n<p>Temas:<\/p>\n<p>Caballos | Escalas (Balanzas) | Escudo de Armas<\/p>\n<p>Fecha emisi\u00f3n:<\/p>\n<p>1892-03-09<\/p>\n<p>Fecha de caducidad:<\/p>\n<p>1894-09-01<\/p>\n<p>Colores:<\/p>\n<p>Verde<\/p>\n<p>Marca de agua:<\/p>\n<p>Sin Marca de agua<\/p>\n<p>Impresores\/Imprentas:<\/p>\n<p>Waterlow &amp; Sons Ltd<\/p>\n<p>Formato:<\/p>\n<p>Sello<\/p>\n<p>Emisi\u00f3n:<\/p>\n<p>Definitivo<\/p>\n<p>Perforaci\u00f3n:<\/p>\n<p>Varios<\/p>\n<p>Impresi\u00f3n:<\/p>\n<p>Rebaje<\/p>\n<p>Papel:<\/p>\n<p>white, medium<\/p>\n<p>Valor facial:<\/p>\n<p>1 Cent\u00e9simo Uruguayo<\/p>\n<p>Puntuaci\u00f3n:<\/p>\n<p>24% Precisi\u00f3n: Alta<\/p>\n<p>Descripci\u00f3n:<\/p>\n<p>Impreso en hojas de 100 sellos.<\/p>\n<p>Perforated 14 or 14,50.<\/p>\n<p>(YT claims 15 while MI 13,50 &#8211; 15)<\/p>\n<p><a href=\"https:\/\/colnect.com\/stamps\/stamp\/163513\">https:\/\/colnect.com\/stamps\/stamp\/163513<\/a><\/p>","protected":false},"excerpt":{"rendered":"<p>Coat of Arms Pa\u00eds: Uruguay Serie: Definitives 1892 C\u00f3digo de cat\u00e1logo: Michel UY 85 Stamp Number UY 102 Yvert et Tellier UY 88 Stanley Gibbons UY 138 Ciardi UY 88 Tiene variantes menores: 9 Temas: Caballos | Escalas (Balanzas) | Escudo de Armas Fecha emisi\u00f3n: 1892-03-09 Fecha de caducidad: 1894-09-01 Colores: Verde Marca de agua: &hellip;<\/p>\n<p class=\"read-more\"> <a class=\"thunk-readmore button\" href=\"https:\/\/filatelia.cuentista.es\/en\/product\/sello-uruguay-1892-escudo-1-centesimo-verde-usado\"> <span class=\"screen-reader-text\">Sello Uruguay 1892 &#8211; Escudo &#8211; 1 cent\u00e9simo Verde Usado<\/span>Read More<\/a><\/p>","protected":false},"featured_media":6890,"comment_status":"open","ping_status":"closed","template":"","meta":{"_acf_changed":false},"product_brand":[],"product_cat":[763,20],"product_tag":[],"class_list":{"0":"post-6891","1":"product","2":"type-product","3":"status-publish","4":"has-post-thumbnail","6":"product_cat-uruguay","7":"product_cat-sellos-usados","8":"thunk-woo-product-list","9":"opn-qv-enable","10":"open-woo-hover-zoom","11":"open-single-product-tab-horizontal","12":"open-shadow-","13":"open-shadow-hover-","15":"first","16":"instock","17":"shipping-taxable","18":"purchasable","19":"product-type-simple"},"acf":[],"jetpack_sharing_enabled":true,"_links":{"self":[{"href":"https:\/\/filatelia.cuentista.es\/en\/wp-json\/wp\/v2\/product\/6891","targetHints":{"allow":["GET"]}}],"collection":[{"href":"https:\/\/filatelia.cuentista.es\/en\/wp-json\/wp\/v2\/product"}],"about":[{"href":"https:\/\/filatelia.cuentista.es\/en\/wp-json\/wp\/v2\/types\/product"}],"replies":[{"embeddable":true,"href":"https:\/\/filatelia.cuentista.es\/en\/wp-json\/wp\/v2\/comments?post=6891"}],"wp:featuredmedia":[{"embeddable":true,"href":"https:\/\/filatelia.cuentista.es\/en\/wp-json\/wp\/v2\/media\/6890"}],"wp:attachment":[{"href":"https:\/\/filatelia.cuentista.es\/en\/wp-json\/wp\/v2\/media?parent=6891"}],"wp:term":[{"taxonomy":"product_brand","embeddable":true,"href":"https:\/\/filatelia.cuentista.es\/en\/wp-json\/wp\/v2\/product_brand?post=6891"},{"taxonomy":"product_cat","embeddable":true,"href":"https:\/\/filatelia.cuentista.es\/en\/wp-json\/wp\/v2\/product_cat?post=6891"},{"taxonomy":"product_tag","embeddable":true,"href":"https:\/\/filatelia.cuentista.es\/en\/wp-json\/wp\/v2\/product_tag?post=6891"}],"curies":[{"name":"wp","href":"https:\/\/api.w.org\/{rel}","templated":true}]}}