{"id":6889,"date":"2024-12-26T16:24:16","date_gmt":"2024-12-26T16:24:16","guid":{"rendered":"https:\/\/filatelia.cuentista.es\/product\/sello-uruguay-1901-angel-abundancia-2-centesimos-rojo-usado"},"modified":"2024-12-26T16:24:20","modified_gmt":"2024-12-26T16:24:20","slug":"sello-uruguay-1901-angel-abundancia-2-centesimos-rojo-usado","status":"publish","type":"product","link":"https:\/\/filatelia.cuentista.es\/en\/product\/sello-uruguay-1901-angel-abundancia-2-centesimos-rojo-usado","title":{"rendered":"Sello Uruguay 1901 &#8211; Angel abundancia &#8211; 2 cent\u00e9simos Rojo Usado"},"content":{"rendered":"<p>Angel<\/p>\n<p><img class=\"size-full\"><\/p>\n<p>Pa\u00eds:<\/p>\n<p>Uruguay<\/p>\n<p>Serie:<\/p>\n<p>Definitives 1900-1901<\/p>\n<p>C\u00f3digo de cat\u00e1logo:<\/p>\n<p>Michel UY 150a<\/p>\n<p>Stamp Number UY 157<\/p>\n<p>Yvert et Tellier UY 153<\/p>\n<p>Stanley Gibbons UY 231<\/p>\n<p>Ciardi UY 153<\/p>\n<p>Variantes:<\/p>\n<p>Click para ver variantes<\/p>\n<p>Sobreimpreso:<\/p>\n<p>Click para ver sobreimpresiones y recargos<\/p>\n<p>Tiene variantes menores: 8<\/p>\n<p>Temas:<\/p>\n<p>Cornucopias (Cuerno de la Abundancia) | \u00c1ngeles<\/p>\n<p>Fecha emisi\u00f3n:<\/p>\n<p>1901-02-11<\/p>\n<p>Fecha de caducidad:<\/p>\n<p>1908-02-24<\/p>\n<p>Tama\u00f1o:<\/p>\n<p>24 x 28 mm<\/p>\n<p>Colores:<\/p>\n<p>Bermell\u00f3n<\/p>\n<p>Marca de agua:<\/p>\n<p>Sin Marca de agua<\/p>\n<p>Impresores\/Imprentas:<\/p>\n<p>Waterlow &amp; Sons Ltd<\/p>\n<p>Formato:<\/p>\n<p>Sello<\/p>\n<p>Emisi\u00f3n:<\/p>\n<p>Definitivo<\/p>\n<p>Perforaci\u00f3n:<\/p>\n<p>Varios<\/p>\n<p>Impresi\u00f3n:<\/p>\n<p>Rebaje<\/p>\n<p>Papel:<\/p>\n<p>Medium<\/p>\n<p>Valor facial:<\/p>\n<p>2 Cent\u00e9simo Uruguayo<\/p>\n<p>Puntuaci\u00f3n:<\/p>\n<p>15% Precisi\u00f3n: Alta<\/p>\n<p>Descripci\u00f3n:<\/p>\n<p>Impreso en hojas de 100 sellos.<\/p>\n<p>Perforaciones: 14; 14,5 o 15 (las mas comunes).<\/p>\n<p><a href=\"https:\/\/colnect.com\/stamps\/stamp\/999240\">https:\/\/colnect.com\/stamps\/stamp\/999240<\/a><\/p>","protected":false},"excerpt":{"rendered":"<p>Angel Pa\u00eds: Uruguay Serie: Definitives 1900-1901 C\u00f3digo de cat\u00e1logo: Michel UY 150a Stamp Number UY 157 Yvert et Tellier UY 153 Stanley Gibbons UY 231 Ciardi UY 153 Variantes: Click para ver variantes Sobreimpreso: Click para ver sobreimpresiones y recargos Tiene variantes menores: 8 Temas: Cornucopias (Cuerno de la Abundancia) | \u00c1ngeles Fecha emisi\u00f3n: 1901-02-11 &hellip;<\/p>\n<p class=\"read-more\"> <a class=\"thunk-readmore button\" href=\"https:\/\/filatelia.cuentista.es\/en\/product\/sello-uruguay-1901-angel-abundancia-2-centesimos-rojo-usado\"> <span class=\"screen-reader-text\">Sello Uruguay 1901 &#8211; Angel abundancia &#8211; 2 cent\u00e9simos Rojo Usado<\/span>Read More<\/a><\/p>","protected":false},"featured_media":6888,"comment_status":"open","ping_status":"closed","template":"","meta":{"_acf_changed":false},"product_brand":[],"product_cat":[763,20],"product_tag":[],"class_list":{"0":"post-6889","1":"product","2":"type-product","3":"status-publish","4":"has-post-thumbnail","6":"product_cat-uruguay","7":"product_cat-sellos-usados","8":"thunk-woo-product-list","9":"opn-qv-enable","10":"open-woo-hover-zoom","11":"open-single-product-tab-horizontal","12":"open-shadow-","13":"open-shadow-hover-","15":"first","16":"instock","17":"shipping-taxable","18":"purchasable","19":"product-type-simple"},"acf":[],"jetpack_sharing_enabled":true,"_links":{"self":[{"href":"https:\/\/filatelia.cuentista.es\/en\/wp-json\/wp\/v2\/product\/6889","targetHints":{"allow":["GET"]}}],"collection":[{"href":"https:\/\/filatelia.cuentista.es\/en\/wp-json\/wp\/v2\/product"}],"about":[{"href":"https:\/\/filatelia.cuentista.es\/en\/wp-json\/wp\/v2\/types\/product"}],"replies":[{"embeddable":true,"href":"https:\/\/filatelia.cuentista.es\/en\/wp-json\/wp\/v2\/comments?post=6889"}],"wp:featuredmedia":[{"embeddable":true,"href":"https:\/\/filatelia.cuentista.es\/en\/wp-json\/wp\/v2\/media\/6888"}],"wp:attachment":[{"href":"https:\/\/filatelia.cuentista.es\/en\/wp-json\/wp\/v2\/media?parent=6889"}],"wp:term":[{"taxonomy":"product_brand","embeddable":true,"href":"https:\/\/filatelia.cuentista.es\/en\/wp-json\/wp\/v2\/product_brand?post=6889"},{"taxonomy":"product_cat","embeddable":true,"href":"https:\/\/filatelia.cuentista.es\/en\/wp-json\/wp\/v2\/product_cat?post=6889"},{"taxonomy":"product_tag","embeddable":true,"href":"https:\/\/filatelia.cuentista.es\/en\/wp-json\/wp\/v2\/product_tag?post=6889"}],"curies":[{"name":"wp","href":"https:\/\/api.w.org\/{rel}","templated":true}]}}