{"id":6882,"date":"2024-12-22T15:01:56","date_gmt":"2024-12-22T15:01:56","guid":{"rendered":"https:\/\/filatelia.cuentista.es\/?post_type=product&#038;p=6882"},"modified":"2024-12-22T15:09:26","modified_gmt":"2024-12-22T15:09:26","slug":"sello-uruguay-1919-bahiq-de-montevideo-naranja-y-negro-4-cents-usado-3","status":"publish","type":"product","link":"https:\/\/filatelia.cuentista.es\/en\/product\/sello-uruguay-1919-bahiq-de-montevideo-naranja-y-negro-4-cents-usado-3","title":{"rendered":"Sello Uruguay 1919 &#8211; Bah\u00eda de Montevideo &#8211; Azul y Negro 5 cents usado"},"content":{"rendered":"<p>Harbour of Montevideo and Cerro Montain<\/p>\n<p><img class=\"size-full\"><\/p>\n<p>Pa\u00eds:<\/p>\n<p>Uruguay<\/p>\n<p>Serie:<\/p>\n<p>Harbour of Montevideo<\/p>\n<p>C\u00f3digo de cat\u00e1logo:<\/p>\n<p>Michel UY 229<\/p>\n<p>Stamp Number UY 229<\/p>\n<p>Yvert et Tellier UY 226<\/p>\n<p>Stanley Gibbons UY 353<\/p>\n<p>Ciardi UY 226<\/p>\n<p>Sobreimpreso:<\/p>\n<p>Click para ver sobreimpresiones y recargos<\/p>\n<p>Tiene variantes menores: 12<\/p>\n<p>Temas:<\/p>\n<p>Barcos | Monta\u00f1as | Paisajes | Puertos<\/p>\n<p>Fecha emisi\u00f3n:<\/p>\n<p>1919-07-09<\/p>\n<p>Tama\u00f1o:<\/p>\n<p>23 x 29 mm<\/p>\n<p>Colores:<\/p>\n<p>Azul marino | Pizarra<\/p>\n<p>Marca de agua:<\/p>\n<p>Sin Marca de agua<\/p>\n<p>Impresores\/Imprentas:<\/p>\n<p>Imprenta Nacional, Montevideo<\/p>\n<p>Formato:<\/p>\n<p>Sello<\/p>\n<p>Emisi\u00f3n:<\/p>\n<p>Definitivo<\/p>\n<p>Perforaci\u00f3n:<\/p>\n<p>11\u00bd<\/p>\n<p>Impresi\u00f3n:<\/p>\n<p>Litograf\u00eda<\/p>\n<p>Papel:<\/p>\n<p>thin<\/p>\n<p>Valor facial:<\/p>\n<p>5 Cent\u00e9simo Uruguayo<\/p>\n<p>Tiraje:<\/p>\n<p>7.000.000<\/p>\n<p><a href=\"https:\/\/colnect.com\/stamps\/stamp\/1000329\">https:\/\/colnect.com\/stamps\/stamp\/1000329<\/a><\/p>","protected":false},"excerpt":{"rendered":"<p>Harbour of Montevideo and Cerro Montain Pa\u00eds: Uruguay Serie: Harbour of Montevideo C\u00f3digo de cat\u00e1logo: Michel UY 229 Stamp Number UY 229 Yvert et Tellier UY 226 Stanley Gibbons UY 353 Ciardi UY 226 Sobreimpreso: Click para ver sobreimpresiones y recargos Tiene variantes menores: 12 Temas: Barcos | Monta\u00f1as | Paisajes | Puertos Fecha emisi\u00f3n: &hellip;<\/p>\n<p class=\"read-more\"> <a class=\"thunk-readmore button\" href=\"https:\/\/filatelia.cuentista.es\/en\/product\/sello-uruguay-1919-bahiq-de-montevideo-naranja-y-negro-4-cents-usado-3\"> <span class=\"screen-reader-text\">Sello Uruguay 1919 &#8211; Bah\u00eda de Montevideo &#8211; Azul y Negro 5 cents usado<\/span>Read More<\/a><\/p>","protected":false},"featured_media":6883,"comment_status":"open","ping_status":"closed","template":"","meta":{"_acf_changed":false},"product_brand":[],"product_cat":[763,20],"product_tag":[961,960,766,629],"class_list":{"0":"post-6882","1":"product","2":"type-product","3":"status-publish","4":"has-post-thumbnail","6":"product_cat-uruguay","7":"product_cat-sellos-usados","8":"product_tag-961","9":"product_tag-bahia","10":"product_tag-montevideo","11":"product_tag-uruguay","12":"thunk-woo-product-list","13":"opn-qv-enable","14":"open-woo-hover-zoom","15":"open-single-product-tab-horizontal","16":"open-shadow-","17":"open-shadow-hover-","19":"first","20":"instock","21":"sale","22":"shipping-taxable","23":"purchasable","24":"product-type-simple"},"acf":[],"jetpack_sharing_enabled":true,"_links":{"self":[{"href":"https:\/\/filatelia.cuentista.es\/en\/wp-json\/wp\/v2\/product\/6882","targetHints":{"allow":["GET"]}}],"collection":[{"href":"https:\/\/filatelia.cuentista.es\/en\/wp-json\/wp\/v2\/product"}],"about":[{"href":"https:\/\/filatelia.cuentista.es\/en\/wp-json\/wp\/v2\/types\/product"}],"replies":[{"embeddable":true,"href":"https:\/\/filatelia.cuentista.es\/en\/wp-json\/wp\/v2\/comments?post=6882"}],"wp:featuredmedia":[{"embeddable":true,"href":"https:\/\/filatelia.cuentista.es\/en\/wp-json\/wp\/v2\/media\/6883"}],"wp:attachment":[{"href":"https:\/\/filatelia.cuentista.es\/en\/wp-json\/wp\/v2\/media?parent=6882"}],"wp:term":[{"taxonomy":"product_brand","embeddable":true,"href":"https:\/\/filatelia.cuentista.es\/en\/wp-json\/wp\/v2\/product_brand?post=6882"},{"taxonomy":"product_cat","embeddable":true,"href":"https:\/\/filatelia.cuentista.es\/en\/wp-json\/wp\/v2\/product_cat?post=6882"},{"taxonomy":"product_tag","embeddable":true,"href":"https:\/\/filatelia.cuentista.es\/en\/wp-json\/wp\/v2\/product_tag?post=6882"}],"curies":[{"name":"wp","href":"https:\/\/api.w.org\/{rel}","templated":true}]}}