{"id":6874,"date":"2024-12-22T14:19:51","date_gmt":"2024-12-22T14:19:51","guid":{"rendered":"https:\/\/filatelia.cuentista.es\/?post_type=product&#038;p=6874"},"modified":"2024-12-22T14:22:51","modified_gmt":"2024-12-22T14:22:51","slug":"sello-uruguay-gaucho-1-centesimo-2","status":"publish","type":"product","link":"https:\/\/filatelia.cuentista.es\/en\/product\/sello-uruguay-gaucho-1-centesimo-2","title":{"rendered":"Sello Uruguay 1897 &#8211; Gaucho &#8211; 1 Cent\u00e9simo Azul"},"content":{"rendered":"<p>\u00abEl Gaucho\u00bb<\/p>\n<p><img class=\"size-full\"><\/p>\n<p>Pa\u00eds:<\/p>\n<p>Uruguay<\/p>\n<p>Serie:<\/p>\n<p>Definitives 1897<\/p>\n<p>C\u00f3digo de cat\u00e1logo:<\/p>\n<p>Michel UY 117<\/p>\n<p>Stamp Number UY 109<\/p>\n<p>Yvert et Tellier UY 120<\/p>\n<p>Stanley Gibbons UY 183<\/p>\n<p>Ciardi UY 120<\/p>\n<p>Variantes:<\/p>\n<p>Click para ver variantes<\/p>\n<p>Sobreimpreso:<\/p>\n<p>Click para ver sobreimpresiones y recargos<\/p>\n<p>Tiene variantes menores: 10<\/p>\n<p>Temas:<\/p>\n<p>Trajes y Disfraces<\/p>\n<p>Fecha emisi\u00f3n:<\/p>\n<p>1897-06-21<\/p>\n<p>Fecha de caducidad:<\/p>\n<p>1899-09-30<\/p>\n<p>Tama\u00f1o:<\/p>\n<p>21 x 26 mm<\/p>\n<p>Colores:<\/p>\n<p>Azul oscuro<\/p>\n<p>Marca de agua:<\/p>\n<p>Sin Marca de agua<\/p>\n<p>Impresores\/Imprentas:<\/p>\n<p>Waterlow &amp; Sons Ltd<\/p>\n<p>Formato:<\/p>\n<p>Sello<\/p>\n<p>Emisi\u00f3n:<\/p>\n<p>Definitivo<\/p>\n<p>Perforaci\u00f3n:<\/p>\n<p>Varios<\/p>\n<p>Impresi\u00f3n:<\/p>\n<p>Rebaje<\/p>\n<p>Papel:<\/p>\n<p>Medium<\/p>\n<p>Valor facial:<\/p>\n<p>1 Cent\u00e9simo Uruguayo<\/p>\n<p>Puntuaci\u00f3n:<\/p>\n<p>18% Precisi\u00f3n: Alta<\/p>\n<p>Descripci\u00f3n:<\/p>\n<p>Perforaciones: 14;14,5;15 o 15,5<\/p>\n<p>MI: 13-15,5; YT 12,5-15)<\/p>\n<p>Impreso en hojas de 100 sellos.<\/p>\n<p><a href=\"https:\/\/colnect.com\/stamps\/stamp\/998846\">https:\/\/colnect.com\/stamps\/stamp\/998846<\/a><\/p>","protected":false},"excerpt":{"rendered":"<p>\u00abEl Gaucho\u00bb Pa\u00eds: Uruguay Serie: Definitives 1897 C\u00f3digo de cat\u00e1logo: Michel UY 117 Stamp Number UY 109 Yvert et Tellier UY 120 Stanley Gibbons UY 183 Ciardi UY 120 Variantes: Click para ver variantes Sobreimpreso: Click para ver sobreimpresiones y recargos Tiene variantes menores: 10 Temas: Trajes y Disfraces Fecha emisi\u00f3n: 1897-06-21 Fecha de caducidad: &hellip;<\/p>\n<p class=\"read-more\"> <a class=\"thunk-readmore button\" href=\"https:\/\/filatelia.cuentista.es\/en\/product\/sello-uruguay-gaucho-1-centesimo-2\"> <span class=\"screen-reader-text\">Sello Uruguay 1897 &#8211; Gaucho &#8211; 1 Cent\u00e9simo Azul<\/span>Read More<\/a><\/p>","protected":false},"featured_media":6875,"comment_status":"open","ping_status":"closed","template":"","meta":{"_acf_changed":false},"product_brand":[],"product_cat":[15,763,20],"product_tag":[1260],"class_list":{"0":"post-6874","1":"product","2":"type-product","3":"status-publish","4":"has-post-thumbnail","6":"product_cat-coleccionismo","7":"product_cat-uruguay","8":"product_cat-sellos-usados","9":"product_tag-botas","10":"thunk-woo-product-list","11":"opn-qv-enable","12":"open-woo-hover-zoom","13":"open-single-product-tab-horizontal","14":"open-shadow-","15":"open-shadow-hover-","17":"first","18":"instock","19":"sale","20":"shipping-taxable","21":"purchasable","22":"product-type-simple"},"acf":[],"jetpack_sharing_enabled":true,"_links":{"self":[{"href":"https:\/\/filatelia.cuentista.es\/en\/wp-json\/wp\/v2\/product\/6874","targetHints":{"allow":["GET"]}}],"collection":[{"href":"https:\/\/filatelia.cuentista.es\/en\/wp-json\/wp\/v2\/product"}],"about":[{"href":"https:\/\/filatelia.cuentista.es\/en\/wp-json\/wp\/v2\/types\/product"}],"replies":[{"embeddable":true,"href":"https:\/\/filatelia.cuentista.es\/en\/wp-json\/wp\/v2\/comments?post=6874"}],"wp:featuredmedia":[{"embeddable":true,"href":"https:\/\/filatelia.cuentista.es\/en\/wp-json\/wp\/v2\/media\/6875"}],"wp:attachment":[{"href":"https:\/\/filatelia.cuentista.es\/en\/wp-json\/wp\/v2\/media?parent=6874"}],"wp:term":[{"taxonomy":"product_brand","embeddable":true,"href":"https:\/\/filatelia.cuentista.es\/en\/wp-json\/wp\/v2\/product_brand?post=6874"},{"taxonomy":"product_cat","embeddable":true,"href":"https:\/\/filatelia.cuentista.es\/en\/wp-json\/wp\/v2\/product_cat?post=6874"},{"taxonomy":"product_tag","embeddable":true,"href":"https:\/\/filatelia.cuentista.es\/en\/wp-json\/wp\/v2\/product_tag?post=6874"}],"curies":[{"name":"wp","href":"https:\/\/api.w.org\/{rel}","templated":true}]}}