{"id":6867,"date":"2024-12-15T20:54:31","date_gmt":"2024-12-15T20:54:31","guid":{"rendered":"https:\/\/filatelia.cuentista.es\/?post_type=product&#038;p=6867"},"modified":"2025-02-22T18:01:57","modified_gmt":"2025-02-22T18:01:57","slug":"correo-uruguay-1968-buho-1-nuevo-marron-y-ocre-2","status":"publish","type":"product","link":"https:\/\/filatelia.cuentista.es\/en\/product\/correo-uruguay-1968-buho-1-nuevo-marron-y-ocre-2","title":{"rendered":"Correo Uruguay 1968 &#8211; B\u00faho &#8211; 1$ usado , marr\u00f3n y ocre"},"content":{"rendered":"<p>Correo Uruguay 1968 &#8211; B\u00faho &#8211; 1$ usado, marr\u00f3n y ocre<\/p>\n<p>Pa\u00eds:<\/p>\n<p>Uruguay<\/p>\n<p>Serie:<\/p>\n<p>Birds 1968-70<\/p>\n<p>C\u00f3digo de cat\u00e1logo:<\/p>\n<p>Michel UY 1113<\/p>\n<p>Stamp Number UY 751<\/p>\n<p>Yvert et Tellier UY 763<\/p>\n<p>Stanley Gibbons UY 1363<\/p>\n<p>Ciardi UY 763<\/p>\n<p>Tiene variantes menores: 8<\/p>\n<p>Temas:<\/p>\n<p>Animales (Fauna) | Aves | Aves Rapaces| B\u00fahos<\/p>\n<p>Fecha emisi\u00f3n:<\/p>\n<p>1968-05-15<\/p>\n<p>Tama\u00f1o:<\/p>\n<p>20.5 x 30.8 mm<\/p>\n<p>Colores:<\/p>\n<p>Amarillo pajizo | Marr\u00f3n<\/p>\n<p>Marca de agua:<\/p>\n<p>ROU en Sol [Up]<\/p>\n<p>Dise\u00f1adores:<\/p>\n<p>Angel Medina<\/p>\n<p>Impresores\/Imprentas:<\/p>\n<p>Imprenta Nacional, Montevideo<\/p>\n<p>Formato:<\/p>\n<p>Sello<\/p>\n<p>Emisi\u00f3n:<\/p>\n<p>Definitivo<\/p>\n<p>Perforaci\u00f3n:<\/p>\n<p>peine12<\/p>\n<p>Impresi\u00f3n:<\/p>\n<p>Litograf\u00eda offset<\/p>\n<p>Papel:<\/p>\n<p>ordinary<\/p>\n<p>Valor facial:<\/p>\n<p>1 $ &#8211; Peso Uruguayo<\/p>\n<p>Tiraje:<\/p>\n<p>10.000.000<\/p>\n","protected":false},"excerpt":{"rendered":"<p>Correo Uruguay 1968 &#8211; B\u00faho &#8211; 1$ usado, marr\u00f3n y ocre Pa\u00eds: Uruguay Serie: Birds 1968-70 C\u00f3digo de cat\u00e1logo: Michel UY 1113 Stamp Number UY 751 Yvert et Tellier UY 763 Stanley Gibbons UY 1363 Ciardi UY 763 Tiene variantes menores: 8 Temas: Animales (Fauna) | Aves | Aves Rapaces| B\u00fahos Fecha emisi\u00f3n: 1968-05-15 Tama\u00f1o: &hellip;<\/p>\n<p class=\"read-more\"> <a class=\"thunk-readmore button\" href=\"https:\/\/filatelia.cuentista.es\/en\/product\/correo-uruguay-1968-buho-1-nuevo-marron-y-ocre-2\"> <span class=\"screen-reader-text\">Correo Uruguay 1968 &#8211; B\u00faho &#8211; 1$ usado , marr\u00f3n y ocre<\/span>Read More<\/a><\/p>","protected":false},"featured_media":6868,"comment_status":"open","ping_status":"closed","template":"","meta":{"_acf_changed":false},"product_brand":[],"product_cat":[763,20],"product_tag":[83,943,629],"class_list":{"0":"post-6867","1":"product","2":"type-product","3":"status-publish","4":"has-post-thumbnail","6":"product_cat-uruguay","7":"product_cat-sellos-usados","8":"product_tag-animales","9":"product_tag-buho","10":"product_tag-uruguay","11":"thunk-woo-product-list","12":"opn-qv-enable","13":"open-woo-hover-zoom","14":"open-single-product-tab-horizontal","15":"open-shadow-","16":"open-shadow-hover-","18":"first","19":"instock","20":"sale","21":"shipping-taxable","22":"purchasable","23":"product-type-simple"},"acf":[],"jetpack_sharing_enabled":true,"_links":{"self":[{"href":"https:\/\/filatelia.cuentista.es\/en\/wp-json\/wp\/v2\/product\/6867","targetHints":{"allow":["GET"]}}],"collection":[{"href":"https:\/\/filatelia.cuentista.es\/en\/wp-json\/wp\/v2\/product"}],"about":[{"href":"https:\/\/filatelia.cuentista.es\/en\/wp-json\/wp\/v2\/types\/product"}],"replies":[{"embeddable":true,"href":"https:\/\/filatelia.cuentista.es\/en\/wp-json\/wp\/v2\/comments?post=6867"}],"wp:featuredmedia":[{"embeddable":true,"href":"https:\/\/filatelia.cuentista.es\/en\/wp-json\/wp\/v2\/media\/6868"}],"wp:attachment":[{"href":"https:\/\/filatelia.cuentista.es\/en\/wp-json\/wp\/v2\/media?parent=6867"}],"wp:term":[{"taxonomy":"product_brand","embeddable":true,"href":"https:\/\/filatelia.cuentista.es\/en\/wp-json\/wp\/v2\/product_brand?post=6867"},{"taxonomy":"product_cat","embeddable":true,"href":"https:\/\/filatelia.cuentista.es\/en\/wp-json\/wp\/v2\/product_cat?post=6867"},{"taxonomy":"product_tag","embeddable":true,"href":"https:\/\/filatelia.cuentista.es\/en\/wp-json\/wp\/v2\/product_tag?post=6867"}],"curies":[{"name":"wp","href":"https:\/\/api.w.org\/{rel}","templated":true}]}}