{"id":6865,"date":"2024-12-15T20:34:16","date_gmt":"2024-12-15T20:34:16","guid":{"rendered":"https:\/\/filatelia.cuentista.es\/?post_type=product&#038;p=6865"},"modified":"2025-02-22T18:02:37","modified_gmt":"2025-02-22T18:02:37","slug":"sello-uruguay-1970-jose-garibaldi-20-rojo-rosado-nuevo-2","status":"publish","type":"product","link":"https:\/\/filatelia.cuentista.es\/en\/product\/sello-uruguay-1970-jose-garibaldi-20-rojo-rosado-nuevo-2","title":{"rendered":"Sello Uruguay 1970 &#8211; Jos\u00e9 Garibaldi &#8211; 20$ Rojo Rosado, Usado"},"content":{"rendered":"<p>Sello Uruguay 1970 &#8211; Jos\u00e9 Garibaldi &#8211; 20$<\/p>\n<p><b>Giuseppe Maria Garibaldi<\/b><span><span class=\"Apple-converted-space\">&nbsp;<\/span><\/span><span>(<\/span><a href=\"https:\/\/es.m.wikipedia.org\/wiki\/Niza\" title=\"Niza\">Niza<\/a><span>, 4 de julio de 1807 &#8211;<\/span><span><span class=\"Apple-converted-space\">&nbsp;<\/span><\/span><a href=\"https:\/\/es.m.wikipedia.org\/wiki\/Caprera\" title=\"Caprera\">Caprera<\/a><span>, 2 de junio de 1882) fue un<\/span><span><span class=\"Apple-converted-space\">&nbsp;<\/span><\/span><a href=\"https:\/\/es.m.wikipedia.org\/wiki\/Militar\" title=\"Militar\">militar<\/a><span>,<\/span><span><span class=\"Apple-converted-space\">&nbsp;<\/span><\/span><a href=\"https:\/\/es.m.wikipedia.org\/wiki\/Revolucionario\" class=\"mw-redirect\" title=\"Revolucionario\">revolucionario<\/a><span>,<\/span><span><span class=\"Apple-converted-space\">&nbsp;<\/span><\/span><a href=\"https:\/\/es.m.wikipedia.org\/wiki\/Patriota\" class=\"mw-redirect\" title=\"Patriota\">patriota<\/a><span>,<\/span><span><span class=\"Apple-converted-space\">&nbsp;<\/span><\/span><a href=\"https:\/\/es.m.wikipedia.org\/wiki\/Mercenario\" title=\"Mercenario\">mercenario<\/a><span><span class=\"Apple-converted-space\">&nbsp;<\/span><\/span><span>y<\/span><span><span class=\"Apple-converted-space\">&nbsp;<\/span><\/span><a href=\"https:\/\/es.m.wikipedia.org\/wiki\/Pol%C3%ADtico\" title=\"Pol\u00edtico\">pol\u00edtico<\/a><span><span class=\"Apple-converted-space\">&nbsp;<\/span><\/span><a href=\"https:\/\/es.m.wikipedia.org\/wiki\/Italia\" title=\"Italia\">italiano<\/a><span>. Junto con el<\/span><span><span class=\"Apple-converted-space\">&nbsp;<\/span><\/span><a href=\"https:\/\/es.m.wikipedia.org\/wiki\/Reino_de_Cerde%C3%B1a\" title=\"Reino de Cerde\u00f1a\">rey de Cerde\u00f1a<\/a><span>,<\/span><span><span class=\"Apple-converted-space\">&nbsp;<\/span><\/span><a href=\"https:\/\/es.m.wikipedia.org\/wiki\/V%C3%ADctor_Manuel_II_de_Italia\" title=\"V\u00edctor Manuel II de Italia\">V\u00edctor Manuel&nbsp;II<\/a><span>; el intelectual<\/span><span><span class=\"Apple-converted-space\">&nbsp;<\/span><\/span><a href=\"https:\/\/es.m.wikipedia.org\/wiki\/Giuseppe_Mazzini\" title=\"Giuseppe Mazzini\">Giuseppe Mazzini<\/a><span>; y el estadista<\/span><span><span class=\"Apple-converted-space\">&nbsp;<\/span><\/span><a href=\"https:\/\/es.m.wikipedia.org\/wiki\/Camillo_Benso_conde_de_Cavour\" class=\"mw-redirect\" title=\"Camillo Benso conde de Cavour\">Camillo Benso conde de Cavour<\/a><span>; fue uno de los principales l\u00edderes y art\u00edfices de la<\/span><span><span class=\"Apple-converted-space\">&nbsp;<\/span><\/span><a href=\"https:\/\/es.m.wikipedia.org\/wiki\/Unificaci%C3%B3n_de_Italia\" class=\"mw-redirect\" title=\"Unificaci\u00f3n de Italia\">Unificaci\u00f3n de Italia<\/a><span>.<\/span><sup id=\"cite_ref-1\" class=\"reference separada\"><a href=\"https:\/\/es.m.wikipedia.org\/wiki\/Giuseppe_Garibaldi#cite_note-1\" style=\"color: var(--color-visited,#6b4ba1);text-decoration: none;background: none\"><span class=\"corchete-llamada\">[<\/span>1<span class=\"corchete-llamada\">]<\/span><\/a><\/sup><span class=\"corchete-llamada\"><sup id=\"cite_ref-2\" class=\"reference separada\"><a href=\"https:\/\/es.m.wikipedia.org\/wiki\/Giuseppe_Garibaldi#cite_note-2\" style=\"color: var(--color-visited,#6b4ba1);text-decoration: none;background: none\">[<\/a><\/sup><\/span><sup id=\"cite_ref-2\" class=\"reference separada\"><a href=\"https:\/\/es.m.wikipedia.org\/wiki\/Giuseppe_Garibaldi#cite_note-2\" style=\"color: var(--color-visited,#6b4ba1);text-decoration: none;background: none\">2<span class=\"corchete-llamada\">]<\/span><\/a><\/sup><\/p>\n<p>Pa\u00eds:<\/p>\n<p>Uruguay<\/p>\n<p>Serie:<\/p>\n<p>Giuseppe Garibaldi Commemoration<\/p>\n<p>C\u00f3digo de cat\u00e1logo:<\/p>\n<p>Michel UY 1163<\/p>\n<p>Stamp Number UY C359<\/p>\n<p>Yvert et Tellier UY PA359<\/p>\n<p>Stanley Gibbons UY 1423<\/p>\n<p>Ciardi UY A359<\/p>\n<p>Temas:<\/p>\n<p>Luchadores por la Libertad<\/p>\n<p>Fecha emisi\u00f3n:<\/p>\n<p>1970-04-07<\/p>\n<p>Colores:<\/p>\n<p>Lila Rojo<\/p>\n<p>Marca de agua:<\/p>\n<p>ROU en Sol [Up]<\/p>\n<p>Dise\u00f1adores:<\/p>\n<p>Angel Medina<\/p>\n<p>Impresores\/Imprentas:<\/p>\n<p>Imprenta Nacional, Montevideo<\/p>\n<p>Formato:<\/p>\n<p>Sello<\/p>\n<p>Emisi\u00f3n:<\/p>\n<p>Correo A\u00e9reo<\/p>\n<p>Perforaci\u00f3n:<\/p>\n<p>peine12<\/p>\n<p>Impresi\u00f3n:<\/p>\n<p>Litograf\u00eda offset<\/p>\n<p>Papel:<\/p>\n<p>medium, fluorescent<\/p>\n<p>Valor facial:<\/p>\n<p>20 $ &#8211; Peso Uruguayo<\/p>\n<p>Tiraje:<\/p>\n<p>500.000<\/p>\n","protected":false},"excerpt":{"rendered":"<p>Sello Uruguay 1970 &#8211; Jos\u00e9 Garibaldi &#8211; 20$ Giuseppe Maria Garibaldi&nbsp;(Niza, 4 de julio de 1807 &#8211;&nbsp;Caprera, 2 de junio de 1882) fue un&nbsp;militar,&nbsp;revolucionario,&nbsp;patriota,&nbsp;mercenario&nbsp;y&nbsp;pol\u00edtico&nbsp;italiano. Junto con el&nbsp;rey de Cerde\u00f1a,&nbsp;V\u00edctor Manuel&nbsp;II; el intelectual&nbsp;Giuseppe Mazzini; y el estadista&nbsp;Camillo Benso conde de Cavour; fue uno de los principales l\u00edderes y art\u00edfices de la&nbsp;Unificaci\u00f3n de Italia.[1][2] Pa\u00eds: Uruguay Serie: &hellip;<\/p>\n<p class=\"read-more\"> <a class=\" thunk-readmore button \" href=\"https:\/\/filatelia.cuentista.es\/en\/product\/sello-uruguay-1970-jose-garibaldi-20-rojo-rosado-nuevo-2\"> <span class=\"screen-reader-text\">Sello Uruguay 1970 &#8211; Jos\u00e9 Garibaldi &#8211; 20$ Rojo Rosado, Usado<\/span>Read More<\/a><\/p>\n","protected":false},"featured_media":1945,"comment_status":"open","ping_status":"closed","template":"","meta":{"_acf_changed":false},"product_brand":[],"product_cat":[763,20],"product_tag":[],"class_list":{"0":"post-6865","1":"product","2":"type-product","3":"status-publish","4":"has-post-thumbnail","6":"product_cat-uruguay","7":"product_cat-sellos-usados","8":"thunk-woo-product-list","9":"opn-qv-enable","10":"open-woo-hover-zoom","11":"open-single-product-tab-horizontal","12":"open-shadow-","13":"open-shadow-hover-","15":"first","16":"instock","17":"sale","18":"shipping-taxable","19":"purchasable","20":"product-type-simple"},"acf":[],"jetpack_sharing_enabled":true,"_links":{"self":[{"href":"https:\/\/filatelia.cuentista.es\/en\/wp-json\/wp\/v2\/product\/6865","targetHints":{"allow":["GET"]}}],"collection":[{"href":"https:\/\/filatelia.cuentista.es\/en\/wp-json\/wp\/v2\/product"}],"about":[{"href":"https:\/\/filatelia.cuentista.es\/en\/wp-json\/wp\/v2\/types\/product"}],"replies":[{"embeddable":true,"href":"https:\/\/filatelia.cuentista.es\/en\/wp-json\/wp\/v2\/comments?post=6865"}],"wp:featuredmedia":[{"embeddable":true,"href":"https:\/\/filatelia.cuentista.es\/en\/wp-json\/wp\/v2\/media\/1945"}],"wp:attachment":[{"href":"https:\/\/filatelia.cuentista.es\/en\/wp-json\/wp\/v2\/media?parent=6865"}],"wp:term":[{"taxonomy":"product_brand","embeddable":true,"href":"https:\/\/filatelia.cuentista.es\/en\/wp-json\/wp\/v2\/product_brand?post=6865"},{"taxonomy":"product_cat","embeddable":true,"href":"https:\/\/filatelia.cuentista.es\/en\/wp-json\/wp\/v2\/product_cat?post=6865"},{"taxonomy":"product_tag","embeddable":true,"href":"https:\/\/filatelia.cuentista.es\/en\/wp-json\/wp\/v2\/product_tag?post=6865"}],"curies":[{"name":"wp","href":"https:\/\/api.w.org\/{rel}","templated":true}]}}