{"id":6859,"date":"2024-12-15T18:04:23","date_gmt":"2024-12-15T18:04:23","guid":{"rendered":"https:\/\/filatelia.cuentista.es\/?post_type=product&#038;p=6859"},"modified":"2024-12-29T08:35:38","modified_gmt":"2024-12-29T08:35:38","slug":"bloque-sellos-hungria-1971-casa-y-pesca-jabali-salvaje-21-sellos-de-60f-nuevos-cancelados-2","status":"publish","type":"product","link":"https:\/\/filatelia.cuentista.es\/en\/product\/bloque-sellos-hungria-1971-casa-y-pesca-jabali-salvaje-21-sellos-de-60f-nuevos-cancelados-2","title":{"rendered":"Bloque sellos Hungr\u00eda 1971 &#8211; Caza y Pesca : Bisonte Europeo &#8211; 21 sellos de 40f Nuevos cancelados"},"content":{"rendered":"<p>European Bison (Bos bonasus) hunting on horses<\/p>\n<p><img class=\"size-full\"><\/p>\n<p>Pa\u00eds:<\/p>\n<p>Hungr\u00eda<\/p>\n<p>Serie:<\/p>\n<p>Caza y Pesca<\/p>\n<p>C\u00f3digo de cat\u00e1logo:<\/p>\n<p>Michel HU 2664A<\/p>\n<p>Stamp Number HU 2066<\/p>\n<p>Yvert et Tellier HU 2152<\/p>\n<p>Stanley Gibbons HU 2583<\/p>\n<p>AFA n\u00famero HU 2605<\/p>\n<p>Cat\u00e1logo Philatelia Hungarica HU 2685<\/p>\n<p>Variantes:<\/p>\n<p>Click para ver variantes<\/p>\n<p>Tiene variantes menores: 2<\/p>\n<p>Temas:<\/p>\n<p>Animales (Fauna) | Armas | Bisontes | Caballos | Caza | Ganado (Toros o Vacas)| Mam\u00edferos<\/p>\n<p>Fecha emisi\u00f3n:<\/p>\n<p>1971-05-21<\/p>\n<p>Tama\u00f1o:<\/p>\n<p>61 x 36 mm<\/p>\n<p>Colores:<\/p>\n<p>Multicolor<\/p>\n<p>Marca de agua:<\/p>\n<p>Sin Marca de agua<\/p>\n<p>Dise\u00f1adores:<\/p>\n<p>L\u00e9gr\u00e1dy S\u00e1ndor<\/p>\n<p>Impresores\/Imprentas:<\/p>\n<p>State Printing Works (ANY Biztons\u00e1gi Nyomda Nyrt), Budapest<\/p>\n<p>Formato:<\/p>\n<p>Sello<\/p>\n<p>Emisi\u00f3n:<\/p>\n<p>Conmemorativo<\/p>\n<p>Perforaci\u00f3n:<\/p>\n<p>peine12<\/p>\n<p>Impresi\u00f3n:<\/p>\n<p>Fotograbado<\/p>\n<p>Valor facial:<\/p>\n<p>40 fi &#8211; Fill\u00e9r h\u00fangaro<\/p>\n<p>Tiraje:<\/p>\n<p>600.000<\/p>","protected":false},"excerpt":{"rendered":"<p>European Bison (Bos bonasus) hunting on horses Pa\u00eds: Hungr\u00eda Serie: Caza y Pesca C\u00f3digo de cat\u00e1logo: Michel HU 2664A Stamp Number HU 2066 Yvert et Tellier HU 2152 Stanley Gibbons HU 2583 AFA n\u00famero HU 2605 Cat\u00e1logo Philatelia Hungarica HU 2685 Variantes: Click para ver variantes Tiene variantes menores: 2 Temas: Animales (Fauna) | Armas &hellip;<\/p>\n<p class=\"read-more\"> <a class=\"thunk-readmore button\" href=\"https:\/\/filatelia.cuentista.es\/en\/product\/bloque-sellos-hungria-1971-casa-y-pesca-jabali-salvaje-21-sellos-de-60f-nuevos-cancelados-2\"> <span class=\"screen-reader-text\">Bloque sellos Hungr\u00eda 1971 &#8211; Caza y Pesca : Bisonte Europeo &#8211; 21 sellos de 40f Nuevos cancelados<\/span>Read More<\/a><\/p>","protected":false},"featured_media":6861,"comment_status":"open","ping_status":"closed","template":"","meta":{"_acf_changed":false},"product_brand":[],"product_cat":[1585,660,1514],"product_tag":[],"class_list":{"0":"post-6859","1":"product","2":"type-product","3":"status-publish","4":"has-post-thumbnail","6":"product_cat-hungria","7":"product_cat-pliego","8":"product_cat-sello-nuevo-cancelado","9":"thunk-woo-product-list","10":"opn-qv-enable","11":"open-woo-hover-zoom","12":"open-single-product-tab-horizontal","13":"open-shadow-","14":"open-shadow-hover-","16":"first","17":"instock","18":"shipping-taxable","19":"purchasable","20":"product-type-simple"},"acf":[],"jetpack_sharing_enabled":true,"_links":{"self":[{"href":"https:\/\/filatelia.cuentista.es\/en\/wp-json\/wp\/v2\/product\/6859","targetHints":{"allow":["GET"]}}],"collection":[{"href":"https:\/\/filatelia.cuentista.es\/en\/wp-json\/wp\/v2\/product"}],"about":[{"href":"https:\/\/filatelia.cuentista.es\/en\/wp-json\/wp\/v2\/types\/product"}],"replies":[{"embeddable":true,"href":"https:\/\/filatelia.cuentista.es\/en\/wp-json\/wp\/v2\/comments?post=6859"}],"wp:featuredmedia":[{"embeddable":true,"href":"https:\/\/filatelia.cuentista.es\/en\/wp-json\/wp\/v2\/media\/6861"}],"wp:attachment":[{"href":"https:\/\/filatelia.cuentista.es\/en\/wp-json\/wp\/v2\/media?parent=6859"}],"wp:term":[{"taxonomy":"product_brand","embeddable":true,"href":"https:\/\/filatelia.cuentista.es\/en\/wp-json\/wp\/v2\/product_brand?post=6859"},{"taxonomy":"product_cat","embeddable":true,"href":"https:\/\/filatelia.cuentista.es\/en\/wp-json\/wp\/v2\/product_cat?post=6859"},{"taxonomy":"product_tag","embeddable":true,"href":"https:\/\/filatelia.cuentista.es\/en\/wp-json\/wp\/v2\/product_tag?post=6859"}],"curies":[{"name":"wp","href":"https:\/\/api.w.org\/{rel}","templated":true}]}}