{"id":6855,"date":"2024-12-15T17:04:32","date_gmt":"2024-12-15T17:04:32","guid":{"rendered":"https:\/\/filatelia.cuentista.es\/product\/bloque-sellos-hungria-baile-sarajevo-1984-50-sellos-de-1ft-nuevos-precancelados"},"modified":"2024-12-15T18:01:54","modified_gmt":"2024-12-15T18:01:54","slug":"bloque-sellos-hungria-baile-sarajevo-1984-50-sellos-de-1ft-nuevos-precancelados","status":"publish","type":"product","link":"https:\/\/filatelia.cuentista.es\/en\/product\/bloque-sellos-hungria-baile-sarajevo-1984-50-sellos-de-1ft-nuevos-precancelados","title":{"rendered":"Bloque Sellos Hungr\u00eda 1983 &#8211; Baile Sarajevo 1984 &#8211; 50 sellos de 1Ft Nuevos precancelados"},"content":{"rendered":"<p>Phase of mixed pairs figure skating<\/p>\n<p><img class=\"size-full\"><\/p>\n<p>Pa\u00eds:<\/p>\n<p>Hungr\u00eda<\/p>\n<p>Serie:<\/p>\n<p>Winter Olympic Games 1984 &#8211; Sarajevo<\/p>\n<p>C\u00f3digo de cat\u00e1logo:<\/p>\n<p>Michel HU 3652A<\/p>\n<p>Stamp Number HU 2817<\/p>\n<p>Yvert et Tellier HU 2889<\/p>\n<p>Stanley Gibbons HU 3535<\/p>\n<p>AFA n\u00famero HU 3537<\/p>\n<p>Cat\u00e1logo Philatelia Hungarica HU 3615<\/p>\n<p>Variantes:<\/p>\n<p>Click para ver variantes<\/p>\n<p>Temas:<\/p>\n<p>Deportes | Deportes de Invierno | Juegos Ol\u00edmpicos | Patinaje | Patinaje Art\u00edstico<\/p>\n<p>Fecha emisi\u00f3n:<\/p>\n<p>1983-12-22<\/p>\n<p>Tama\u00f1o:<\/p>\n<p>31 x 43 mm<\/p>\n<p>Colores:<\/p>\n<p>Multicolor<\/p>\n<p>Marca de agua:<\/p>\n<p>Sin Marca de agua<\/p>\n<p>Formato:<\/p>\n<p>Sello<\/p>\n<p>Emisi\u00f3n:<\/p>\n<p>Conmemorativo<\/p>\n<p>Perforaci\u00f3n:<\/p>\n<p>peine12 x 12\u00bd<\/p>\n<p>Impresi\u00f3n:<\/p>\n<p>Litograf\u00eda offset<\/p>\n<p>Valor facial:<\/p>\n<p>1 Ft &#8211; Flor\u00edn h\u00fangaro<\/p>\n<p>Tiraje:<\/p>\n<p>479.800<\/p>\n<p><a href=\"https:\/\/colnect.com\/stamps\/stamp\/175142\">https:\/\/colnect.com\/stamps\/stamp\/175142<\/a><\/p>","protected":false},"excerpt":{"rendered":"<p>Phase of mixed pairs figure skating Pa\u00eds: Hungr\u00eda Serie: Winter Olympic Games 1984 &#8211; Sarajevo C\u00f3digo de cat\u00e1logo: Michel HU 3652A Stamp Number HU 2817 Yvert et Tellier HU 2889 Stanley Gibbons HU 3535 AFA n\u00famero HU 3537 Cat\u00e1logo Philatelia Hungarica HU 3615 Variantes: Click para ver variantes Temas: Deportes | Deportes de Invierno | &hellip;<\/p>\n<p class=\"read-more\"> <a class=\"thunk-readmore button\" href=\"https:\/\/filatelia.cuentista.es\/en\/product\/bloque-sellos-hungria-baile-sarajevo-1984-50-sellos-de-1ft-nuevos-precancelados\"> <span class=\"screen-reader-text\">Bloque Sellos Hungr\u00eda 1983 &#8211; Baile Sarajevo 1984 &#8211; 50 sellos de 1Ft Nuevos precancelados<\/span>Read More<\/a><\/p>","protected":false},"featured_media":6854,"comment_status":"open","ping_status":"closed","template":"","meta":{"_acf_changed":false},"product_brand":[],"product_cat":[1585,660,1514],"product_tag":[1583,560,1584],"class_list":{"0":"post-6855","1":"product","2":"type-product","3":"status-publish","4":"has-post-thumbnail","6":"product_cat-hungria","7":"product_cat-pliego","8":"product_cat-sello-nuevo-cancelado","9":"product_tag-bailarines","10":"product_tag-baile","11":"product_tag-patinaje","12":"thunk-woo-product-list","13":"opn-qv-enable","14":"open-woo-hover-zoom","15":"open-single-product-tab-horizontal","16":"open-shadow-","17":"open-shadow-hover-","19":"first","20":"instock","21":"shipping-taxable","22":"purchasable","23":"product-type-simple"},"acf":[],"jetpack_sharing_enabled":true,"_links":{"self":[{"href":"https:\/\/filatelia.cuentista.es\/en\/wp-json\/wp\/v2\/product\/6855","targetHints":{"allow":["GET"]}}],"collection":[{"href":"https:\/\/filatelia.cuentista.es\/en\/wp-json\/wp\/v2\/product"}],"about":[{"href":"https:\/\/filatelia.cuentista.es\/en\/wp-json\/wp\/v2\/types\/product"}],"replies":[{"embeddable":true,"href":"https:\/\/filatelia.cuentista.es\/en\/wp-json\/wp\/v2\/comments?post=6855"}],"wp:featuredmedia":[{"embeddable":true,"href":"https:\/\/filatelia.cuentista.es\/en\/wp-json\/wp\/v2\/media\/6854"}],"wp:attachment":[{"href":"https:\/\/filatelia.cuentista.es\/en\/wp-json\/wp\/v2\/media?parent=6855"}],"wp:term":[{"taxonomy":"product_brand","embeddable":true,"href":"https:\/\/filatelia.cuentista.es\/en\/wp-json\/wp\/v2\/product_brand?post=6855"},{"taxonomy":"product_cat","embeddable":true,"href":"https:\/\/filatelia.cuentista.es\/en\/wp-json\/wp\/v2\/product_cat?post=6855"},{"taxonomy":"product_tag","embeddable":true,"href":"https:\/\/filatelia.cuentista.es\/en\/wp-json\/wp\/v2\/product_tag?post=6855"}],"curies":[{"name":"wp","href":"https:\/\/api.w.org\/{rel}","templated":true}]}}