{"id":6844,"date":"2024-12-15T16:40:40","date_gmt":"2024-12-15T16:40:40","guid":{"rendered":"https:\/\/filatelia.cuentista.es\/?post_type=product&#038;p=6844"},"modified":"2024-12-15T18:02:48","modified_gmt":"2024-12-15T18:02:48","slug":"bloque-sellos-hungria-1973-30-sellos-flores-rosa-gallica-40f-matasellado-sin-goma-2","status":"publish","type":"product","link":"https:\/\/filatelia.cuentista.es\/en\/product\/bloque-sellos-hungria-1973-30-sellos-flores-rosa-gallica-40f-matasellado-sin-goma-2","title":{"rendered":"Bloque Sellos Hungr\u00eda 1973  &#8211; Flores : Cyclamen europaeum &#8211; 30 sellos de 60f Matasellado sin goma"},"content":{"rendered":"<p>Cyclamen<\/p>\n<p><img class=\"size-full\"><\/p>\n<p>Pa\u00eds:<\/p>\n<p>Hungr\u00eda<\/p>\n<p>Serie:<\/p>\n<p>Flowers (1973)<\/p>\n<p>C\u00f3digo de cat\u00e1logo:<\/p>\n<p>Michel HU 2888A<\/p>\n<p>Stamp Number HU 2241<\/p>\n<p>Yvert et Tellier HU 2323<\/p>\n<p>Stanley Gibbons HU 2821<\/p>\n<p>AFA n\u00famero HU 2828<\/p>\n<p>Cat\u00e1logo Philatelia Hungarica HU 2903<\/p>\n<p>Unificato HU 2888A<\/p>\n<p>Variantes:<\/p>\n<p>Click para ver variantes<\/p>\n<p>Temas:<\/p>\n<p>Flores | Plantas (Flora)<\/p>\n<p>Fecha emisi\u00f3n:<\/p>\n<p>1973-08-04<\/p>\n<p>Tama\u00f1o:<\/p>\n<p>34 x 44 mm<\/p>\n<p>Colores:<\/p>\n<p>Multicolor<\/p>\n<p>Marca de agua:<\/p>\n<p>Sin Marca de agua<\/p>\n<p>Dise\u00f1adores:<\/p>\n<p>Zombory \u00c9va<\/p>\n<p>Impresores\/Imprentas:<\/p>\n<p>State Printing Works (ANY Biztons\u00e1gi Nyomda Nyrt), Budapest<\/p>\n<p>Formato:<\/p>\n<p>Sello<\/p>\n<p>Emisi\u00f3n:<\/p>\n<p>Conmemorativo<\/p>\n<p>Perforaci\u00f3n:<\/p>\n<p>peine11\u00bd x 12<\/p>\n<p>Impresi\u00f3n:<\/p>\n<p>Fotograbado<\/p>\n<p>Valor facial:<\/p>\n<p>60 fi &#8211; Fill\u00e9r h\u00fangaro<\/p>\n<p>Tiraje:<\/p>\n<p>590.000<\/p>","protected":false},"excerpt":{"rendered":"<p>Cyclamen Pa\u00eds: Hungr\u00eda Serie: Flowers (1973) C\u00f3digo de cat\u00e1logo: Michel HU 2888A Stamp Number HU 2241 Yvert et Tellier HU 2323 Stanley Gibbons HU 2821 AFA n\u00famero HU 2828 Cat\u00e1logo Philatelia Hungarica HU 2903 Unificato HU 2888A Variantes: Click para ver variantes Temas: Flores | Plantas (Flora) Fecha emisi\u00f3n: 1973-08-04 Tama\u00f1o: 34 x 44 mm &hellip;<\/p>\n<p class=\"read-more\"> <a class=\"thunk-readmore button\" href=\"https:\/\/filatelia.cuentista.es\/en\/product\/bloque-sellos-hungria-1973-30-sellos-flores-rosa-gallica-40f-matasellado-sin-goma-2\"> <span class=\"screen-reader-text\">Bloque Sellos Hungr\u00eda 1973  &#8211; Flores : Cyclamen europaeum &#8211; 30 sellos de 60f Matasellado sin goma<\/span>Read More<\/a><\/p>","protected":false},"featured_media":6846,"comment_status":"open","ping_status":"closed","template":"","meta":{"_acf_changed":false},"product_brand":[],"product_cat":[1585,660,1514],"product_tag":[],"class_list":{"0":"post-6844","1":"product","2":"type-product","3":"status-publish","4":"has-post-thumbnail","6":"product_cat-hungria","7":"product_cat-pliego","8":"product_cat-sello-nuevo-cancelado","9":"thunk-woo-product-list","10":"opn-qv-enable","11":"open-woo-hover-zoom","12":"open-single-product-tab-horizontal","13":"open-shadow-","14":"open-shadow-hover-","16":"first","17":"instock","18":"shipping-taxable","19":"purchasable","20":"product-type-simple"},"acf":[],"jetpack_sharing_enabled":true,"_links":{"self":[{"href":"https:\/\/filatelia.cuentista.es\/en\/wp-json\/wp\/v2\/product\/6844","targetHints":{"allow":["GET"]}}],"collection":[{"href":"https:\/\/filatelia.cuentista.es\/en\/wp-json\/wp\/v2\/product"}],"about":[{"href":"https:\/\/filatelia.cuentista.es\/en\/wp-json\/wp\/v2\/types\/product"}],"replies":[{"embeddable":true,"href":"https:\/\/filatelia.cuentista.es\/en\/wp-json\/wp\/v2\/comments?post=6844"}],"wp:featuredmedia":[{"embeddable":true,"href":"https:\/\/filatelia.cuentista.es\/en\/wp-json\/wp\/v2\/media\/6846"}],"wp:attachment":[{"href":"https:\/\/filatelia.cuentista.es\/en\/wp-json\/wp\/v2\/media?parent=6844"}],"wp:term":[{"taxonomy":"product_brand","embeddable":true,"href":"https:\/\/filatelia.cuentista.es\/en\/wp-json\/wp\/v2\/product_brand?post=6844"},{"taxonomy":"product_cat","embeddable":true,"href":"https:\/\/filatelia.cuentista.es\/en\/wp-json\/wp\/v2\/product_cat?post=6844"},{"taxonomy":"product_tag","embeddable":true,"href":"https:\/\/filatelia.cuentista.es\/en\/wp-json\/wp\/v2\/product_tag?post=6844"}],"curies":[{"name":"wp","href":"https:\/\/api.w.org\/{rel}","templated":true}]}}