{"id":6836,"date":"2024-12-12T16:58:17","date_gmt":"2024-12-12T16:58:17","guid":{"rendered":"https:\/\/filatelia.cuentista.es\/product\/novela-historica-el-ultimo-templario"},"modified":"2024-12-12T16:58:20","modified_gmt":"2024-12-12T16:58:20","slug":"novela-historica-el-ultimo-templario","status":"publish","type":"product","link":"https:\/\/filatelia.cuentista.es\/en\/product\/novela-historica-el-ultimo-templario","title":{"rendered":"Novela Hist\u00f3rica &#8211; El \u00faltimo Templario"},"content":{"rendered":"<p>Algunos conocimientos arcanos proporcionan a quien los posee<\/p>\n<p>el poder para cambiar el destino de la humanidad.<\/p>\n<p>Tras seis a\u00f1os de torturas, La Inquisicion no ha conseguido arrancarle el secreto mejor guardado de la historia al unico superviviente templario.<\/p>\n<p>Sin embargo, el noble Nicolas de Lirey recibe del inquisidor general la orden de desvelar a toda costa la clave del enigma.<\/p>\n<p>La investigaci\u00f3n le llevar\u00e1 hasta un enclave arquitect\u00f3nico al que una leyenda nombra como la Nueva Jerusal\u00e9n: el proyecto de una ciudad que eclipsar\u00e1 la hegemon\u00eda de Roma Pero antes de lograr su objetivo, deber\u00e1 sortear las trampas tendidas por el Vaticano, el rey Felipe el Hermoso y una oscura secta llamada Opus Christi, que tienen sus propios planes de dominaci\u00f3n Una intriga fascinante sobre la corrupci\u00f3n pol\u00edtica y eclesi\u00e1stica de un mundo castigado por la crueldad y la ambici\u00f3n<\/p>\n<p>Tapas duras<\/p>\n<p>317 P\u00e1ginas<\/p>\n<p>Editorial Planeta de Agostini<\/p>\n<p>Edward Burman<\/p>","protected":false},"excerpt":{"rendered":"<p>Algunos conocimientos arcanos proporcionan a quien los posee el poder para cambiar el destino de la humanidad. Tras seis a\u00f1os de torturas, La Inquisicion no ha conseguido arrancarle el secreto mejor guardado de la historia al unico superviviente templario. Sin embargo, el noble Nicolas de Lirey recibe del inquisidor general la orden de desvelar a &hellip;<\/p>\n<p class=\"read-more\"> <a class=\"thunk-readmore button\" href=\"https:\/\/filatelia.cuentista.es\/en\/product\/novela-historica-el-ultimo-templario\"> <span class=\"screen-reader-text\">Novela Hist\u00f3rica &#8211; El \u00faltimo Templario<\/span>Read More<\/a><\/p>","protected":false},"featured_media":6833,"comment_status":"open","ping_status":"closed","template":"","meta":{"_acf_changed":false},"product_brand":[],"product_cat":[22],"product_tag":[1582],"class_list":{"0":"post-6836","1":"product","2":"type-product","3":"status-publish","4":"has-post-thumbnail","6":"product_cat-libros","7":"product_tag-templarios","8":"thunk-woo-product-list","9":"opn-qv-enable","10":"open-woo-hover-zoom","11":"open-single-product-tab-horizontal","12":"open-shadow-","13":"open-shadow-hover-","15":"first","16":"instock","17":"shipping-taxable","18":"purchasable","19":"product-type-simple"},"acf":[],"jetpack_sharing_enabled":true,"_links":{"self":[{"href":"https:\/\/filatelia.cuentista.es\/en\/wp-json\/wp\/v2\/product\/6836","targetHints":{"allow":["GET"]}}],"collection":[{"href":"https:\/\/filatelia.cuentista.es\/en\/wp-json\/wp\/v2\/product"}],"about":[{"href":"https:\/\/filatelia.cuentista.es\/en\/wp-json\/wp\/v2\/types\/product"}],"replies":[{"embeddable":true,"href":"https:\/\/filatelia.cuentista.es\/en\/wp-json\/wp\/v2\/comments?post=6836"}],"wp:featuredmedia":[{"embeddable":true,"href":"https:\/\/filatelia.cuentista.es\/en\/wp-json\/wp\/v2\/media\/6833"}],"wp:attachment":[{"href":"https:\/\/filatelia.cuentista.es\/en\/wp-json\/wp\/v2\/media?parent=6836"}],"wp:term":[{"taxonomy":"product_brand","embeddable":true,"href":"https:\/\/filatelia.cuentista.es\/en\/wp-json\/wp\/v2\/product_brand?post=6836"},{"taxonomy":"product_cat","embeddable":true,"href":"https:\/\/filatelia.cuentista.es\/en\/wp-json\/wp\/v2\/product_cat?post=6836"},{"taxonomy":"product_tag","embeddable":true,"href":"https:\/\/filatelia.cuentista.es\/en\/wp-json\/wp\/v2\/product_tag?post=6836"}],"curies":[{"name":"wp","href":"https:\/\/api.w.org\/{rel}","templated":true}]}}