{"id":6821,"date":"2024-12-08T09:13:23","date_gmt":"2024-12-08T09:13:23","guid":{"rendered":"https:\/\/filatelia.cuentista.es\/product\/sello-francia-2023-italie-lettre-verte-usado"},"modified":"2024-12-08T09:13:23","modified_gmt":"2024-12-08T09:13:23","slug":"sello-francia-2023-italie-lettre-verte-usado","status":"publish","type":"product","link":"https:\/\/filatelia.cuentista.es\/en\/product\/sello-francia-2023-italie-lettre-verte-usado","title":{"rendered":"Sello Francia 2023 &#8211; Italie &#8211; Lettre Verte Usado"},"content":{"rendered":"<p>Rainbow, Italy<\/p>\n<p><img class=\"size-full\"><\/p>\n<p>Pa\u00eds:<\/p>\n<p>Francia<\/p>\n<p>Serie:<\/p>\n<p>Rainbows Around the World (2023)<\/p>\n<p>C\u00f3digo de cat\u00e1logo:<\/p>\n<p>Yvert et Tellier FR A2238<\/p>\n<p>Michel FR 8405<\/p>\n<p>Stamp Number FR 6367<\/p>\n<p>Stanley Gibbons FR 7387<\/p>\n<p>Temas:<\/p>\n<p>Arco Iris | Paisajes<\/p>\n<p>Fecha emisi\u00f3n:<\/p>\n<p>2023-01-09<\/p>\n<p>Tama\u00f1o:<\/p>\n<p>38 x 24 mm<\/p>\n<p>Colores:<\/p>\n<p>Multicolor<\/p>\n<p>Dise\u00f1adores:<\/p>\n<p>Agence Huitieme Jour<\/p>\n<p>Impresores\/Imprentas:<\/p>\n<p>Philaposte (Phil@poste)<\/p>\n<p>Formato:<\/p>\n<p>Sello<\/p>\n<p>Emisi\u00f3n:<\/p>\n<p>Conmemorativo<\/p>\n<p>Perforaci\u00f3n:<\/p>\n<p>Troquelado en Serpentina11\u00bc<\/p>\n<p>Impresi\u00f3n:<\/p>\n<p>Litograf\u00eda offset<\/p>\n<p>Goma:<\/p>\n<p>Autoadhesiva<\/p>\n<p>Valor facial:<\/p>\n<p>Lettre Verte \u00ba &#8211; Sin Valor Facial<\/p>\n<p>Tiraje:<\/p>\n<p>4.000.000<\/p>\n<p>Puntuaci\u00f3n:<\/p>\n<p>22% Precisi\u00f3n: Alta<\/p>\n<p>Descripci\u00f3n:<\/p>\n<p>Sello de la hojita. Face value \u20ac 1.16 on day of issue<\/p>\n<p><a href=\"https:\/\/colnect.com\/stamps\/stamp\/1330247\">https:\/\/colnect.com\/stamps\/stamp\/1330247<\/a><\/p>","protected":false},"excerpt":{"rendered":"<p>Rainbow, Italy Pa\u00eds: Francia Serie: Rainbows Around the World (2023) C\u00f3digo de cat\u00e1logo: Yvert et Tellier FR A2238 Michel FR 8405 Stamp Number FR 6367 Stanley Gibbons FR 7387 Temas: Arco Iris | Paisajes Fecha emisi\u00f3n: 2023-01-09 Tama\u00f1o: 38 x 24 mm Colores: Multicolor Dise\u00f1adores: Agence Huitieme Jour Impresores\/Imprentas: Philaposte (Phil@poste) Formato: Sello Emisi\u00f3n: Conmemorativo &hellip;<\/p>\n<p class=\"read-more\"> <a class=\"thunk-readmore button\" href=\"https:\/\/filatelia.cuentista.es\/en\/product\/sello-francia-2023-italie-lettre-verte-usado\"> <span class=\"screen-reader-text\">Sello Francia 2023 &#8211; Italie &#8211; Lettre Verte Usado<\/span>Read More<\/a><\/p>","protected":false},"featured_media":6820,"comment_status":"open","ping_status":"closed","template":"","meta":{"_acf_changed":false},"product_brand":[],"product_cat":[1214,1579,20],"product_tag":[],"class_list":{"0":"post-6821","1":"product","2":"type-product","3":"status-publish","4":"has-post-thumbnail","6":"product_cat-autoadhesivo","7":"product_cat-francia","8":"product_cat-sellos-usados","9":"thunk-woo-product-list","10":"opn-qv-enable","11":"open-woo-hover-zoom","12":"open-single-product-tab-horizontal","13":"open-shadow-","14":"open-shadow-hover-","16":"first","17":"instock","18":"shipping-taxable","19":"purchasable","20":"product-type-simple"},"acf":[],"jetpack_sharing_enabled":true,"_links":{"self":[{"href":"https:\/\/filatelia.cuentista.es\/en\/wp-json\/wp\/v2\/product\/6821","targetHints":{"allow":["GET"]}}],"collection":[{"href":"https:\/\/filatelia.cuentista.es\/en\/wp-json\/wp\/v2\/product"}],"about":[{"href":"https:\/\/filatelia.cuentista.es\/en\/wp-json\/wp\/v2\/types\/product"}],"replies":[{"embeddable":true,"href":"https:\/\/filatelia.cuentista.es\/en\/wp-json\/wp\/v2\/comments?post=6821"}],"wp:featuredmedia":[{"embeddable":true,"href":"https:\/\/filatelia.cuentista.es\/en\/wp-json\/wp\/v2\/media\/6820"}],"wp:attachment":[{"href":"https:\/\/filatelia.cuentista.es\/en\/wp-json\/wp\/v2\/media?parent=6821"}],"wp:term":[{"taxonomy":"product_brand","embeddable":true,"href":"https:\/\/filatelia.cuentista.es\/en\/wp-json\/wp\/v2\/product_brand?post=6821"},{"taxonomy":"product_cat","embeddable":true,"href":"https:\/\/filatelia.cuentista.es\/en\/wp-json\/wp\/v2\/product_cat?post=6821"},{"taxonomy":"product_tag","embeddable":true,"href":"https:\/\/filatelia.cuentista.es\/en\/wp-json\/wp\/v2\/product_tag?post=6821"}],"curies":[{"name":"wp","href":"https:\/\/api.w.org\/{rel}","templated":true}]}}