{"id":6811,"date":"2024-12-07T22:48:40","date_gmt":"2024-12-07T22:48:40","guid":{"rendered":"https:\/\/filatelia.cuentista.es\/product\/sello-francia-marianne-lengage-verde-usado-lettre-verte"},"modified":"2024-12-07T23:02:12","modified_gmt":"2024-12-07T23:02:12","slug":"sello-francia-marianne-lengage-verde-usado-lettre-verte","status":"publish","type":"product","link":"https:\/\/filatelia.cuentista.es\/en\/product\/sello-francia-marianne-lengage-verde-usado-lettre-verte","title":{"rendered":"Sello Francia 2018 &#8211; Marianne L\u2019engage &#8211; Verde Usado &#8211; Lettre Verte"},"content":{"rendered":"<p>Marianne L&#8217;Engag\u00e9e<\/p>\n<p><img class=\"size-full\"><\/p>\n<p>Pa\u00eds:<\/p>\n<p>Francia<\/p>\n<p>Serie:<\/p>\n<p>Marianne (YZ Digan)<\/p>\n<p>C\u00f3digo de cat\u00e1logo:<\/p>\n<p>Yvert et Tellier FR A1598<\/p>\n<p>Michel FR 7083IBcy<\/p>\n<p>Stanley Gibbons FR 6454<\/p>\n<p>Unificato FR 6915A<\/p>\n<p>Variantes:<\/p>\n<p>Click para ver variantes<\/p>\n<p>Temas:<\/p>\n<p>Mujeres | S\u00edmbolos<\/p>\n<p>Fecha emisi\u00f3n:<\/p>\n<p>2018-07-23<\/p>\n<p>Tama\u00f1o:<\/p>\n<p>20 x 26 mm<\/p>\n<p>Colores:<\/p>\n<p>Esmeralda<\/p>\n<p>Marca de agua:<\/p>\n<p>Sin Marca de agua<\/p>\n<p>Dise\u00f1adores:<\/p>\n<p>Elsa Catelin (E) | Yseult YZ Digan<\/p>\n<p>Impresores\/Imprentas:<\/p>\n<p>Philaposte (Phil@poste)<\/p>\n<p>Formato:<\/p>\n<p>Sello<\/p>\n<p>Emisi\u00f3n:<\/p>\n<p>Definitivo<\/p>\n<p>Perforaci\u00f3n:<\/p>\n<p>Troquelado7 Vertical<\/p>\n<p>Impresi\u00f3n:<\/p>\n<p>Rebaje<\/p>\n<p>Papel:<\/p>\n<p>with 1 phosphor strip (right)<\/p>\n<p>Goma:<\/p>\n<p>Autoadhesiva<\/p>\n<p>Valor facial:<\/p>\n<p>Lettre Verte \u00ba &#8211; Sin Valor Facial<\/p>\n<p>Puntuaci\u00f3n:<\/p>\n<p>9% Precisi\u00f3n: Muy alto<\/p>\n<p>Descripci\u00f3n:<\/p>\n<p>Printed in sheet of 100 stamps and booklet of 10 and 12 stamps Yt:FR CA1598-C1 \u00e0 C3.<\/p>\n<p>Validez permanente &#8211; Carta verde 20g a Francia.<\/p>\n<p><a href=\"https:\/\/colnect.com\/stamps\/stamp\/799405\">https:\/\/colnect.com\/stamps\/stamp\/799405<\/a><\/p>","protected":false},"excerpt":{"rendered":"<p>Marianne L&#8217;Engag\u00e9e Pa\u00eds: Francia Serie: Marianne (YZ Digan) C\u00f3digo de cat\u00e1logo: Yvert et Tellier FR A1598 Michel FR 7083IBcy Stanley Gibbons FR 6454 Unificato FR 6915A Variantes: Click para ver variantes Temas: Mujeres | S\u00edmbolos Fecha emisi\u00f3n: 2018-07-23 Tama\u00f1o: 20 x 26 mm Colores: Esmeralda Marca de agua: Sin Marca de agua Dise\u00f1adores: Elsa Catelin &hellip;<\/p>\n<p class=\"read-more\"> <a class=\"thunk-readmore button\" href=\"https:\/\/filatelia.cuentista.es\/en\/product\/sello-francia-marianne-lengage-verde-usado-lettre-verte\"> <span class=\"screen-reader-text\">Sello Francia 2018 &#8211; Marianne L\u2019engage &#8211; Verde Usado &#8211; Lettre Verte<\/span>Read More<\/a><\/p>","protected":false},"featured_media":6810,"comment_status":"open","ping_status":"closed","template":"","meta":{"_acf_changed":false},"product_brand":[],"product_cat":[1579,20],"product_tag":[],"class_list":{"0":"post-6811","1":"product","2":"type-product","3":"status-publish","4":"has-post-thumbnail","6":"product_cat-francia","7":"product_cat-sellos-usados","8":"thunk-woo-product-list","9":"opn-qv-enable","10":"open-woo-hover-zoom","11":"open-single-product-tab-horizontal","12":"open-shadow-","13":"open-shadow-hover-","15":"first","16":"instock","17":"shipping-taxable","18":"purchasable","19":"product-type-simple"},"acf":[],"jetpack_sharing_enabled":true,"_links":{"self":[{"href":"https:\/\/filatelia.cuentista.es\/en\/wp-json\/wp\/v2\/product\/6811","targetHints":{"allow":["GET"]}}],"collection":[{"href":"https:\/\/filatelia.cuentista.es\/en\/wp-json\/wp\/v2\/product"}],"about":[{"href":"https:\/\/filatelia.cuentista.es\/en\/wp-json\/wp\/v2\/types\/product"}],"replies":[{"embeddable":true,"href":"https:\/\/filatelia.cuentista.es\/en\/wp-json\/wp\/v2\/comments?post=6811"}],"wp:featuredmedia":[{"embeddable":true,"href":"https:\/\/filatelia.cuentista.es\/en\/wp-json\/wp\/v2\/media\/6810"}],"wp:attachment":[{"href":"https:\/\/filatelia.cuentista.es\/en\/wp-json\/wp\/v2\/media?parent=6811"}],"wp:term":[{"taxonomy":"product_brand","embeddable":true,"href":"https:\/\/filatelia.cuentista.es\/en\/wp-json\/wp\/v2\/product_brand?post=6811"},{"taxonomy":"product_cat","embeddable":true,"href":"https:\/\/filatelia.cuentista.es\/en\/wp-json\/wp\/v2\/product_cat?post=6811"},{"taxonomy":"product_tag","embeddable":true,"href":"https:\/\/filatelia.cuentista.es\/en\/wp-json\/wp\/v2\/product_tag?post=6811"}],"curies":[{"name":"wp","href":"https:\/\/api.w.org\/{rel}","templated":true}]}}