{"id":6807,"date":"2024-12-07T22:42:00","date_gmt":"2024-12-07T22:42:00","guid":{"rendered":"https:\/\/filatelia.cuentista.es\/product\/sello-francia-2020-van-der-kabel-lettre-verte-usado"},"modified":"2024-12-07T22:43:15","modified_gmt":"2024-12-07T22:43:15","slug":"sello-francia-2020-van-der-kabel-lettre-verte-usado","status":"publish","type":"product","link":"https:\/\/filatelia.cuentista.es\/en\/product\/sello-francia-2020-van-der-kabel-lettre-verte-usado","title":{"rendered":"Sello Francia 2020 &#8211; Van der Kabel &#8211; Lettre Verte Usado"},"content":{"rendered":"<p>\u00abFishing for Herring\u00bb by A van der Kabel (1631-1705)<\/p>\n<p><img class=\"size-full\"><\/p>\n<p>Pa\u00eds:<\/p>\n<p>Francia<\/p>\n<p>Serie:<\/p>\n<p>Curiosity Cabinet (2020)<\/p>\n<p>C\u00f3digo de cat\u00e1logo:<\/p>\n<p>Yvert et Tellier FR A1832<\/p>\n<p>Michel FR 7551<\/p>\n<p>Stamp Number FR 5804<\/p>\n<p>Stanley Gibbons FR 6800<\/p>\n<p>Unificato FR 7381<\/p>\n<p>Temas:<\/p>\n<p>Arte | Barcos | Pesca | Veleros<\/p>\n<p>Fecha emisi\u00f3n:<\/p>\n<p>2020-03-09<\/p>\n<p>Tama\u00f1o:<\/p>\n<p>24 x 38 mm<\/p>\n<p>Colores:<\/p>\n<p>Multicolor<\/p>\n<p>Marca de agua:<\/p>\n<p>Sin Marca de agua<\/p>\n<p>Impresores\/Imprentas:<\/p>\n<p>Philaposte (Phil@poste)<\/p>\n<p>Formato:<\/p>\n<p>Sello<\/p>\n<p>Emisi\u00f3n:<\/p>\n<p>Conmemorativo<\/p>\n<p>Perforaci\u00f3n:<\/p>\n<p>Troquelado11<\/p>\n<p>Impresi\u00f3n:<\/p>\n<p>Fotograbado<\/p>\n<p>Papel:<\/p>\n<p>with 1 phosphor strip (right)<\/p>\n<p>Goma:<\/p>\n<p>Autoadhesiva<\/p>\n<p>Valor facial:<\/p>\n<p>Lettre Verte \u00ba &#8211; Sin Valor Facial<\/p>\n<p>Tiraje:<\/p>\n<p>3.000.000<\/p>\n<p>Puntuaci\u00f3n:<\/p>\n<p>23% Precisi\u00f3n: Muy alto<\/p>\n<p>Descripci\u00f3n:<\/p>\n<p>Emitido del folleto \u00abCuriosity Cabinet\u00bb Yt:FR BC1827 or Mi:FR 7546-7557MH. Permanent validity &#8211; Grenn letter, 20g to France. Face value \u20ac 0,97 on day of issue<\/p>\n<p><a href=\"https:\/\/colnect.com\/es\/stamps\/stamp\/947608-Fishing_for_Herring_by_A_van_der_Kabel_1631-1705-Curiosity_Cabinet_2020-Francia\">https:\/\/colnect.com\/es\/stamps\/stamp\/947608-Fishing_for_Herring_by_A_van_der_Kabel_1631-1705-Curiosity_Cabinet_2020-Francia<\/a><\/p>","protected":false},"excerpt":{"rendered":"<p>\u00abFishing for Herring\u00bb by A van der Kabel (1631-1705) Pa\u00eds: Francia Serie: Curiosity Cabinet (2020) C\u00f3digo de cat\u00e1logo: Yvert et Tellier FR A1832 Michel FR 7551 Stamp Number FR 5804 Stanley Gibbons FR 6800 Unificato FR 7381 Temas: Arte | Barcos | Pesca | Veleros Fecha emisi\u00f3n: 2020-03-09 Tama\u00f1o: 24 x 38 mm Colores: Multicolor &hellip;<\/p>\n<p class=\"read-more\"> <a class=\"thunk-readmore button\" href=\"https:\/\/filatelia.cuentista.es\/en\/product\/sello-francia-2020-van-der-kabel-lettre-verte-usado\"> <span class=\"screen-reader-text\">Sello Francia 2020 &#8211; Van der Kabel &#8211; Lettre Verte Usado<\/span>Read More<\/a><\/p>","protected":false},"featured_media":6806,"comment_status":"open","ping_status":"closed","template":"","meta":{"_acf_changed":false},"product_brand":[],"product_cat":[1579,20],"product_tag":[],"class_list":{"0":"post-6807","1":"product","2":"type-product","3":"status-publish","4":"has-post-thumbnail","6":"product_cat-francia","7":"product_cat-sellos-usados","8":"thunk-woo-product-list","9":"opn-qv-enable","10":"open-woo-hover-zoom","11":"open-single-product-tab-horizontal","12":"open-shadow-","13":"open-shadow-hover-","15":"first","16":"instock","17":"shipping-taxable","18":"purchasable","19":"product-type-simple"},"acf":[],"jetpack_sharing_enabled":true,"_links":{"self":[{"href":"https:\/\/filatelia.cuentista.es\/en\/wp-json\/wp\/v2\/product\/6807","targetHints":{"allow":["GET"]}}],"collection":[{"href":"https:\/\/filatelia.cuentista.es\/en\/wp-json\/wp\/v2\/product"}],"about":[{"href":"https:\/\/filatelia.cuentista.es\/en\/wp-json\/wp\/v2\/types\/product"}],"replies":[{"embeddable":true,"href":"https:\/\/filatelia.cuentista.es\/en\/wp-json\/wp\/v2\/comments?post=6807"}],"wp:featuredmedia":[{"embeddable":true,"href":"https:\/\/filatelia.cuentista.es\/en\/wp-json\/wp\/v2\/media\/6806"}],"wp:attachment":[{"href":"https:\/\/filatelia.cuentista.es\/en\/wp-json\/wp\/v2\/media?parent=6807"}],"wp:term":[{"taxonomy":"product_brand","embeddable":true,"href":"https:\/\/filatelia.cuentista.es\/en\/wp-json\/wp\/v2\/product_brand?post=6807"},{"taxonomy":"product_cat","embeddable":true,"href":"https:\/\/filatelia.cuentista.es\/en\/wp-json\/wp\/v2\/product_cat?post=6807"},{"taxonomy":"product_tag","embeddable":true,"href":"https:\/\/filatelia.cuentista.es\/en\/wp-json\/wp\/v2\/product_tag?post=6807"}],"curies":[{"name":"wp","href":"https:\/\/api.w.org\/{rel}","templated":true}]}}