{"id":6799,"date":"2024-12-07T21:50:59","date_gmt":"2024-12-07T21:50:59","guid":{"rendered":"https:\/\/filatelia.cuentista.es\/product\/sello-francia-2019-oso-polar-lettre-vert"},"modified":"2024-12-07T21:51:03","modified_gmt":"2024-12-07T21:51:03","slug":"sello-francia-2019-oso-polar-lettre-vert","status":"publish","type":"product","link":"https:\/\/filatelia.cuentista.es\/en\/product\/sello-francia-2019-oso-polar-lettre-vert","title":{"rendered":"Sello Francia 2019 &#8211; Oso Polar &#8211; Lettre Vert"},"content":{"rendered":"<p>Holiday Stamps 2019 &#8211; Polar Bear (vert)<\/p>\n<p><img class=\"size-full\"><\/p>\n<p>Pa\u00eds:<\/p>\n<p>Francia<\/p>\n<p>Serie:<\/p>\n<p>Fantastic Animals Holiday Stamps 2019<\/p>\n<p>C\u00f3digo de cat\u00e1logo:<\/p>\n<p>Yvert et Tellier FR A1790<\/p>\n<p>Michel FR 7477<\/p>\n<p>Stamp Number FR 5741<\/p>\n<p>Stanley Gibbons FR 6737<\/p>\n<p>Unificato FR 7307<\/p>\n<p>Temas:<\/p>\n<p>Animales (Fauna) | Mam\u00edferos | Navidad| Osos Polares<\/p>\n<p>Fecha emisi\u00f3n:<\/p>\n<p>2019-11-04<\/p>\n<p>Tama\u00f1o:<\/p>\n<p>24 x 38 mm<\/p>\n<p>Colores:<\/p>\n<p>Multicolor<\/p>\n<p>Marca de agua:<\/p>\n<p>Sin Marca de agua<\/p>\n<p>Impresores\/Imprentas:<\/p>\n<p>Philaposte (Phil@poste)<\/p>\n<p>Formato:<\/p>\n<p>Sello<\/p>\n<p>Emisi\u00f3n:<\/p>\n<p>Conmemorativo<\/p>\n<p>Perforaci\u00f3n:<\/p>\n<p>Troquelado en Serpentina11<\/p>\n<p>Impresi\u00f3n:<\/p>\n<p>Litograf\u00eda offset<\/p>\n<p>Papel:<\/p>\n<p>with 1 phosphor strip (right)<\/p>\n<p>Goma:<\/p>\n<p>Autoadhesiva<\/p>\n<p>Valor facial:<\/p>\n<p>Lettre Verte \u00ba &#8211; Sin Valor Facial<\/p>\n<p>Tiraje:<\/p>\n<p>4.500.000<\/p>\n<p>Puntuaci\u00f3n:<\/p>\n<p>15% Precisi\u00f3n: Muy alto<\/p>\n<p>Descripci\u00f3n:<\/p>\n<p>Emitido del folleto \u00abHoliday Stamps\u00bb Yt:FR BC1789 or Mi:FR 7477-7488MH. Validez permanente &#8211; Carta verde 20g a Francia. Face value \u20ac 0,88 on day of issue.<\/p>\n<p><a href=\"https:\/\/colnect.com\/stamps\/stamp\/910376\">https:\/\/colnect.com\/stamps\/stamp\/910376<\/a><\/p>","protected":false},"excerpt":{"rendered":"<p>Holiday Stamps 2019 &#8211; Polar Bear (vert) Pa\u00eds: Francia Serie: Fantastic Animals Holiday Stamps 2019 C\u00f3digo de cat\u00e1logo: Yvert et Tellier FR A1790 Michel FR 7477 Stamp Number FR 5741 Stanley Gibbons FR 6737 Unificato FR 7307 Temas: Animales (Fauna) | Mam\u00edferos | Navidad| Osos Polares Fecha emisi\u00f3n: 2019-11-04 Tama\u00f1o: 24 x 38 mm Colores: &hellip;<\/p>\n<p class=\"read-more\"> <a class=\"thunk-readmore button\" href=\"https:\/\/filatelia.cuentista.es\/en\/product\/sello-francia-2019-oso-polar-lettre-vert\"> <span class=\"screen-reader-text\">Sello Francia 2019 &#8211; Oso Polar &#8211; Lettre Vert<\/span>Read More<\/a><\/p>","protected":false},"featured_media":6798,"comment_status":"open","ping_status":"closed","template":"","meta":{"_acf_changed":false},"product_brand":[],"product_cat":[1579,20],"product_tag":[],"class_list":{"0":"post-6799","1":"product","2":"type-product","3":"status-publish","4":"has-post-thumbnail","6":"product_cat-francia","7":"product_cat-sellos-usados","8":"thunk-woo-product-list","9":"opn-qv-enable","10":"open-woo-hover-zoom","11":"open-single-product-tab-horizontal","12":"open-shadow-","13":"open-shadow-hover-","15":"first","16":"instock","17":"shipping-taxable","18":"purchasable","19":"product-type-simple"},"acf":[],"jetpack_sharing_enabled":true,"_links":{"self":[{"href":"https:\/\/filatelia.cuentista.es\/en\/wp-json\/wp\/v2\/product\/6799","targetHints":{"allow":["GET"]}}],"collection":[{"href":"https:\/\/filatelia.cuentista.es\/en\/wp-json\/wp\/v2\/product"}],"about":[{"href":"https:\/\/filatelia.cuentista.es\/en\/wp-json\/wp\/v2\/types\/product"}],"replies":[{"embeddable":true,"href":"https:\/\/filatelia.cuentista.es\/en\/wp-json\/wp\/v2\/comments?post=6799"}],"wp:featuredmedia":[{"embeddable":true,"href":"https:\/\/filatelia.cuentista.es\/en\/wp-json\/wp\/v2\/media\/6798"}],"wp:attachment":[{"href":"https:\/\/filatelia.cuentista.es\/en\/wp-json\/wp\/v2\/media?parent=6799"}],"wp:term":[{"taxonomy":"product_brand","embeddable":true,"href":"https:\/\/filatelia.cuentista.es\/en\/wp-json\/wp\/v2\/product_brand?post=6799"},{"taxonomy":"product_cat","embeddable":true,"href":"https:\/\/filatelia.cuentista.es\/en\/wp-json\/wp\/v2\/product_cat?post=6799"},{"taxonomy":"product_tag","embeddable":true,"href":"https:\/\/filatelia.cuentista.es\/en\/wp-json\/wp\/v2\/product_tag?post=6799"}],"curies":[{"name":"wp","href":"https:\/\/api.w.org\/{rel}","templated":true}]}}