{"id":6793,"date":"2024-12-07T21:37:28","date_gmt":"2024-12-07T21:37:28","guid":{"rendered":"https:\/\/filatelia.cuentista.es\/product\/sellos-francia-2022-sabine-de-david-lettre-verte"},"modified":"2024-12-07T21:37:31","modified_gmt":"2024-12-07T21:37:31","slug":"sellos-francia-2022-sabine-de-david-lettre-verte","status":"publish","type":"product","link":"https:\/\/filatelia.cuentista.es\/en\/product\/sellos-francia-2022-sabine-de-david-lettre-verte","title":{"rendered":"Sellos Francia 2022 &#8211; Sabine de David &#8211; Lettre Verte"},"content":{"rendered":"<p>Intervention of the Sabine Women (Detail) by J-L David<\/p>\n<p><img class=\"size-full\"><\/p>\n<p>Pa\u00eds:<\/p>\n<p>Francia<\/p>\n<p>Serie:<\/p>\n<p>Art Masterpieces in Detail (2022)<\/p>\n<p>C\u00f3digo de cat\u00e1logo:<\/p>\n<p>Yvert et Tellier FR A2195<\/p>\n<p>Michel FR 8279<\/p>\n<p>Stamp Number FR 6299<\/p>\n<p>Stanley Gibbons FR 7322<\/p>\n<p>Temas:<\/p>\n<p>Arte | Pinturas<\/p>\n<p>Fecha emisi\u00f3n:<\/p>\n<p>2022-09-05<\/p>\n<p>Tama\u00f1o:<\/p>\n<p>38 x 24 mm<\/p>\n<p>Colores:<\/p>\n<p>Multicolor<\/p>\n<p>Marca de agua:<\/p>\n<p>Sin Marca de agua<\/p>\n<p>Dise\u00f1adores:<\/p>\n<p>Etienne Th\u00e9ry<\/p>\n<p>Impresores\/Imprentas:<\/p>\n<p>Philaposte (Phil@poste)<\/p>\n<p>Formato:<\/p>\n<p>Sello<\/p>\n<p>Emisi\u00f3n:<\/p>\n<p>Conmemorativo<\/p>\n<p>Perforaci\u00f3n:<\/p>\n<p>Troquelado en Serpentina11\u00bc<\/p>\n<p>Impresi\u00f3n:<\/p>\n<p>Fotograbado<\/p>\n<p>Goma:<\/p>\n<p>Autoadhesiva<\/p>\n<p>Valor facial:<\/p>\n<p>Lettre Verte \u00ba &#8211; Sin Valor Facial<\/p>\n<p>Tiraje:<\/p>\n<p>4.100.000<\/p>\n<p>Puntuaci\u00f3n:<\/p>\n<p>23% Precisi\u00f3n: Alta<\/p>\n<p>Descripci\u00f3n:<\/p>\n<p>Sello de la hojita. Face value \u20ac1.16 on day of issue<\/p>\n<p><a href=\"https:\/\/colnect.com\/es\/stamps\/stamp\/1281481-Intervention_of_the_Sabine_Women_Detail_by_J-L_David-Art_Masterpieces_in_Detail_2022-Francia\">https:\/\/colnect.com\/es\/stamps\/stamp\/1281481-Intervention_of_the_Sabine_Women_Detail_by_J-L_David-Art_Masterpieces_in_Detail_2022-Francia<\/a><\/p>","protected":false},"excerpt":{"rendered":"<p>Intervention of the Sabine Women (Detail) by J-L David Pa\u00eds: Francia Serie: Art Masterpieces in Detail (2022) C\u00f3digo de cat\u00e1logo: Yvert et Tellier FR A2195 Michel FR 8279 Stamp Number FR 6299 Stanley Gibbons FR 7322 Temas: Arte | Pinturas Fecha emisi\u00f3n: 2022-09-05 Tama\u00f1o: 38 x 24 mm Colores: Multicolor Marca de agua: Sin Marca &hellip;<\/p>\n<p class=\"read-more\"> <a class=\"thunk-readmore button\" href=\"https:\/\/filatelia.cuentista.es\/en\/product\/sellos-francia-2022-sabine-de-david-lettre-verte\"> <span class=\"screen-reader-text\">Sellos Francia 2022 &#8211; Sabine de David &#8211; Lettre Verte<\/span>Read More<\/a><\/p>","protected":false},"featured_media":6792,"comment_status":"open","ping_status":"closed","template":"","meta":{"_acf_changed":false},"product_brand":[],"product_cat":[1579,20],"product_tag":[],"class_list":{"0":"post-6793","1":"product","2":"type-product","3":"status-publish","4":"has-post-thumbnail","6":"product_cat-francia","7":"product_cat-sellos-usados","8":"thunk-woo-product-list","9":"opn-qv-enable","10":"open-woo-hover-zoom","11":"open-single-product-tab-horizontal","12":"open-shadow-","13":"open-shadow-hover-","15":"first","16":"instock","17":"shipping-taxable","18":"purchasable","19":"product-type-simple"},"acf":[],"jetpack_sharing_enabled":true,"_links":{"self":[{"href":"https:\/\/filatelia.cuentista.es\/en\/wp-json\/wp\/v2\/product\/6793","targetHints":{"allow":["GET"]}}],"collection":[{"href":"https:\/\/filatelia.cuentista.es\/en\/wp-json\/wp\/v2\/product"}],"about":[{"href":"https:\/\/filatelia.cuentista.es\/en\/wp-json\/wp\/v2\/types\/product"}],"replies":[{"embeddable":true,"href":"https:\/\/filatelia.cuentista.es\/en\/wp-json\/wp\/v2\/comments?post=6793"}],"wp:featuredmedia":[{"embeddable":true,"href":"https:\/\/filatelia.cuentista.es\/en\/wp-json\/wp\/v2\/media\/6792"}],"wp:attachment":[{"href":"https:\/\/filatelia.cuentista.es\/en\/wp-json\/wp\/v2\/media?parent=6793"}],"wp:term":[{"taxonomy":"product_brand","embeddable":true,"href":"https:\/\/filatelia.cuentista.es\/en\/wp-json\/wp\/v2\/product_brand?post=6793"},{"taxonomy":"product_cat","embeddable":true,"href":"https:\/\/filatelia.cuentista.es\/en\/wp-json\/wp\/v2\/product_cat?post=6793"},{"taxonomy":"product_tag","embeddable":true,"href":"https:\/\/filatelia.cuentista.es\/en\/wp-json\/wp\/v2\/product_tag?post=6793"}],"curies":[{"name":"wp","href":"https:\/\/api.w.org\/{rel}","templated":true}]}}