{"id":6789,"date":"2024-12-07T21:23:00","date_gmt":"2024-12-07T21:23:00","guid":{"rendered":"https:\/\/filatelia.cuentista.es\/product\/sellos-francia-2009-cristalerie-de-clichy-lettre-verte"},"modified":"2024-12-07T21:23:03","modified_gmt":"2024-12-07T21:23:03","slug":"sellos-francia-2009-cristalerie-de-clichy-lettre-verte","status":"publish","type":"product","link":"https:\/\/filatelia.cuentista.es\/en\/product\/sellos-francia-2009-cristalerie-de-clichy-lettre-verte","title":{"rendered":"Sellos Francia 2009 &#8211; Cristalerie de Clichy &#8211; Lettre Verte"},"content":{"rendered":"<p>Crystal in Clichy Crystal Glass Making<\/p>\n<p><img class=\"size-full\"><\/p>\n<p>Pa\u00eds:<\/p>\n<p>Francia<\/p>\n<p>Serie:<\/p>\n<p>Works of Fine Art<\/p>\n<p>C\u00f3digo de cat\u00e1logo:<\/p>\n<p>Yvert et Tellier FR A264<\/p>\n<p>Michel FR 4582<\/p>\n<p>Stamp Number FR 3583<\/p>\n<p>Stanley Gibbons FR 4561<\/p>\n<p>AFA n\u00famero FR 4621<\/p>\n<p>Unificato FR 4423<\/p>\n<p>WADP Numbering System &#8211; WNSFR013.09<\/p>\n<p>Temas:<\/p>\n<p>Vidrio y Cer\u00e1mica<\/p>\n<p>Fecha emisi\u00f3n:<\/p>\n<p>2009-01-10<\/p>\n<p>Tama\u00f1o:<\/p>\n<p>39 x 25 mm<\/p>\n<p>Colores:<\/p>\n<p>Multicolor<\/p>\n<p>Marca de agua:<\/p>\n<p>Sin Marca de agua<\/p>\n<p>Impresores\/Imprentas:<\/p>\n<p>Philaposte (Phil@poste)<\/p>\n<p>Formato:<\/p>\n<p>Sello<\/p>\n<p>Emisi\u00f3n:<\/p>\n<p>Conmemorativo<\/p>\n<p>Perforaci\u00f3n:<\/p>\n<p>Troquelado11<\/p>\n<p>Impresi\u00f3n:<\/p>\n<p>Fotograbado<\/p>\n<p>Papel:<\/p>\n<p>with 2 phosphor stripes (left and right)<\/p>\n<p>Goma:<\/p>\n<p>Autoadhesiva<\/p>\n<p>Valor facial:<\/p>\n<p>Prioritaire 20 \u00ba &#8211; Sin Valor Facial<\/p>\n<p>Tiraje:<\/p>\n<p>7.000.000<\/p>\n<p>Puntuaci\u00f3n:<\/p>\n<p>13% Precisi\u00f3n: Muy alto<\/p>\n<p>Descripci\u00f3n:<\/p>\n<p>Validez permanente &#8211; Carta prioritaria 20g para Francia &#8211;<\/p>\n<p>Emitido del folleto (carnet): \u00abWorks of Fine Art\u00bb<\/p>\n<p><a href=\"https:\/\/colnect.com\/stamps\/stamp\/123843\">https:\/\/colnect.com\/stamps\/stamp\/123843<\/a><\/p>","protected":false},"excerpt":{"rendered":"<p>Crystal in Clichy Crystal Glass Making Pa\u00eds: Francia Serie: Works of Fine Art C\u00f3digo de cat\u00e1logo: Yvert et Tellier FR A264 Michel FR 4582 Stamp Number FR 3583 Stanley Gibbons FR 4561 AFA n\u00famero FR 4621 Unificato FR 4423 WADP Numbering System &#8211; WNSFR013.09 Temas: Vidrio y Cer\u00e1mica Fecha emisi\u00f3n: 2009-01-10 Tama\u00f1o: 39 x 25 &hellip;<\/p>\n<p class=\"read-more\"> <a class=\"thunk-readmore button\" href=\"https:\/\/filatelia.cuentista.es\/en\/product\/sellos-francia-2009-cristalerie-de-clichy-lettre-verte\"> <span class=\"screen-reader-text\">Sellos Francia 2009 &#8211; Cristalerie de Clichy &#8211; Lettre Verte<\/span>Read More<\/a><\/p>","protected":false},"featured_media":6788,"comment_status":"open","ping_status":"closed","template":"","meta":{"_acf_changed":false},"product_brand":[],"product_cat":[1579,20],"product_tag":[],"class_list":{"0":"post-6789","1":"product","2":"type-product","3":"status-publish","4":"has-post-thumbnail","6":"product_cat-francia","7":"product_cat-sellos-usados","8":"thunk-woo-product-list","9":"opn-qv-enable","10":"open-woo-hover-zoom","11":"open-single-product-tab-horizontal","12":"open-shadow-","13":"open-shadow-hover-","15":"first","16":"instock","17":"shipping-taxable","18":"purchasable","19":"product-type-simple"},"acf":[],"jetpack_sharing_enabled":true,"_links":{"self":[{"href":"https:\/\/filatelia.cuentista.es\/en\/wp-json\/wp\/v2\/product\/6789","targetHints":{"allow":["GET"]}}],"collection":[{"href":"https:\/\/filatelia.cuentista.es\/en\/wp-json\/wp\/v2\/product"}],"about":[{"href":"https:\/\/filatelia.cuentista.es\/en\/wp-json\/wp\/v2\/types\/product"}],"replies":[{"embeddable":true,"href":"https:\/\/filatelia.cuentista.es\/en\/wp-json\/wp\/v2\/comments?post=6789"}],"wp:featuredmedia":[{"embeddable":true,"href":"https:\/\/filatelia.cuentista.es\/en\/wp-json\/wp\/v2\/media\/6788"}],"wp:attachment":[{"href":"https:\/\/filatelia.cuentista.es\/en\/wp-json\/wp\/v2\/media?parent=6789"}],"wp:term":[{"taxonomy":"product_brand","embeddable":true,"href":"https:\/\/filatelia.cuentista.es\/en\/wp-json\/wp\/v2\/product_brand?post=6789"},{"taxonomy":"product_cat","embeddable":true,"href":"https:\/\/filatelia.cuentista.es\/en\/wp-json\/wp\/v2\/product_cat?post=6789"},{"taxonomy":"product_tag","embeddable":true,"href":"https:\/\/filatelia.cuentista.es\/en\/wp-json\/wp\/v2\/product_tag?post=6789"}],"curies":[{"name":"wp","href":"https:\/\/api.w.org\/{rel}","templated":true}]}}