{"id":6787,"date":"2024-12-07T21:11:11","date_gmt":"2024-12-07T21:11:11","guid":{"rendered":"https:\/\/filatelia.cuentista.es\/product\/sello-francia-2022-saludos-navidenos-lettre-verte"},"modified":"2024-12-07T21:11:16","modified_gmt":"2024-12-07T21:11:16","slug":"sello-francia-2022-saludos-navidenos-lettre-verte","status":"publish","type":"product","link":"https:\/\/filatelia.cuentista.es\/en\/product\/sello-francia-2022-saludos-navidenos-lettre-verte","title":{"rendered":"Sello Francia 2022 &#8211; Saludos Navide\u00f1os &#8211; Lettre Verte"},"content":{"rendered":"<p>Holiday Greetings 2022<\/p>\n<p><img class=\"size-full\"><\/p>\n<p>Pa\u00eds:<\/p>\n<p>Francia<\/p>\n<p>Serie:<\/p>\n<p>Holiday Greetings 2022<\/p>\n<p>C\u00f3digo de cat\u00e1logo:<\/p>\n<p>Yvert et Tellier FR A2222<\/p>\n<p>Michel FR 8359<\/p>\n<p>Stamp Number FR 6322<\/p>\n<p>Stanley Gibbons FR 7352<\/p>\n<p>Temas:<\/p>\n<p>Animales (Fauna) | Navidad<\/p>\n<p>Fecha emisi\u00f3n:<\/p>\n<p>2022-11-07<\/p>\n<p>Colores:<\/p>\n<p>Multicolor<\/p>\n<p>Dise\u00f1adores:<\/p>\n<p>BETC<\/p>\n<p>Impresores\/Imprentas:<\/p>\n<p>Philaposte (Phil@poste)<\/p>\n<p>Formato:<\/p>\n<p>Sello<\/p>\n<p>Emisi\u00f3n:<\/p>\n<p>Conmemorativo<\/p>\n<p>Perforaci\u00f3n:<\/p>\n<p>Troquelado en Serpentina11\u00bc<\/p>\n<p>Impresi\u00f3n:<\/p>\n<p>Litograf\u00eda offset<\/p>\n<p>Goma:<\/p>\n<p>Autoadhesiva<\/p>\n<p>Valor facial:<\/p>\n<p>Lettre Verte \u00ba &#8211; Sin Valor Facial<\/p>\n<p>Tiraje:<\/p>\n<p>4.000.000<\/p>\n<p>Puntuaci\u00f3n:<\/p>\n<p>25% Precisi\u00f3n: Alta<\/p>\n<p>Descripci\u00f3n:<\/p>\n<p>Sello del folleto. Face value \u20ac1.16 on day of issue<\/p>\n<p><a href=\"https:\/\/colnect.com\/stamps\/stamp\/1309804\">https:\/\/colnect.com\/stamps\/stamp\/1309804<\/a><\/p>","protected":false},"excerpt":{"rendered":"<p>Holiday Greetings 2022 Pa\u00eds: Francia Serie: Holiday Greetings 2022 C\u00f3digo de cat\u00e1logo: Yvert et Tellier FR A2222 Michel FR 8359 Stamp Number FR 6322 Stanley Gibbons FR 7352 Temas: Animales (Fauna) | Navidad Fecha emisi\u00f3n: 2022-11-07 Colores: Multicolor Dise\u00f1adores: BETC Impresores\/Imprentas: Philaposte (Phil@poste) Formato: Sello Emisi\u00f3n: Conmemorativo Perforaci\u00f3n: Troquelado en Serpentina11\u00bc Impresi\u00f3n: Litograf\u00eda offset Goma: &hellip;<\/p>\n<p class=\"read-more\"> <a class=\"thunk-readmore button\" href=\"https:\/\/filatelia.cuentista.es\/en\/product\/sello-francia-2022-saludos-navidenos-lettre-verte\"> <span class=\"screen-reader-text\">Sello Francia 2022 &#8211; Saludos Navide\u00f1os &#8211; Lettre Verte<\/span>Read More<\/a><\/p>","protected":false},"featured_media":6786,"comment_status":"open","ping_status":"closed","template":"","meta":{"_acf_changed":false},"product_brand":[],"product_cat":[1579,20],"product_tag":[],"class_list":{"0":"post-6787","1":"product","2":"type-product","3":"status-publish","4":"has-post-thumbnail","6":"product_cat-francia","7":"product_cat-sellos-usados","8":"thunk-woo-product-list","9":"opn-qv-enable","10":"open-woo-hover-zoom","11":"open-single-product-tab-horizontal","12":"open-shadow-","13":"open-shadow-hover-","15":"first","16":"instock","17":"shipping-taxable","18":"purchasable","19":"product-type-simple"},"acf":[],"jetpack_sharing_enabled":true,"_links":{"self":[{"href":"https:\/\/filatelia.cuentista.es\/en\/wp-json\/wp\/v2\/product\/6787","targetHints":{"allow":["GET"]}}],"collection":[{"href":"https:\/\/filatelia.cuentista.es\/en\/wp-json\/wp\/v2\/product"}],"about":[{"href":"https:\/\/filatelia.cuentista.es\/en\/wp-json\/wp\/v2\/types\/product"}],"replies":[{"embeddable":true,"href":"https:\/\/filatelia.cuentista.es\/en\/wp-json\/wp\/v2\/comments?post=6787"}],"wp:featuredmedia":[{"embeddable":true,"href":"https:\/\/filatelia.cuentista.es\/en\/wp-json\/wp\/v2\/media\/6786"}],"wp:attachment":[{"href":"https:\/\/filatelia.cuentista.es\/en\/wp-json\/wp\/v2\/media?parent=6787"}],"wp:term":[{"taxonomy":"product_brand","embeddable":true,"href":"https:\/\/filatelia.cuentista.es\/en\/wp-json\/wp\/v2\/product_brand?post=6787"},{"taxonomy":"product_cat","embeddable":true,"href":"https:\/\/filatelia.cuentista.es\/en\/wp-json\/wp\/v2\/product_cat?post=6787"},{"taxonomy":"product_tag","embeddable":true,"href":"https:\/\/filatelia.cuentista.es\/en\/wp-json\/wp\/v2\/product_tag?post=6787"}],"curies":[{"name":"wp","href":"https:\/\/api.w.org\/{rel}","templated":true}]}}