{"id":6777,"date":"2024-12-07T20:41:22","date_gmt":"2024-12-07T20:41:22","guid":{"rendered":"https:\/\/filatelia.cuentista.es\/product\/sello-francia-2018-les-arts-de-table-chantilly-lettre-verte"},"modified":"2024-12-07T20:41:26","modified_gmt":"2024-12-07T20:41:26","slug":"sello-francia-2018-les-arts-de-table-chantilly-lettre-verte","status":"publish","type":"product","link":"https:\/\/filatelia.cuentista.es\/en\/product\/sello-francia-2018-les-arts-de-table-chantilly-lettre-verte","title":{"rendered":"Sello Francia 2018 &#8211; Les Arts de Table : Chantilly &#8211; Lettre Verte"},"content":{"rendered":"<p>Centerpiece \/ Production : Chantilly<\/p>\n<p><img class=\"size-full\"><\/p>\n<p>Pa\u00eds:<\/p>\n<p>Francia<\/p>\n<p>Serie:<\/p>\n<p>Art of the Table: French Porcelain<\/p>\n<p>C\u00f3digo de cat\u00e1logo:<\/p>\n<p>Yvert et Tellier FR A1539<\/p>\n<p>Michel FR 6970<\/p>\n<p>Stamp Number FR 5400<\/p>\n<p>Stanley Gibbons FR 6354<\/p>\n<p>Unificato FR 6802<\/p>\n<p>Temas:<\/p>\n<p>Cer\u00e1micas<\/p>\n<p>Fecha emisi\u00f3n:<\/p>\n<p>2018-03-02<\/p>\n<p>Tama\u00f1o:<\/p>\n<p>38 x 24 mm<\/p>\n<p>Colores:<\/p>\n<p>Multicolor<\/p>\n<p>Marca de agua:<\/p>\n<p>Sin Marca de agua<\/p>\n<p>Impresores\/Imprentas:<\/p>\n<p>Philaposte (Phil@poste)<\/p>\n<p>Formato:<\/p>\n<p>Sello<\/p>\n<p>Emisi\u00f3n:<\/p>\n<p>Conmemorativo<\/p>\n<p>Perforaci\u00f3n:<\/p>\n<p>Troquelado11<\/p>\n<p>Impresi\u00f3n:<\/p>\n<p>Fotograbado<\/p>\n<p>Papel:<\/p>\n<p>with 1 phosphor strip (right)<\/p>\n<p>Goma:<\/p>\n<p>Autoadhesiva<\/p>\n<p>Valor facial:<\/p>\n<p>Lettre Verte \u00ba &#8211; Sin Valor Facial<\/p>\n<p>Tiraje:<\/p>\n<p>3.700.000<\/p>\n<p>Puntuaci\u00f3n:<\/p>\n<p>14% Precisi\u00f3n: Muy alto<\/p>\n<p>Descripci\u00f3n:<\/p>\n<p>Permanent validity &#8211; Green letter 20g to France &#8211; Issued from booklet \u00abTableware: Porcelain &amp; faience \u00bb Yt:FR BC1528 or Mi:FR 6959-6970MH<\/p>\n<p>Valor inicial: 0.80 \u20ac<\/p>\n<p><a href=\"https:\/\/colnect.com\/stamps\/stamp\/771024\">https:\/\/colnect.com\/stamps\/stamp\/771024<\/a><\/p>","protected":false},"excerpt":{"rendered":"<p>Centerpiece \/ Production : Chantilly Pa\u00eds: Francia Serie: Art of the Table: French Porcelain C\u00f3digo de cat\u00e1logo: Yvert et Tellier FR A1539 Michel FR 6970 Stamp Number FR 5400 Stanley Gibbons FR 6354 Unificato FR 6802 Temas: Cer\u00e1micas Fecha emisi\u00f3n: 2018-03-02 Tama\u00f1o: 38 x 24 mm Colores: Multicolor Marca de agua: Sin Marca de agua &hellip;<\/p>\n<p class=\"read-more\"> <a class=\"thunk-readmore button\" href=\"https:\/\/filatelia.cuentista.es\/en\/product\/sello-francia-2018-les-arts-de-table-chantilly-lettre-verte\"> <span class=\"screen-reader-text\">Sello Francia 2018 &#8211; Les Arts de Table : Chantilly &#8211; Lettre Verte<\/span>Read More<\/a><\/p>","protected":false},"featured_media":6776,"comment_status":"open","ping_status":"closed","template":"","meta":{"_acf_changed":false},"product_brand":[],"product_cat":[1579,20],"product_tag":[1109],"class_list":{"0":"post-6777","1":"product","2":"type-product","3":"status-publish","4":"has-post-thumbnail","6":"product_cat-francia","7":"product_cat-sellos-usados","8":"product_tag-comida","9":"thunk-woo-product-list","10":"opn-qv-enable","11":"open-woo-hover-zoom","12":"open-single-product-tab-horizontal","13":"open-shadow-","14":"open-shadow-hover-","16":"first","17":"instock","18":"shipping-taxable","19":"purchasable","20":"product-type-simple"},"acf":[],"jetpack_sharing_enabled":true,"_links":{"self":[{"href":"https:\/\/filatelia.cuentista.es\/en\/wp-json\/wp\/v2\/product\/6777","targetHints":{"allow":["GET"]}}],"collection":[{"href":"https:\/\/filatelia.cuentista.es\/en\/wp-json\/wp\/v2\/product"}],"about":[{"href":"https:\/\/filatelia.cuentista.es\/en\/wp-json\/wp\/v2\/types\/product"}],"replies":[{"embeddable":true,"href":"https:\/\/filatelia.cuentista.es\/en\/wp-json\/wp\/v2\/comments?post=6777"}],"wp:featuredmedia":[{"embeddable":true,"href":"https:\/\/filatelia.cuentista.es\/en\/wp-json\/wp\/v2\/media\/6776"}],"wp:attachment":[{"href":"https:\/\/filatelia.cuentista.es\/en\/wp-json\/wp\/v2\/media?parent=6777"}],"wp:term":[{"taxonomy":"product_brand","embeddable":true,"href":"https:\/\/filatelia.cuentista.es\/en\/wp-json\/wp\/v2\/product_brand?post=6777"},{"taxonomy":"product_cat","embeddable":true,"href":"https:\/\/filatelia.cuentista.es\/en\/wp-json\/wp\/v2\/product_cat?post=6777"},{"taxonomy":"product_tag","embeddable":true,"href":"https:\/\/filatelia.cuentista.es\/en\/wp-json\/wp\/v2\/product_tag?post=6777"}],"curies":[{"name":"wp","href":"https:\/\/api.w.org\/{rel}","templated":true}]}}