{"id":6772,"date":"2024-12-07T20:28:06","date_gmt":"2024-12-07T20:28:06","guid":{"rendered":"https:\/\/filatelia.cuentista.es\/product\/sello-francia-kandinsky-dans-le-circle-lettre-vert"},"modified":"2024-12-07T20:34:20","modified_gmt":"2024-12-07T20:34:20","slug":"sello-francia-kandinsky-dans-le-circle-lettre-vert","status":"publish","type":"product","link":"https:\/\/filatelia.cuentista.es\/en\/product\/sello-francia-kandinsky-dans-le-circle-lettre-vert","title":{"rendered":"Sello Francia 2021 &#8211; Kandinsky Dans le Circle &#8211; Lettre Vert"},"content":{"rendered":"<p>Inside The Circle (Detail), by Vassily Kandinsky(1866-1944)<\/p>\n<p><img class=\"size-full\"><\/p>\n<p>Pa\u00eds:<\/p>\n<p>Francia<\/p>\n<p>Serie:<\/p>\n<p>Inside The Circle, by Vassily Kandinsky (2021)<\/p>\n<p>C\u00f3digo de cat\u00e1logo:<\/p>\n<p>Yvert et Tellier FR A1978<\/p>\n<p>Michel FR 7867<\/p>\n<p>Stamp Number FR 6006<\/p>\n<p>Stanley Gibbons FR 7009<\/p>\n<p>Unificato FR 7696<\/p>\n<p>Temas:<\/p>\n<p>Arte<\/p>\n<p>Fecha emisi\u00f3n:<\/p>\n<p>2021-03-29<\/p>\n<p>Tama\u00f1o:<\/p>\n<p>27 x 27 mm<\/p>\n<p>Colores:<\/p>\n<p>Azul | Multicolor<\/p>\n<p>Impresores\/Imprentas:<\/p>\n<p>Philaposte (Phil@poste)<\/p>\n<p>Formato:<\/p>\n<p>Sello<\/p>\n<p>Emisi\u00f3n:<\/p>\n<p>Conmemorativo<\/p>\n<p>Perforaci\u00f3n:<\/p>\n<p>Troquelado en Serpentina11\u00bc<\/p>\n<p>Impresi\u00f3n:<\/p>\n<p>Litograf\u00eda offset<\/p>\n<p>Goma:<\/p>\n<p>Autoadhesiva<\/p>\n<p>Valor facial:<\/p>\n<p>Lettre Verte \u00ba &#8211; Sin Valor Facial<\/p>\n<p>Tiraje:<\/p>\n<p>4.000.000<\/p>\n<p>Puntuaci\u00f3n:<\/p>\n<p>21% Precisi\u00f3n: Alta<\/p>\n<p>Descripci\u00f3n:<\/p>\n<p>Sello del carnet. Face value \u20ac 1.08 on day of issue<\/p>\n<p><a href=\"https:\/\/colnect.com\/stamps\/stamp\/1064175\">https:\/\/colnect.com\/stamps\/stamp\/1064175<\/a><\/p>","protected":false},"excerpt":{"rendered":"<p>Inside The Circle (Detail), by Vassily Kandinsky(1866-1944) Pa\u00eds: Francia Serie: Inside The Circle, by Vassily Kandinsky (2021) C\u00f3digo de cat\u00e1logo: Yvert et Tellier FR A1978 Michel FR 7867 Stamp Number FR 6006 Stanley Gibbons FR 7009 Unificato FR 7696 Temas: Arte Fecha emisi\u00f3n: 2021-03-29 Tama\u00f1o: 27 x 27 mm Colores: Azul | Multicolor Impresores\/Imprentas: Philaposte &hellip;<\/p>\n<p class=\"read-more\"> <a class=\"thunk-readmore button\" href=\"https:\/\/filatelia.cuentista.es\/en\/product\/sello-francia-kandinsky-dans-le-circle-lettre-vert\"> <span class=\"screen-reader-text\">Sello Francia 2021 &#8211; Kandinsky Dans le Circle &#8211; Lettre Vert<\/span>Read More<\/a><\/p>","protected":false},"featured_media":6771,"comment_status":"open","ping_status":"closed","template":"","meta":{"_acf_changed":false},"product_brand":[],"product_cat":[1579],"product_tag":[43,44],"class_list":{"0":"post-6772","1":"product","2":"type-product","3":"status-publish","4":"has-post-thumbnail","6":"product_cat-francia","7":"product_tag-arte","8":"product_tag-pintura","9":"thunk-woo-product-list","10":"opn-qv-enable","11":"open-woo-hover-zoom","12":"open-single-product-tab-horizontal","13":"open-shadow-","14":"open-shadow-hover-","16":"first","17":"instock","18":"shipping-taxable","19":"purchasable","20":"product-type-simple"},"acf":[],"jetpack_sharing_enabled":true,"_links":{"self":[{"href":"https:\/\/filatelia.cuentista.es\/en\/wp-json\/wp\/v2\/product\/6772","targetHints":{"allow":["GET"]}}],"collection":[{"href":"https:\/\/filatelia.cuentista.es\/en\/wp-json\/wp\/v2\/product"}],"about":[{"href":"https:\/\/filatelia.cuentista.es\/en\/wp-json\/wp\/v2\/types\/product"}],"replies":[{"embeddable":true,"href":"https:\/\/filatelia.cuentista.es\/en\/wp-json\/wp\/v2\/comments?post=6772"}],"wp:featuredmedia":[{"embeddable":true,"href":"https:\/\/filatelia.cuentista.es\/en\/wp-json\/wp\/v2\/media\/6771"}],"wp:attachment":[{"href":"https:\/\/filatelia.cuentista.es\/en\/wp-json\/wp\/v2\/media?parent=6772"}],"wp:term":[{"taxonomy":"product_brand","embeddable":true,"href":"https:\/\/filatelia.cuentista.es\/en\/wp-json\/wp\/v2\/product_brand?post=6772"},{"taxonomy":"product_cat","embeddable":true,"href":"https:\/\/filatelia.cuentista.es\/en\/wp-json\/wp\/v2\/product_cat?post=6772"},{"taxonomy":"product_tag","embeddable":true,"href":"https:\/\/filatelia.cuentista.es\/en\/wp-json\/wp\/v2\/product_tag?post=6772"}],"curies":[{"name":"wp","href":"https:\/\/api.w.org\/{rel}","templated":true}]}}