{"id":6768,"date":"2024-11-30T22:25:15","date_gmt":"2024-11-30T22:25:15","guid":{"rendered":"https:\/\/filatelia.cuentista.es\/product\/sello-argentina-1978-museo-de-la-plata-20-pesos-usado"},"modified":"2024-11-30T22:25:20","modified_gmt":"2024-11-30T22:25:20","slug":"sello-argentina-1978-museo-de-la-plata-20-pesos-usado","status":"publish","type":"product","link":"https:\/\/filatelia.cuentista.es\/en\/product\/sello-argentina-1978-museo-de-la-plata-20-pesos-usado","title":{"rendered":"Sello Argentina 1978 &#8211; Museo de La Plata &#8211; 20 Pesos Usado"},"content":{"rendered":"<p>La Plata City Museum<\/p>\n<p><img class=\"size-full\"><\/p>\n<p>Pa\u00eds:<\/p>\n<p>Argentina<\/p>\n<p>Serie:<\/p>\n<p>Buildings definitives &#8211; Fluo<\/p>\n<p>C\u00f3digo de cat\u00e1logo:<\/p>\n<p>Michel AR 1335<\/p>\n<p>Stamp Number AR 1162<\/p>\n<p>Yvert et Tellier AR 1129<\/p>\n<p>Stanley Gibbons AR 1538<\/p>\n<p>Gz (Cefiloza) AR 1354<\/p>\n<p>G\u00f6tig and Jalil AR 1781<\/p>\n<p>Temas:<\/p>\n<p>Edificios | Museos<\/p>\n<p>Fecha emisi\u00f3n:<\/p>\n<p>1978-09-08<\/p>\n<p>Tama\u00f1o:<\/p>\n<p>37 x 27 mm<\/p>\n<p>Colores:<\/p>\n<p>Negro | Verde Gris<\/p>\n<p>Marca de agua:<\/p>\n<p>Sin Marca de agua<\/p>\n<p>Dise\u00f1adores:<\/p>\n<p>Eduardo Miliavaca<\/p>\n<p>Impresores\/Imprentas:<\/p>\n<p>Casa de Moneda S.E., Buenos Aires<\/p>\n<p>Formato:<\/p>\n<p>Sello<\/p>\n<p>Emisi\u00f3n:<\/p>\n<p>Definitivo<\/p>\n<p>Perforaci\u00f3n:<\/p>\n<p>peine13\u00bd<\/p>\n<p>Impresi\u00f3n:<\/p>\n<p>Litograf\u00eda offset<\/p>\n<p>Papel:<\/p>\n<p>Chalky, fluorescent FN (strong at front, neutral at back), vertically laid<\/p>\n<p>Valor facial:<\/p>\n<p>20 $L &#8211; Peso Ley Argentino<\/p>\n<p><a href=\"https:\/\/colnect.com\/stamps\/stamp\/275016\">https:\/\/colnect.com\/stamps\/stamp\/275016<\/a><\/p>","protected":false},"excerpt":{"rendered":"<p>La Plata City Museum Pa\u00eds: Argentina Serie: Buildings definitives &#8211; Fluo C\u00f3digo de cat\u00e1logo: Michel AR 1335 Stamp Number AR 1162 Yvert et Tellier AR 1129 Stanley Gibbons AR 1538 Gz (Cefiloza) AR 1354 G\u00f6tig and Jalil AR 1781 Temas: Edificios | Museos Fecha emisi\u00f3n: 1978-09-08 Tama\u00f1o: 37 x 27 mm Colores: Negro | Verde &hellip;<\/p>\n<p class=\"read-more\"> <a class=\"thunk-readmore button\" href=\"https:\/\/filatelia.cuentista.es\/en\/product\/sello-argentina-1978-museo-de-la-plata-20-pesos-usado\"> <span class=\"screen-reader-text\">Sello Argentina 1978 &#8211; Museo de La Plata &#8211; 20 Pesos Usado<\/span>Read More<\/a><\/p>","protected":false},"featured_media":6767,"comment_status":"open","ping_status":"closed","template":"","meta":{"_acf_changed":false},"product_brand":[],"product_cat":[1568,20],"product_tag":[],"class_list":{"0":"post-6768","1":"product","2":"type-product","3":"status-publish","4":"has-post-thumbnail","6":"product_cat-argentina","7":"product_cat-sellos-usados","8":"thunk-woo-product-list","9":"opn-qv-enable","10":"open-woo-hover-zoom","11":"open-single-product-tab-horizontal","12":"open-shadow-","13":"open-shadow-hover-","15":"first","16":"instock","17":"shipping-taxable","18":"purchasable","19":"product-type-simple"},"acf":[],"jetpack_sharing_enabled":true,"_links":{"self":[{"href":"https:\/\/filatelia.cuentista.es\/en\/wp-json\/wp\/v2\/product\/6768","targetHints":{"allow":["GET"]}}],"collection":[{"href":"https:\/\/filatelia.cuentista.es\/en\/wp-json\/wp\/v2\/product"}],"about":[{"href":"https:\/\/filatelia.cuentista.es\/en\/wp-json\/wp\/v2\/types\/product"}],"replies":[{"embeddable":true,"href":"https:\/\/filatelia.cuentista.es\/en\/wp-json\/wp\/v2\/comments?post=6768"}],"wp:featuredmedia":[{"embeddable":true,"href":"https:\/\/filatelia.cuentista.es\/en\/wp-json\/wp\/v2\/media\/6767"}],"wp:attachment":[{"href":"https:\/\/filatelia.cuentista.es\/en\/wp-json\/wp\/v2\/media?parent=6768"}],"wp:term":[{"taxonomy":"product_brand","embeddable":true,"href":"https:\/\/filatelia.cuentista.es\/en\/wp-json\/wp\/v2\/product_brand?post=6768"},{"taxonomy":"product_cat","embeddable":true,"href":"https:\/\/filatelia.cuentista.es\/en\/wp-json\/wp\/v2\/product_cat?post=6768"},{"taxonomy":"product_tag","embeddable":true,"href":"https:\/\/filatelia.cuentista.es\/en\/wp-json\/wp\/v2\/product_tag?post=6768"}],"curies":[{"name":"wp","href":"https:\/\/api.w.org\/{rel}","templated":true}]}}