{"id":6754,"date":"2024-11-30T15:44:17","date_gmt":"2024-11-30T15:44:17","guid":{"rendered":"https:\/\/filatelia.cuentista.es\/product\/producto-46"},"modified":"2024-11-30T15:47:29","modified_gmt":"2024-11-30T15:47:29","slug":"producto-46","status":"publish","type":"product","link":"https:\/\/filatelia.cuentista.es\/en\/product\/producto-46","title":{"rendered":"Sello Argentina- Centenario de la fundaci\u00f3n de La Plata &#8211; 5000 pesos Usado"},"content":{"rendered":"<p>Centenary of La Plata &#8211; Palacio Municipal<\/p>\n<p><img class=\"size-full\"><img class=\"size-full\"><\/p>\n<p>Pa\u00eds:<\/p>\n<p>Argentina<\/p>\n<p>Serie:<\/p>\n<p>Anniversary of towns foundation &#8211; La Plata<\/p>\n<p>C\u00f3digo de cat\u00e1logo:<\/p>\n<p>Michel AR 1598<\/p>\n<p>Stamp Number AR 1399<\/p>\n<p>Yvert et Tellier AR 1329<\/p>\n<p>Stanley Gibbons AR 1791<\/p>\n<p>Gz (Cefiloza) AR 1598<\/p>\n<p>G\u00f6tig and Jalil AR 2066<\/p>\n<p>Temas:<\/p>\n<p>Arquitectura | Iglesias, Catedrales, Bas\u00edlicas | Paisajes \/ Vistas de Ciudades<\/p>\n<p>Fecha emisi\u00f3n:<\/p>\n<p>1982-11-20<\/p>\n<p>Tama\u00f1o:<\/p>\n<p>34 x 45 mm<\/p>\n<p>Colores:<\/p>\n<p>Multicolor<\/p>\n<p>Marca de agua:<\/p>\n<p>Casa de Moneda de lado a izquierda\/derecha<\/p>\n<p>Dise\u00f1adores:<\/p>\n<p>Gloria Guindani<\/p>\n<p>Impresores\/Imprentas:<\/p>\n<p>Casa de Moneda S.E., Buenos Aires<\/p>\n<p>Formato:<\/p>\n<p>Sello<\/p>\n<p>Emisi\u00f3n:<\/p>\n<p>Conmemorativo<\/p>\n<p>Perforaci\u00f3n:<\/p>\n<p>peine13\u00bd<\/p>\n<p>Impresi\u00f3n:<\/p>\n<p>Litograf\u00eda offset<\/p>\n<p>Goma:<\/p>\n<p>Ordinaria<\/p>\n<p>Valor facial:<\/p>\n<p>5.000 $L &#8211; Peso Ley Argentino<\/p>\n<p>Tiraje:<\/p>\n<p>500.000<\/p>\n<p><a href=\"https:\/\/colnect.com\/stamps\/stamp\/387940\">https:\/\/colnect.com\/stamps\/stamp\/387940<\/a><\/p>","protected":false},"excerpt":{"rendered":"<p>Centenary of La Plata &#8211; Palacio Municipal Pa\u00eds: Argentina Serie: Anniversary of towns foundation &#8211; La Plata C\u00f3digo de cat\u00e1logo: Michel AR 1598 Stamp Number AR 1399 Yvert et Tellier AR 1329 Stanley Gibbons AR 1791 Gz (Cefiloza) AR 1598 G\u00f6tig and Jalil AR 2066 Temas: Arquitectura | Iglesias, Catedrales, Bas\u00edlicas | Paisajes \/ Vistas &hellip;<\/p>\n<p class=\"read-more\"> <a class=\"thunk-readmore button\" href=\"https:\/\/filatelia.cuentista.es\/en\/product\/producto-46\"> <span class=\"screen-reader-text\">Sello Argentina- Centenario de la fundaci\u00f3n de La Plata &#8211; 5000 pesos Usado<\/span>Read More<\/a><\/p>","protected":false},"featured_media":6753,"comment_status":"open","ping_status":"closed","template":"","meta":{"_acf_changed":false},"product_brand":[],"product_cat":[1568,15,20],"product_tag":[],"class_list":{"0":"post-6754","1":"product","2":"type-product","3":"status-publish","4":"has-post-thumbnail","6":"product_cat-argentina","7":"product_cat-coleccionismo","8":"product_cat-sellos-usados","9":"thunk-woo-product-list","10":"opn-qv-enable","11":"open-woo-hover-zoom","12":"open-single-product-tab-horizontal","13":"open-shadow-","14":"open-shadow-hover-","16":"first","17":"instock","18":"shipping-taxable","19":"purchasable","20":"product-type-simple"},"acf":[],"jetpack_sharing_enabled":true,"_links":{"self":[{"href":"https:\/\/filatelia.cuentista.es\/en\/wp-json\/wp\/v2\/product\/6754","targetHints":{"allow":["GET"]}}],"collection":[{"href":"https:\/\/filatelia.cuentista.es\/en\/wp-json\/wp\/v2\/product"}],"about":[{"href":"https:\/\/filatelia.cuentista.es\/en\/wp-json\/wp\/v2\/types\/product"}],"replies":[{"embeddable":true,"href":"https:\/\/filatelia.cuentista.es\/en\/wp-json\/wp\/v2\/comments?post=6754"}],"wp:featuredmedia":[{"embeddable":true,"href":"https:\/\/filatelia.cuentista.es\/en\/wp-json\/wp\/v2\/media\/6753"}],"wp:attachment":[{"href":"https:\/\/filatelia.cuentista.es\/en\/wp-json\/wp\/v2\/media?parent=6754"}],"wp:term":[{"taxonomy":"product_brand","embeddable":true,"href":"https:\/\/filatelia.cuentista.es\/en\/wp-json\/wp\/v2\/product_brand?post=6754"},{"taxonomy":"product_cat","embeddable":true,"href":"https:\/\/filatelia.cuentista.es\/en\/wp-json\/wp\/v2\/product_cat?post=6754"},{"taxonomy":"product_tag","embeddable":true,"href":"https:\/\/filatelia.cuentista.es\/en\/wp-json\/wp\/v2\/product_tag?post=6754"}],"curies":[{"name":"wp","href":"https:\/\/api.w.org\/{rel}","templated":true}]}}