{"id":6748,"date":"2024-11-30T15:32:24","date_gmt":"2024-11-30T15:32:24","guid":{"rendered":"https:\/\/filatelia.cuentista.es\/product\/sello-argentina-2005-virgen-y-el-nino-75cts-nuevo"},"modified":"2024-11-30T15:32:28","modified_gmt":"2024-11-30T15:32:28","slug":"sello-argentina-2005-virgen-y-el-nino-75cts-nuevo","status":"publish","type":"product","link":"https:\/\/filatelia.cuentista.es\/en\/product\/sello-argentina-2005-virgen-y-el-nino-75cts-nuevo","title":{"rendered":"Sello Argentina 2005 &#8211; Virgen y el Ni\u00f1o- 75cts Nuevo"},"content":{"rendered":"<p>Madonna and Child<\/p>\n<p><img class=\"size-full\"><\/p>\n<p>Pa\u00eds:<\/p>\n<p>Argentina<\/p>\n<p>Serie:<\/p>\n<p>Christmas 2005<\/p>\n<p>C\u00f3digo de cat\u00e1logo:<\/p>\n<p>Michel AR 3004<\/p>\n<p>Stamp Number AR 2354<\/p>\n<p>Yvert et Tellier AR 2556<\/p>\n<p>Stanley Gibbons AR 3126<\/p>\n<p>Gz (Cefiloza) AR 2929<\/p>\n<p>G\u00f6tig and Jalil AR 3475<\/p>\n<p>WADP Numbering System &#8211; WNSAR057.05<\/p>\n<p>Temas:<\/p>\n<p>Historias B\u00edblicas | Navidad | Religi\u00f3n<\/p>\n<p>Fecha emisi\u00f3n:<\/p>\n<p>2005-10-15<\/p>\n<p>Tama\u00f1o:<\/p>\n<p>34 x 44 mm<\/p>\n<p>Colores:<\/p>\n<p>Multicolor<\/p>\n<p>Formato:<\/p>\n<p>Sello<\/p>\n<p>Emisi\u00f3n:<\/p>\n<p>Conmemorativo<\/p>\n<p>Perforaci\u00f3n:<\/p>\n<p>peine13\u00be<\/p>\n<p>Impresi\u00f3n:<\/p>\n<p>Litograf\u00eda offset<\/p>\n<p>Valor facial:<\/p>\n<p>75 \u00a2 &#8211; Centavo Argentino<\/p>\n<p>Tiraje:<\/p>\n<p>800.000<\/p>\n<p>Puntuaci\u00f3n:<\/p>\n<p>55% Precisi\u00f3n: Media<\/p>\n<p>Art\u00edculos relacionados:<\/p>\n<p>Producto Filat\u00e9lico (relacionado): Christmas 2005 (Argentina, Argentina)<\/p>\n<p>Descripci\u00f3n:<\/p>\n<p>By Elena Storni<\/p>\n<p><a href=\"https:\/\/colnect.com\/stamps\/stamp\/293864\">https:\/\/colnect.com\/stamps\/stamp\/293864<\/a><\/p>","protected":false},"excerpt":{"rendered":"<p>Madonna and Child Pa\u00eds: Argentina Serie: Christmas 2005 C\u00f3digo de cat\u00e1logo: Michel AR 3004 Stamp Number AR 2354 Yvert et Tellier AR 2556 Stanley Gibbons AR 3126 Gz (Cefiloza) AR 2929 G\u00f6tig and Jalil AR 3475 WADP Numbering System &#8211; WNSAR057.05 Temas: Historias B\u00edblicas | Navidad | Religi\u00f3n Fecha emisi\u00f3n: 2005-10-15 Tama\u00f1o: 34 x 44 &hellip;<\/p>\n<p class=\"read-more\"> <a class=\"thunk-readmore button\" href=\"https:\/\/filatelia.cuentista.es\/en\/product\/sello-argentina-2005-virgen-y-el-nino-75cts-nuevo\"> <span class=\"screen-reader-text\">Sello Argentina 2005 &#8211; Virgen y el Ni\u00f1o- 75cts Nuevo<\/span>Read More<\/a><\/p>","protected":false},"featured_media":6747,"comment_status":"open","ping_status":"closed","template":"","meta":{"_acf_changed":false},"product_brand":[],"product_cat":[1568,21],"product_tag":[],"class_list":{"0":"post-6748","1":"product","2":"type-product","3":"status-publish","4":"has-post-thumbnail","6":"product_cat-argentina","7":"product_cat-sellos-nuevos","8":"thunk-woo-product-list","9":"opn-qv-enable","10":"open-woo-hover-zoom","11":"open-single-product-tab-horizontal","12":"open-shadow-","13":"open-shadow-hover-","15":"first","16":"instock","17":"shipping-taxable","18":"purchasable","19":"product-type-simple"},"acf":[],"jetpack_sharing_enabled":true,"_links":{"self":[{"href":"https:\/\/filatelia.cuentista.es\/en\/wp-json\/wp\/v2\/product\/6748","targetHints":{"allow":["GET"]}}],"collection":[{"href":"https:\/\/filatelia.cuentista.es\/en\/wp-json\/wp\/v2\/product"}],"about":[{"href":"https:\/\/filatelia.cuentista.es\/en\/wp-json\/wp\/v2\/types\/product"}],"replies":[{"embeddable":true,"href":"https:\/\/filatelia.cuentista.es\/en\/wp-json\/wp\/v2\/comments?post=6748"}],"wp:featuredmedia":[{"embeddable":true,"href":"https:\/\/filatelia.cuentista.es\/en\/wp-json\/wp\/v2\/media\/6747"}],"wp:attachment":[{"href":"https:\/\/filatelia.cuentista.es\/en\/wp-json\/wp\/v2\/media?parent=6748"}],"wp:term":[{"taxonomy":"product_brand","embeddable":true,"href":"https:\/\/filatelia.cuentista.es\/en\/wp-json\/wp\/v2\/product_brand?post=6748"},{"taxonomy":"product_cat","embeddable":true,"href":"https:\/\/filatelia.cuentista.es\/en\/wp-json\/wp\/v2\/product_cat?post=6748"},{"taxonomy":"product_tag","embeddable":true,"href":"https:\/\/filatelia.cuentista.es\/en\/wp-json\/wp\/v2\/product_tag?post=6748"}],"curies":[{"name":"wp","href":"https:\/\/api.w.org\/{rel}","templated":true}]}}