{"id":6746,"date":"2024-11-30T15:28:09","date_gmt":"2024-11-30T15:28:09","guid":{"rendered":"https:\/\/filatelia.cuentista.es\/product\/sello-argentina-1975-dia-de-la-fuerza-aerea-6-pesos-usado"},"modified":"2024-11-30T15:28:13","modified_gmt":"2024-11-30T15:28:13","slug":"sello-argentina-1975-dia-de-la-fuerza-aerea-6-pesos-usado","status":"publish","type":"product","link":"https:\/\/filatelia.cuentista.es\/en\/product\/sello-argentina-1975-dia-de-la-fuerza-aerea-6-pesos-usado","title":{"rendered":"Sello Argentina 1975 &#8211; D\u00eda de la Fuerza A\u00e9rea- 6 Pesos Usado"},"content":{"rendered":"<p>Air Force Day &#8211; Eduardo Bradley (1887-1951)<\/p>\n<p><img class=\"size-full\"><img class=\"size-full\"><\/p>\n<p>Pa\u00eds:<\/p>\n<p>Argentina<\/p>\n<p>Serie:<\/p>\n<p>Air Forces Day &#8211; 1975<\/p>\n<p>C\u00f3digo de cat\u00e1logo:<\/p>\n<p>Michel AR 1238<\/p>\n<p>Stamp Number AR 1073<\/p>\n<p>Yvert et Tellier AR 1020<\/p>\n<p>Stanley Gibbons AR 1478<\/p>\n<p>Gz (Cefiloza) AR 1223<\/p>\n<p>G\u00f6tig and Jalil AR 1698<\/p>\n<p>Tiene variantes menores: 1<\/p>\n<p>Temas:<\/p>\n<p>Aviaci\u00f3n | Aviaci\u00f3n Militar | Globos Aerost\u00e1ticos | Pilotos<\/p>\n<p>Fecha emisi\u00f3n:<\/p>\n<p>1975-09-27<\/p>\n<p>Tama\u00f1o:<\/p>\n<p>34 x 45 mm<\/p>\n<p>Colores:<\/p>\n<p>Multicolor<\/p>\n<p>Marca de agua:<\/p>\n<p>Casa de Moneda de lado a izquierda\/derecha<\/p>\n<p>Dise\u00f1adores:<\/p>\n<p>Eduardo Miliavaca<\/p>\n<p>Impresores\/Imprentas:<\/p>\n<p>Casa de Moneda S.E., Buenos Aires<\/p>\n<p>Formato:<\/p>\n<p>Sello<\/p>\n<p>Emisi\u00f3n:<\/p>\n<p>Conmemorativo<\/p>\n<p>Perforaci\u00f3n:<\/p>\n<p>peine13\u00bd<\/p>\n<p>Impresi\u00f3n:<\/p>\n<p>Litograf\u00eda offset<\/p>\n<p>Papel:<\/p>\n<p>fluorescent FN (strong at font, neutral at back), plain. Without silk threads<\/p>\n<p>Valor facial:<\/p>\n<p>6 $L &#8211; Peso Ley Argentino<\/p>\n<p>Tiraje:<\/p>\n<p>1.000.000<\/p>\n<p><a href=\"https:\/\/colnect.com\/stamps\/stamp\/386430\">https:\/\/colnect.com\/stamps\/stamp\/386430<\/a><\/p>","protected":false},"excerpt":{"rendered":"<p>Air Force Day &#8211; Eduardo Bradley (1887-1951) Pa\u00eds: Argentina Serie: Air Forces Day &#8211; 1975 C\u00f3digo de cat\u00e1logo: Michel AR 1238 Stamp Number AR 1073 Yvert et Tellier AR 1020 Stanley Gibbons AR 1478 Gz (Cefiloza) AR 1223 G\u00f6tig and Jalil AR 1698 Tiene variantes menores: 1 Temas: Aviaci\u00f3n | Aviaci\u00f3n Militar | Globos Aerost\u00e1ticos &hellip;<\/p>\n<p class=\"read-more\"> <a class=\"thunk-readmore button\" href=\"https:\/\/filatelia.cuentista.es\/en\/product\/sello-argentina-1975-dia-de-la-fuerza-aerea-6-pesos-usado\"> <span class=\"screen-reader-text\">Sello Argentina 1975 &#8211; D\u00eda de la Fuerza A\u00e9rea- 6 Pesos Usado<\/span>Read More<\/a><\/p>","protected":false},"featured_media":6745,"comment_status":"open","ping_status":"closed","template":"","meta":{"_acf_changed":false},"product_brand":[],"product_cat":[1568,20],"product_tag":[],"class_list":{"0":"post-6746","1":"product","2":"type-product","3":"status-publish","4":"has-post-thumbnail","6":"product_cat-argentina","7":"product_cat-sellos-usados","8":"thunk-woo-product-list","9":"opn-qv-enable","10":"open-woo-hover-zoom","11":"open-single-product-tab-horizontal","12":"open-shadow-","13":"open-shadow-hover-","15":"first","16":"instock","17":"shipping-taxable","18":"purchasable","19":"product-type-simple"},"acf":[],"jetpack_sharing_enabled":true,"_links":{"self":[{"href":"https:\/\/filatelia.cuentista.es\/en\/wp-json\/wp\/v2\/product\/6746","targetHints":{"allow":["GET"]}}],"collection":[{"href":"https:\/\/filatelia.cuentista.es\/en\/wp-json\/wp\/v2\/product"}],"about":[{"href":"https:\/\/filatelia.cuentista.es\/en\/wp-json\/wp\/v2\/types\/product"}],"replies":[{"embeddable":true,"href":"https:\/\/filatelia.cuentista.es\/en\/wp-json\/wp\/v2\/comments?post=6746"}],"wp:featuredmedia":[{"embeddable":true,"href":"https:\/\/filatelia.cuentista.es\/en\/wp-json\/wp\/v2\/media\/6745"}],"wp:attachment":[{"href":"https:\/\/filatelia.cuentista.es\/en\/wp-json\/wp\/v2\/media?parent=6746"}],"wp:term":[{"taxonomy":"product_brand","embeddable":true,"href":"https:\/\/filatelia.cuentista.es\/en\/wp-json\/wp\/v2\/product_brand?post=6746"},{"taxonomy":"product_cat","embeddable":true,"href":"https:\/\/filatelia.cuentista.es\/en\/wp-json\/wp\/v2\/product_cat?post=6746"},{"taxonomy":"product_tag","embeddable":true,"href":"https:\/\/filatelia.cuentista.es\/en\/wp-json\/wp\/v2\/product_tag?post=6746"}],"curies":[{"name":"wp","href":"https:\/\/api.w.org\/{rel}","templated":true}]}}