{"id":6744,"date":"2024-11-30T15:24:44","date_gmt":"2024-11-30T15:24:44","guid":{"rendered":"https:\/\/filatelia.cuentista.es\/product\/sello-argentina-1980-navidad-700-pesos-usado"},"modified":"2024-11-30T21:29:46","modified_gmt":"2024-11-30T21:29:46","slug":"sello-argentina-1980-navidad-700-pesos-usado","status":"publish","type":"product","link":"https:\/\/filatelia.cuentista.es\/en\/product\/sello-argentina-1980-navidad-700-pesos-usado","title":{"rendered":"Sello Argentina 1980 &#8211; Navidad &#8211; 700 Pesos Usado"},"content":{"rendered":"<p>Christmas &#8211; 250th anniversary of Miracle of Luj\u00e1n<\/p>\n<p><img class=\"size-full\"><\/p>\n<p>Pa\u00eds:<\/p>\n<p>Argentina<\/p>\n<p>Serie:<\/p>\n<p>Christmas 1980<\/p>\n<p>C\u00f3digo de cat\u00e1logo:<\/p>\n<p>Michel AR 1499<\/p>\n<p>Stamp Number AR 1288<\/p>\n<p>Yvert et Tellier AR 1234<\/p>\n<p>Stanley Gibbons AR 1693<\/p>\n<p>Gz (Cefiloza) AR 1500<\/p>\n<p>G\u00f6tig and Jalil AR 1972<\/p>\n<p>Tiene variantes menores: 1<\/p>\n<p>Temas:<\/p>\n<p>Aniversarios y Jubileos | Medallas y Condecoraciones de Honor | Navidad | Religi\u00f3n<\/p>\n<p>Fecha emisi\u00f3n:<\/p>\n<p>1980-11-29<\/p>\n<p>Tama\u00f1o:<\/p>\n<p>34 x 45 mm<\/p>\n<p>Colores:<\/p>\n<p>Gris | Lila<\/p>\n<p>Marca de agua:<\/p>\n<p>Sin Marca de agua<\/p>\n<p>Impresores\/Imprentas:<\/p>\n<p>Casa de Moneda S.E., Buenos Aires<\/p>\n<p>Formato:<\/p>\n<p>Sello<\/p>\n<p>Emisi\u00f3n:<\/p>\n<p>Conmemorativo<\/p>\n<p>Perforaci\u00f3n:<\/p>\n<p>peine13\u00bd<\/p>\n<p>Impresi\u00f3n:<\/p>\n<p>Litograf\u00eda offset<\/p>\n<p>Papel:<\/p>\n<p>fluorescent Ffo (strong at front, weak &amp; dark at back)<\/p>\n<p>Goma:<\/p>\n<p>Ordinaria<\/p>\n<p>Valor facial:<\/p>\n<p>700 $L &#8211; Peso Ley Argentino<\/p>\n<p>Tiraje:<\/p>\n<p>2.000.000<\/p>\n<p><a href=\"https:\/\/colnect.com\/stamps\/stamp\/1310318\">https:\/\/colnect.com\/stamps\/stamp\/1310318<\/a><\/p>","protected":false},"excerpt":{"rendered":"<p>Christmas &#8211; 250th anniversary of Miracle of Luj\u00e1n Pa\u00eds: Argentina Serie: Christmas 1980 C\u00f3digo de cat\u00e1logo: Michel AR 1499 Stamp Number AR 1288 Yvert et Tellier AR 1234 Stanley Gibbons AR 1693 Gz (Cefiloza) AR 1500 G\u00f6tig and Jalil AR 1972 Tiene variantes menores: 1 Temas: Aniversarios y Jubileos | Medallas y Condecoraciones de Honor &hellip;<\/p>\n<p class=\"read-more\"> <a class=\"thunk-readmore button\" href=\"https:\/\/filatelia.cuentista.es\/en\/product\/sello-argentina-1980-navidad-700-pesos-usado\"> <span class=\"screen-reader-text\">Sello Argentina 1980 &#8211; Navidad &#8211; 700 Pesos Usado<\/span>Read More<\/a><\/p>","protected":false},"featured_media":6743,"comment_status":"open","ping_status":"closed","template":"","meta":{"_acf_changed":false},"product_brand":[],"product_cat":[1568,20],"product_tag":[],"class_list":{"0":"post-6744","1":"product","2":"type-product","3":"status-publish","4":"has-post-thumbnail","6":"product_cat-argentina","7":"product_cat-sellos-usados","8":"thunk-woo-product-list","9":"opn-qv-enable","10":"open-woo-hover-zoom","11":"open-single-product-tab-horizontal","12":"open-shadow-","13":"open-shadow-hover-","15":"first","16":"instock","17":"shipping-taxable","18":"purchasable","19":"product-type-simple"},"acf":[],"jetpack_sharing_enabled":true,"_links":{"self":[{"href":"https:\/\/filatelia.cuentista.es\/en\/wp-json\/wp\/v2\/product\/6744","targetHints":{"allow":["GET"]}}],"collection":[{"href":"https:\/\/filatelia.cuentista.es\/en\/wp-json\/wp\/v2\/product"}],"about":[{"href":"https:\/\/filatelia.cuentista.es\/en\/wp-json\/wp\/v2\/types\/product"}],"replies":[{"embeddable":true,"href":"https:\/\/filatelia.cuentista.es\/en\/wp-json\/wp\/v2\/comments?post=6744"}],"wp:featuredmedia":[{"embeddable":true,"href":"https:\/\/filatelia.cuentista.es\/en\/wp-json\/wp\/v2\/media\/6743"}],"wp:attachment":[{"href":"https:\/\/filatelia.cuentista.es\/en\/wp-json\/wp\/v2\/media?parent=6744"}],"wp:term":[{"taxonomy":"product_brand","embeddable":true,"href":"https:\/\/filatelia.cuentista.es\/en\/wp-json\/wp\/v2\/product_brand?post=6744"},{"taxonomy":"product_cat","embeddable":true,"href":"https:\/\/filatelia.cuentista.es\/en\/wp-json\/wp\/v2\/product_cat?post=6744"},{"taxonomy":"product_tag","embeddable":true,"href":"https:\/\/filatelia.cuentista.es\/en\/wp-json\/wp\/v2\/product_tag?post=6744"}],"curies":[{"name":"wp","href":"https:\/\/api.w.org\/{rel}","templated":true}]}}