{"id":6733,"date":"2024-11-24T18:27:23","date_gmt":"2024-11-24T18:27:23","guid":{"rendered":"https:\/\/filatelia.cuentista.es\/product\/sello-argentina-2006-maria-y-paloma-de-alfredo-gutero-75c-nuevo"},"modified":"2024-11-24T18:27:26","modified_gmt":"2024-11-24T18:27:26","slug":"sello-argentina-2006-maria-y-paloma-de-alfredo-gutero-75c-nuevo","status":"publish","type":"product","link":"https:\/\/filatelia.cuentista.es\/en\/product\/sello-argentina-2006-maria-y-paloma-de-alfredo-gutero-75c-nuevo","title":{"rendered":"Sello Argentina 2006 &#8211; Maria y Paloma de Alfredo Gutero &#8211; 75c nuevo"},"content":{"rendered":"<p>Christmas 2006. Paintings by Alfredo Guttero<\/p>\n<p><img class=\"size-full\"><\/p>\n<p>Pa\u00eds:<\/p>\n<p>Argentina<\/p>\n<p>Serie:<\/p>\n<p>Navidad 2006<\/p>\n<p>C\u00f3digo de cat\u00e1logo:<\/p>\n<p>Michel AR 3096<\/p>\n<p>Stamp Number AR 2416<\/p>\n<p>Yvert et Tellier AR 2638<\/p>\n<p>Stanley Gibbons AR 3208<\/p>\n<p>Gz (Cefiloza) AR 3009<\/p>\n<p>G\u00f6tig and Jalil AR 3567<\/p>\n<p>WADP Numbering System &#8211; WNSAR075.06<\/p>\n<p>Temas:<\/p>\n<p>Navidad | Palomas de la Paz | Pinturas | Religi\u00f3n<\/p>\n<p>Fecha emisi\u00f3n:<\/p>\n<p>2006-10-21<\/p>\n<p>Tama\u00f1o:<\/p>\n<p>34 x 44 mm<\/p>\n<p>Colores:<\/p>\n<p>Multicolor<\/p>\n<p>Formato:<\/p>\n<p>Sello<\/p>\n<p>Emisi\u00f3n:<\/p>\n<p>Conmemorativo<\/p>\n<p>Perforaci\u00f3n:<\/p>\n<p>peine13\u00be<\/p>\n<p>Impresi\u00f3n:<\/p>\n<p>Litograf\u00eda offset<\/p>\n<p>Valor facial:<\/p>\n<p>75 \u00a2 &#8211; Centavo Argentino<\/p>\n<p>Tiraje:<\/p>\n<p>100.000<\/p>\n<p>Puntuaci\u00f3n:<\/p>\n<p>49% Precisi\u00f3n: Alta<\/p>\n<p>Descripci\u00f3n:<\/p>\n<p>Madonna and dove<\/p>\n<p><a href=\"https:\/\/colnect.com\/stamps\/stamp\/316898\">https:\/\/colnect.com\/stamps\/stamp\/316898<\/a><\/p>","protected":false},"excerpt":{"rendered":"<p>Christmas 2006. Paintings by Alfredo Guttero Pa\u00eds: Argentina Serie: Navidad 2006 C\u00f3digo de cat\u00e1logo: Michel AR 3096 Stamp Number AR 2416 Yvert et Tellier AR 2638 Stanley Gibbons AR 3208 Gz (Cefiloza) AR 3009 G\u00f6tig and Jalil AR 3567 WADP Numbering System &#8211; WNSAR075.06 Temas: Navidad | Palomas de la Paz | Pinturas | Religi\u00f3n &hellip;<\/p>\n<p class=\"read-more\"> <a class=\"thunk-readmore button\" href=\"https:\/\/filatelia.cuentista.es\/en\/product\/sello-argentina-2006-maria-y-paloma-de-alfredo-gutero-75c-nuevo\"> <span class=\"screen-reader-text\">Sello Argentina 2006 &#8211; Maria y Paloma de Alfredo Gutero &#8211; 75c nuevo<\/span>Read More<\/a><\/p>","protected":false},"featured_media":6732,"comment_status":"open","ping_status":"closed","template":"","meta":{"_acf_changed":false},"product_brand":[],"product_cat":[1568,21],"product_tag":[],"class_list":{"0":"post-6733","1":"product","2":"type-product","3":"status-publish","4":"has-post-thumbnail","6":"product_cat-argentina","7":"product_cat-sellos-nuevos","8":"thunk-woo-product-list","9":"opn-qv-enable","10":"open-woo-hover-zoom","11":"open-single-product-tab-horizontal","12":"open-shadow-","13":"open-shadow-hover-","15":"first","16":"instock","17":"shipping-taxable","18":"purchasable","19":"product-type-simple"},"acf":[],"jetpack_sharing_enabled":true,"_links":{"self":[{"href":"https:\/\/filatelia.cuentista.es\/en\/wp-json\/wp\/v2\/product\/6733","targetHints":{"allow":["GET"]}}],"collection":[{"href":"https:\/\/filatelia.cuentista.es\/en\/wp-json\/wp\/v2\/product"}],"about":[{"href":"https:\/\/filatelia.cuentista.es\/en\/wp-json\/wp\/v2\/types\/product"}],"replies":[{"embeddable":true,"href":"https:\/\/filatelia.cuentista.es\/en\/wp-json\/wp\/v2\/comments?post=6733"}],"wp:featuredmedia":[{"embeddable":true,"href":"https:\/\/filatelia.cuentista.es\/en\/wp-json\/wp\/v2\/media\/6732"}],"wp:attachment":[{"href":"https:\/\/filatelia.cuentista.es\/en\/wp-json\/wp\/v2\/media?parent=6733"}],"wp:term":[{"taxonomy":"product_brand","embeddable":true,"href":"https:\/\/filatelia.cuentista.es\/en\/wp-json\/wp\/v2\/product_brand?post=6733"},{"taxonomy":"product_cat","embeddable":true,"href":"https:\/\/filatelia.cuentista.es\/en\/wp-json\/wp\/v2\/product_cat?post=6733"},{"taxonomy":"product_tag","embeddable":true,"href":"https:\/\/filatelia.cuentista.es\/en\/wp-json\/wp\/v2\/product_tag?post=6733"}],"curies":[{"name":"wp","href":"https:\/\/api.w.org\/{rel}","templated":true}]}}